{"id":10192,"date":"2026-03-31T15:41:48","date_gmt":"2026-03-31T12:41:48","guid":{"rendered":"https:\/\/trf.gov.tr\/?page_id=10192"},"modified":"2026-03-31T15:47:16","modified_gmt":"2026-03-31T12:47:16","slug":"softbol-kural-kitapcigi","status":"publish","type":"page","link":"https:\/\/trf.gov.tr\/?page_id=10192","title":{"rendered":"Softbol Kural Kitap\u00e7\u0131\u011f\u0131"},"content":{"rendered":"\n<div class=\"wp-block-file\"><a id=\"wp-block-file--media-31f5e5fd-198a-4c4c-aab3-d26afabb0226\" href=\"https:\/\/trf.gov.tr\/wp-content\/uploads\/2026\/03\/softbol-kitap-1.pdf\" target=\"_blank\" rel=\"noreferrer noopener\">SOFTBOL KURAL K\u0130TAP\u00c7I\u011eI <br><\/a><a href=\"https:\/\/trf.gov.tr\/wp-content\/uploads\/2026\/03\/softbol-kitap-1.pdf\" class=\"wp-block-file__button wp-element-button\" download aria-describedby=\"wp-block-file--media-31f5e5fd-198a-4c4c-aab3-d26afabb0226\">\u0130ndir<\/a><\/div>\n\n\n\n<p><\/p>\n","protected":false},"excerpt":{"rendered":"","protected":false},"author":1,"featured_media":0,"parent":0,"menu_order":0,"comment_status":"closed","ping_status":"closed","template":"","meta":{"footnotes":""},"class_list":["post-10192","page","type-page","status-publish","hentry"],"wpmagazine_modules_lite_featured_media_urls":{"thumbnail":"","cvmm-medium":"","cvmm-medium-plus":"","cvmm-portrait":"","cvmm-medium-square":"","cvmm-large":"","cvmm-small":"","full":""},"categories_names":null,"comments_number":"0","_links":{"self":[{"href":"https:\/\/trf.gov.tr\/index.php?rest_route=\/wp\/v2\/pages\/10192","targetHints":{"allow":["GET"]}}],"collection":[{"href":"https:\/\/trf.gov.tr\/index.php?rest_route=\/wp\/v2\/pages"}],"about":[{"href":"https:\/\/trf.gov.tr\/index.php?rest_route=\/wp\/v2\/types\/page"}],"author":[{"embeddable":true,"href":"https:\/\/trf.gov.tr\/index.php?rest_route=\/wp\/v2\/users\/1"}],"replies":[{"embeddable":true,"href":"https:\/\/trf.gov.tr\/index.php?rest_route=%2Fwp%2Fv2%2Fcomments&post=10192"}],"version-history":[{"count":2,"href":"https:\/\/trf.gov.tr\/index.php?rest_route=\/wp\/v2\/pages\/10192\/revisions"}],"predecessor-version":[{"id":10202,"href":"https:\/\/trf.gov.tr\/index.php?rest_route=\/wp\/v2\/pages\/10192\/revisions\/10202"}],"wp:attachment":[{"href":"https:\/\/trf.gov.tr\/index.php?rest_route=%2Fwp%2Fv2%2Fmedia&parent=10192"}],"curies":[{"name":"wp","href":"https:\/\/api.w.org\/{rel}","templated":true}]}}