{"id":1071,"date":"2023-11-06T13:57:34","date_gmt":"2023-11-06T10:57:34","guid":{"rendered":"https:\/\/trf.gov.tr\/?page_id=1071"},"modified":"2025-02-28T21:36:02","modified_gmt":"2025-02-28T18:36:02","slug":"bayrak-futbolu-flag","status":"publish","type":"page","link":"https:\/\/trf.gov.tr\/?page_id=1071","title":{"rendered":"BAYRAK(FLAG) FUTBOL KURAL K\u0130TABI"},"content":{"rendered":"\n<div data-wp-interactive=\"core\/file\" class=\"wp-block-file\"><object data-wp-bind--hidden=\"!state.hasPdfPreview\" hidden class=\"wp-block-file__embed\" data=\"https:\/\/trf.gov.tr\/wp-content\/uploads\/2025\/02\/Flag_kural_kitabi.pdf\" type=\"application\/pdf\" style=\"width:100%;height:1024px\" aria-label=\"Flag_kural_kitab\u0131 g\u00f6m\u00fcs\u00fc.\"><\/object><a id=\"wp-block-file--media-fef30558-32b5-4c18-ac9e-019cd0c9b218\" href=\"https:\/\/trf.gov.tr\/wp-content\/uploads\/2025\/02\/Flag_kural_kitabi.pdf\">Flag_kural_kitab\u0131<\/a><a href=\"https:\/\/trf.gov.tr\/wp-content\/uploads\/2025\/02\/Flag_kural_kitabi.pdf\" class=\"wp-block-file__button wp-element-button\" download aria-describedby=\"wp-block-file--media-fef30558-32b5-4c18-ac9e-019cd0c9b218\">\u0130ndir<\/a><\/div>\n","protected":false},"excerpt":{"rendered":"","protected":false},"author":1,"featured_media":0,"parent":0,"menu_order":0,"comment_status":"closed","ping_status":"closed","template":"","meta":{"footnotes":""},"class_list":["post-1071","page","type-page","status-publish","hentry"],"wpmagazine_modules_lite_featured_media_urls":{"thumbnail":"","cvmm-medium":"","cvmm-medium-plus":"","cvmm-portrait":"","cvmm-medium-square":"","cvmm-large":"","cvmm-small":"","full":""},"categories_names":null,"comments_number":"0","_links":{"self":[{"href":"https:\/\/trf.gov.tr\/index.php?rest_route=\/wp\/v2\/pages\/1071","targetHints":{"allow":["GET"]}}],"collection":[{"href":"https:\/\/trf.gov.tr\/index.php?rest_route=\/wp\/v2\/pages"}],"about":[{"href":"https:\/\/trf.gov.tr\/index.php?rest_route=\/wp\/v2\/types\/page"}],"author":[{"embeddable":true,"href":"https:\/\/trf.gov.tr\/index.php?rest_route=\/wp\/v2\/users\/1"}],"replies":[{"embeddable":true,"href":"https:\/\/trf.gov.tr\/index.php?rest_route=%2Fwp%2Fv2%2Fcomments&post=1071"}],"version-history":[{"count":10,"href":"https:\/\/trf.gov.tr\/index.php?rest_route=\/wp\/v2\/pages\/1071\/revisions"}],"predecessor-version":[{"id":7561,"href":"https:\/\/trf.gov.tr\/index.php?rest_route=\/wp\/v2\/pages\/1071\/revisions\/7561"}],"wp:attachment":[{"href":"https:\/\/trf.gov.tr\/index.php?rest_route=%2Fwp%2Fv2%2Fmedia&parent=1071"}],"curies":[{"name":"wp","href":"https:\/\/api.w.org\/{rel}","templated":true}]}}