{"id":1165,"date":"2023-11-07T13:48:56","date_gmt":"2023-11-07T10:48:56","guid":{"rendered":"https:\/\/trf.gov.tr\/?page_id=1165"},"modified":"2023-11-07T13:53:34","modified_gmt":"2023-11-07T10:53:34","slug":"ragbi-topu-ve-sahasi","status":"publish","type":"page","link":"https:\/\/trf.gov.tr\/?page_id=1165","title":{"rendered":"RAGB\u0130 TOPU ve SAHASI"},"content":{"rendered":"\n<p>Ragbi topunun b\u00fcy\u00fckl\u00fc\u011f\u00fc ve \u015fekli 1890\u2019lar\u0131n sonuna kadar tam anlam\u0131yla belli de\u011fildi. 1892\u2019de ragbi&nbsp;topunun boyutlar\u0131 ; uzunlamas\u0131na \u00e7evresi 75 cm civar\u0131 ,enlemesine \u00e7evresi 60cm civar\u0131nda bir boyutta tutulmaktayd\u0131. Ortalama 2,2km a\u011f\u0131rl\u0131\u011f\u0131ndad\u0131r.<\/p>\n\n\n<div class=\"wp-block-image\">\n<figure class=\"aligncenter size-full is-resized\"><img fetchpriority=\"high\" decoding=\"async\" width=\"516\" height=\"313\" src=\"https:\/\/trf.gov.tr\/wp-content\/uploads\/2023\/11\/ball-size-en.jpg\" alt=\"\" class=\"wp-image-1168\" style=\"aspect-ratio:1.648562300319489;object-fit:cover;width:886px;height:auto\" srcset=\"https:\/\/trf.gov.tr\/wp-content\/uploads\/2023\/11\/ball-size-en.jpg 516w, https:\/\/trf.gov.tr\/wp-content\/uploads\/2023\/11\/ball-size-en-300x182.jpg 300w\" sizes=\"(max-width: 516px) 100vw, 516px\" \/><\/figure>\n<\/div>\n\n\n<p>1931 y\u0131l\u0131nda International Ragbi&nbsp;Board (IRB) g\u00fcn\u00fcm\u00fczde hala ge\u00e7erli olan ve g\u00fcn\u00fcm\u00fczdeki ragbi toplar\u0131n\u0131n standart\u0131n\u0131 belirleyen 2 adet kural yay\u0131nlad\u0131;<\/p>\n\n\n\n<p>1- Oval \u015feklinde ve d\u00f6rt panelden olu\u015fmal\u0131d\u0131r. Yanlamas\u0131na \u00e7evresi 580-620mm , uzunlamas\u0131na \u00e7evresi 740-770mm ve bir u\u00e7tan bir uca boyu 280-300mm.<\/p>\n\n\n\n<p>2- Deri veya uygun sentetik malzemeden yap\u0131lm\u0131\u015f olmal\u0131d\u0131r. Tutmas\u0131 ve kavramas\u0131 kolay, su ge\u00e7irmez bir yap\u0131da olmal\u0131d\u0131r. 460 gramdan daha a\u011f\u0131r ve 410 gramdan daha hafif olamaz. Topun hava bas\u0131nc\u0131 65.71 ile 68.75 kilopascal yada 0.67 ile 0.70 kg\/cm<sup>2<\/sup>&nbsp;bas\u0131n\u00e7ta olmal\u0131d\u0131r.<\/p>\n\n\n\n<p>Baz\u0131 \u00f6zel turnuvalar ve gen\u00e7 oyuncular aras\u0131nda oynanan musabakalarda ayn\u0131 standartlarda fakat boyut olarak daha k\u00fc\u00e7\u00fck toplar da kullan\u0131lmaktad\u0131r. Global olarak rugby toplar\u0131n\u0131n en b\u00fcy\u00fck tedarik\u00e7isi gilbert firmas\u0131d\u0131r ve ayn\u0131 zamanda 2007 ragbi d\u00fcnya kupas\u0131n\u0131n resmi top tedarik\u00e7isi olmu\u015ftur.<\/p>\n\n\n<div class=\"wp-block-image\">\n<figure class=\"aligncenter size-full is-resized\"><img decoding=\"async\" width=\"1000\" height=\"1000\" src=\"https:\/\/trf.gov.tr\/wp-content\/uploads\/2023\/11\/lions-official-training-ball-16-17-size-5-p448-1355_image.png\" alt=\"\" class=\"wp-image-1173\" style=\"aspect-ratio:1;width:402px;height:auto\" srcset=\"https:\/\/trf.gov.tr\/wp-content\/uploads\/2023\/11\/lions-official-training-ball-16-17-size-5-p448-1355_image.png 1000w, https:\/\/trf.gov.tr\/wp-content\/uploads\/2023\/11\/lions-official-training-ball-16-17-size-5-p448-1355_image-300x300.png 300w, https:\/\/trf.gov.tr\/wp-content\/uploads\/2023\/11\/lions-official-training-ball-16-17-size-5-p448-1355_image-150x150.png 150w, https:\/\/trf.gov.tr\/wp-content\/uploads\/2023\/11\/lions-official-training-ball-16-17-size-5-p448-1355_image-768x768.png 768w\" sizes=\"(max-width: 1000px) 100vw, 1000px\" \/><\/figure>\n<\/div>\n\n\n<p>&nbsp;<strong>RAGB\u0130 SAHASI ve \u00d6L\u00c7\u00dcLER\u0130&nbsp;<\/strong><\/p>\n\n\n\n<p>Ragbi oyununda en \u00f6nemli unsurlardan biri sahad\u0131r. Sahan\u0131n boyutlar\u0131 kadar \u00e7imlerin s\u0131kl\u0131\u011f\u0131 ve sahada kel nokta<br>kalmamas\u0131 \u00e7ok \u00f6nemlidir.<\/p>\n\n\n\n<p>Ragbi oyuncular\u0131n\u0131n daha yumu\u015fak bir d\u00fc\u015f\u00fc\u015f ya\u015fayabilmesi i\u00e7in rugby sahas\u0131 ma\u00e7tanbirka\u00e7 saat \u00f6nce \u0131slat\u0131l\u0131r, \u00e7imlerin ve topra\u011f\u0131n yumu\u015famas\u0131 sa\u011flan\u0131r.<\/p>\n\n\n\n<p>Ragbi sahas\u0131n\u0131n boyutlar\u0131; uzunlu\u011fu 100 metreyi ge\u00e7meyecek, geni\u015fli\u011fi 70 metreyi ge\u00e7meyecek \u015fekilde olmal\u0131d\u0131r.<\/p>\n\n\n\n<p>Ragbi\u2019de kale boyutlar\u0131 5.6 metre geni\u015fli\u011finde, 3 metre y\u00fcksekli\u011findededir. Kalenin yan taraflar\u0131nda bulunan ve H \u015feklini olu\u015fturan direkler ise 3.4 metreden b\u00fcy\u00fck olmal\u0131d\u0131r. Bu direklerin aras\u0131ndan ve orta dire\u011fin \u00fcst\u00fcnden ge\u00e7en at\u0131\u015flar say\u0131 olarak kabul edilir. Say\u0131 (try) yap\u0131ld\u0131ktan sonra 2 say\u0131l\u0131k conversion at\u0131\u015f\u0131 da rugby kale direkleri aras\u0131ndan yap\u0131l\u0131r.<\/p>\n\n\n\n<p>Try alan\u0131 saha boyutlar\u0131 dahilinde de\u011fildir. Oyuncular\u0131n topu yere rahat\u00e7a koyabilmeleri, h\u0131zland\u0131klar\u0131nda durabilmeleri ve sakatlanmalar\u0131n \u00f6nlenmesi i\u00e7in try alan\u0131 en az 10 metre uzunlu\u011funda olmal\u0131d\u0131r.<\/p>\n\n\n\n<p>Ragbi\u2019de ta\u00e7 at\u0131\u015flar\u0131 topun \u00e7\u0131kt\u0131\u011f\u0131 yerden ta\u00e7 \u00e7izgisinden kullan\u0131l\u0131r. Ta\u00e7 at\u0131\u015f\u0131n\u0131n yap\u0131ld\u0131\u011f\u0131 nokta hizas\u0131ndan 5 metre ile 15 metre kesik \u00e7izgileri aras\u0131nda topu yakalamaya \u00e7al\u0131\u015fan oyuncular yer al\u0131r.<\/p>\n\n\n\n<p>Saha ortas\u0131ndaki \u00e7izgiye her iki yanda 10 metre uzakl\u0131kta bulunan kesik \u00e7izgi orta noktadan ma\u00e7\u0131 ba\u015flatan top at\u0131\u015f\u0131 yap\u0131ld\u0131\u011f\u0131nda kar\u015f\u0131 tak\u0131m\u0131n 10 metre uzakl\u0131kta olmas\u0131n\u0131n tespiti ve topun 10 metreyi ge\u00e7mesinin anla\u015f\u0131lmas\u0131 i\u00e7in \u00e7izilmektedir.<\/p>\n\n\n<div class=\"wp-block-image\">\n<figure class=\"aligncenter size-large\"><img decoding=\"async\" width=\"1024\" height=\"791\" src=\"https:\/\/trf.gov.tr\/wp-content\/uploads\/2023\/11\/Technical-Zones-Diagram-rugby-field-1024x791.png\" alt=\"\" class=\"wp-image-1169\" srcset=\"https:\/\/trf.gov.tr\/wp-content\/uploads\/2023\/11\/Technical-Zones-Diagram-rugby-field-1024x791.png 1024w, https:\/\/trf.gov.tr\/wp-content\/uploads\/2023\/11\/Technical-Zones-Diagram-rugby-field-300x232.png 300w, https:\/\/trf.gov.tr\/wp-content\/uploads\/2023\/11\/Technical-Zones-Diagram-rugby-field-768x593.png 768w, https:\/\/trf.gov.tr\/wp-content\/uploads\/2023\/11\/Technical-Zones-Diagram-rugby-field-1536x1187.png 1536w, https:\/\/trf.gov.tr\/wp-content\/uploads\/2023\/11\/Technical-Zones-Diagram-rugby-field-2048x1583.png 2048w\" sizes=\"(max-width: 1024px) 100vw, 1024px\" \/><\/figure>\n<\/div>\n\n\n<p><strong>RAGB\u0130 KALES\u0130<\/strong><\/p>\n\n\n\n<p>Try b\u00f6lgelerinden 5 metre i\u00e7 k\u0131s\u0131mda bulunan kesik \u00e7izgi ise say\u0131 (try) b\u00f6lgesine \u00e7ok yak\u0131n bir pozisyonda ileri pas veya farkl\u0131 bir durum olu\u015ftu\u011funda 5 metrede scrum kurabilmek i\u00e7in \u00e7izilmi\u015ftir. Bu kural savunma tak\u0131m\u0131n\u0131 korumakla birlikte yak\u0131n bir durumda say\u0131 yap\u0131lmas\u0131n\u0131 da zorla\u015ft\u0131rmaktad\u0131r.<\/p>\n\n\n<div class=\"wp-block-image\">\n<figure class=\"aligncenter size-full\"><img loading=\"lazy\" decoding=\"async\" width=\"852\" height=\"480\" src=\"https:\/\/trf.gov.tr\/wp-content\/uploads\/2023\/11\/1.jpg\" alt=\"\" class=\"wp-image-1170\" srcset=\"https:\/\/trf.gov.tr\/wp-content\/uploads\/2023\/11\/1.jpg 852w, https:\/\/trf.gov.tr\/wp-content\/uploads\/2023\/11\/1-300x169.jpg 300w, https:\/\/trf.gov.tr\/wp-content\/uploads\/2023\/11\/1-768x433.jpg 768w\" sizes=\"(max-width: 852px) 100vw, 852px\" \/><\/figure>\n<\/div>\n\n\n<p>Kaynak:&nbsp;www.rugbyturk.com<\/p>\n\n\n\n<p>T\u00fcrkiye Ragbi Federasyonu<br><a href=\"https:\/\/ragbi.gov.tr\/\" target=\"_blank\" rel=\"noreferrer noopener\">www.trf.gov.tr<\/a><\/p>\n","protected":false},"excerpt":{"rendered":"<p>Ragbi topunun b\u00fcy\u00fckl\u00fc\u011f\u00fc ve \u015fekli 1890\u2019lar\u0131n sonuna kadar tam anlam\u0131yla belli de\u011fildi. 1892\u2019de ragbi&nbsp;topunun boyutlar\u0131 ; uzunlamas\u0131na \u00e7evresi 75 cm<\/p>\n","protected":false},"author":1,"featured_media":1166,"parent":0,"menu_order":0,"comment_status":"closed","ping_status":"closed","template":"","meta":{"footnotes":""},"class_list":["post-1165","page","type-page","status-publish","has-post-thumbnail","hentry"],"wpmagazine_modules_lite_featured_media_urls":{"thumbnail":["https:\/\/trf.gov.tr\/wp-content\/uploads\/2023\/11\/rag-02-150x150.jpg",150,150,true],"cvmm-medium":["https:\/\/trf.gov.tr\/wp-content\/uploads\/2023\/11\/rag-02.jpg",300,132,false],"cvmm-medium-plus":["https:\/\/trf.gov.tr\/wp-content\/uploads\/2023\/11\/rag-02.jpg",305,134,false],"cvmm-portrait":["https:\/\/trf.gov.tr\/wp-content\/uploads\/2023\/11\/rag-02.jpg",400,175,false],"cvmm-medium-square":["https:\/\/trf.gov.tr\/wp-content\/uploads\/2023\/11\/rag-02.jpg",600,263,false],"cvmm-large":["https:\/\/trf.gov.tr\/wp-content\/uploads\/2023\/11\/rag-02.jpg",1024,449,false],"cvmm-small":["https:\/\/trf.gov.tr\/wp-content\/uploads\/2023\/11\/rag-02.jpg",130,57,false],"full":["https:\/\/trf.gov.tr\/wp-content\/uploads\/2023\/11\/rag-02.jpg",1500,658,false]},"categories_names":null,"comments_number":"0","_links":{"self":[{"href":"https:\/\/trf.gov.tr\/index.php?rest_route=\/wp\/v2\/pages\/1165","targetHints":{"allow":["GET"]}}],"collection":[{"href":"https:\/\/trf.gov.tr\/index.php?rest_route=\/wp\/v2\/pages"}],"about":[{"href":"https:\/\/trf.gov.tr\/index.php?rest_route=\/wp\/v2\/types\/page"}],"author":[{"embeddable":true,"href":"https:\/\/trf.gov.tr\/index.php?rest_route=\/wp\/v2\/users\/1"}],"replies":[{"embeddable":true,"href":"https:\/\/trf.gov.tr\/index.php?rest_route=%2Fwp%2Fv2%2Fcomments&post=1165"}],"version-history":[{"count":4,"href":"https:\/\/trf.gov.tr\/index.php?rest_route=\/wp\/v2\/pages\/1165\/revisions"}],"predecessor-version":[{"id":1176,"href":"https:\/\/trf.gov.tr\/index.php?rest_route=\/wp\/v2\/pages\/1165\/revisions\/1176"}],"wp:featuredmedia":[{"embeddable":true,"href":"https:\/\/trf.gov.tr\/index.php?rest_route=\/wp\/v2\/media\/1166"}],"wp:attachment":[{"href":"https:\/\/trf.gov.tr\/index.php?rest_route=%2Fwp%2Fv2%2Fmedia&parent=1165"}],"curies":[{"name":"wp","href":"https:\/\/api.w.org\/{rel}","templated":true}]}}