{"id":1185,"date":"2023-11-07T14:01:41","date_gmt":"2023-11-07T11:01:41","guid":{"rendered":"https:\/\/trf.gov.tr\/?page_id=1185"},"modified":"2023-11-07T14:01:43","modified_gmt":"2023-11-07T11:01:43","slug":"ragbi-union-15li","status":"publish","type":"page","link":"https:\/\/trf.gov.tr\/?page_id=1185","title":{"rendered":"RAGB\u0130 UNION (15&#8217;L\u0130)"},"content":{"rendered":"\n<p>\u0130ki tak\u0131m aras\u0131nda 40 dakikal\u0131k 2 yar\u0131 olarak toplamda 80dk oynan\u0131r. Hakeme ba\u011fl\u0131 olarak genellikle 10 dakika devre aras\u0131 uygulan\u0131r. Ma\u00e7 sonunda uzatma oynanmaz,&nbsp; hakem oyun durdu\u011funda saatini de durdurur.&nbsp; Uluslaras\u0131 ragbi&nbsp;&nbsp;turnuvalar\u0131nda en fazla 7 tane oyuncu de\u011fi\u015ftirme hakk\u0131 vard\u0131r.<\/p>\n\n\n\n<p>Oyunun amac\u0131 rakip say\u0131 \u00e7izgisine kadar topu ta\u015f\u0131makt\u0131r. Oyunda ilerideki tak\u0131m arkada\u015f\u0131n\u0131za pas vermek yasakt\u0131r, bu nedenle topu elinizden \u00f6ne do\u011fru d\u00fc\u015f\u00fcrmeniz de ileriye pas olarak say\u0131l\u0131r. Top rakip say\u0131 \u00e7izgisini ge\u00e7ti\u011finde topu yere g\u00fc\u00e7 uygulayarak sabit olarak b\u0131rakmak gerekir. Say\u0131 yapmak \u00fczereyken elinizden d\u00fc\u015f\u00fcrd\u00fc\u011f\u00fcn\u00fcz top yada yere do\u011fru b\u0131rakt\u0131\u011f\u0131n\u0131z top say\u0131 olarak say\u0131lmaz.<\/p>\n\n\n\n<p>Oyunda \u201ctry\u201d yani say\u0131 yapmak 5 puand\u0131r. Say\u0131 yap\u0131ld\u0131ktan sonra \u201cconversion\u201d denilen topa ayakla vurarak H \u015feklindeki kale direklerinin \u00fcst bo\u015flu\u011fundan ge\u00e7irme at\u0131\u015f\u0131 yap\u0131l\u0131r. conversion ba\u015far\u0131l\u0131 olursa 2 puan olarak say\u0131l\u0131r. \u00d6zetlemek gerekirse; ba\u015far\u0131l\u0131 bir atakta try yap\u0131ld\u0131ktan sonra conversion isabetli olursa tak\u0131ma 7 puan kazand\u0131r\u0131r.<\/p>\n\n\n\n<p>Bir sayfada \u201crugby union\u201d kurallar\u0131n\u0131n tamam\u0131n\u0131n anlat\u0131lmas\u0131 zor oldu\u011fundan \u00f6zet olarak genel kurallardan birka\u00e7\u0131na de\u011finelim:<\/p>\n\n\n\n<ul class=\"wp-block-list\">\n<li>Hakeme yap\u0131lacak herhangi bir itiraz veya hakemle yap\u0131lacak bir laf m\u00fcnaka\u015fas\u0131 oyundan uzakla\u015ft\u0131rma sebebidir.<\/li>\n\n\n\n<li>Oyun esnas\u0131nda oyun alan\u0131ndan d\u0131\u015far\u0131 \u00e7\u0131kan top \u201cline out\u201d olarak adland\u0131r\u0131l\u0131r. Line out at\u0131\u015f\u0131n\u0131 di\u011fer tak\u0131m kullan\u0131r.<\/li>\n\n\n\n<li>Boyun ve yukar\u0131s\u0131na mudahale, tekme,yumruk ve rakibi sakatlamaya y\u00f6nelik kasti hareketler oyundan uzakla\u015ft\u0131r\u0131lma sebebidir.<\/li>\n\n\n\n<li>Top elindeyken yere d\u00fc\u015fen yada d\u00fc\u015f\u00fcr\u00fclen ki\u015fi 2 dizi yere de\u011fdi\u011fi anda topu biran \u00f6nce elinden b\u0131rakmak zorundad\u0131r.<\/li>\n\n\n\n<li>Scrum pozisyonunu kasti olarak bozan ki\u015fi oyundan uzakla\u015ft\u0131r\u0131l\u0131r.<\/li>\n\n\n\n<li>Rugby sahas\u0131 maksimum 100mt uzunlu\u011funda ve 70mt geni\u015fli\u011finde olmak zorundad\u0131r.<\/li>\n\n\n\n<li>Genellikle 3 hakemden olu\u015fur (yan hakemler ve orta hakem), fakat uluslararas\u0131 turnuvalarda herhangi bir yanl\u0131\u015f karara mahal vermemek i\u00e7in video hakemi mevcuttur. Video hakemi gerekti\u011finde g\u00f6r\u00fcnt\u00fcleri tekrar izleyerek telsizden hakeme bilgi verir.<\/li>\n<\/ul>\n\n\n\n<p>Kaynak:&nbsp;www.rugbyturk.com<\/p>\n\n\n\n<p>T\u00fcrkiye Ragbi Federasyonu<br><a href=\"https:\/\/ragbi.gov.tr\/\" target=\"_blank\" rel=\"noreferrer noopener\">www.trf.gov.tr<\/a><\/p>\n","protected":false},"excerpt":{"rendered":"<p>\u0130ki tak\u0131m aras\u0131nda 40 dakikal\u0131k 2 yar\u0131 olarak toplamda 80dk oynan\u0131r. Hakeme ba\u011fl\u0131 olarak genellikle 10 dakika devre aras\u0131 uygulan\u0131r.<\/p>\n","protected":false},"author":1,"featured_media":1186,"parent":0,"menu_order":0,"comment_status":"closed","ping_status":"closed","template":"","meta":{"footnotes":""},"class_list":["post-1185","page","type-page","status-publish","has-post-thumbnail","hentry"],"wpmagazine_modules_lite_featured_media_urls":{"thumbnail":["https:\/\/trf.gov.tr\/wp-content\/uploads\/2023\/11\/15-150x150.jpg",150,150,true],"cvmm-medium":["https:\/\/trf.gov.tr\/wp-content\/uploads\/2023\/11\/15.jpg",300,132,false],"cvmm-medium-plus":["https:\/\/trf.gov.tr\/wp-content\/uploads\/2023\/11\/15.jpg",305,134,false],"cvmm-portrait":["https:\/\/trf.gov.tr\/wp-content\/uploads\/2023\/11\/15.jpg",400,175,false],"cvmm-medium-square":["https:\/\/trf.gov.tr\/wp-content\/uploads\/2023\/11\/15.jpg",600,263,false],"cvmm-large":["https:\/\/trf.gov.tr\/wp-content\/uploads\/2023\/11\/15.jpg",1024,449,false],"cvmm-small":["https:\/\/trf.gov.tr\/wp-content\/uploads\/2023\/11\/15.jpg",130,57,false],"full":["https:\/\/trf.gov.tr\/wp-content\/uploads\/2023\/11\/15.jpg",1500,658,false]},"categories_names":null,"comments_number":"0","_links":{"self":[{"href":"https:\/\/trf.gov.tr\/index.php?rest_route=\/wp\/v2\/pages\/1185","targetHints":{"allow":["GET"]}}],"collection":[{"href":"https:\/\/trf.gov.tr\/index.php?rest_route=\/wp\/v2\/pages"}],"about":[{"href":"https:\/\/trf.gov.tr\/index.php?rest_route=\/wp\/v2\/types\/page"}],"author":[{"embeddable":true,"href":"https:\/\/trf.gov.tr\/index.php?rest_route=\/wp\/v2\/users\/1"}],"replies":[{"embeddable":true,"href":"https:\/\/trf.gov.tr\/index.php?rest_route=%2Fwp%2Fv2%2Fcomments&post=1185"}],"version-history":[{"count":1,"href":"https:\/\/trf.gov.tr\/index.php?rest_route=\/wp\/v2\/pages\/1185\/revisions"}],"predecessor-version":[{"id":1187,"href":"https:\/\/trf.gov.tr\/index.php?rest_route=\/wp\/v2\/pages\/1185\/revisions\/1187"}],"wp:featuredmedia":[{"embeddable":true,"href":"https:\/\/trf.gov.tr\/index.php?rest_route=\/wp\/v2\/media\/1186"}],"wp:attachment":[{"href":"https:\/\/trf.gov.tr\/index.php?rest_route=%2Fwp%2Fv2%2Fmedia&parent=1185"}],"curies":[{"name":"wp","href":"https:\/\/api.w.org\/{rel}","templated":true}]}}