{"id":1195,"date":"2023-11-07T14:15:08","date_gmt":"2023-11-07T11:15:08","guid":{"rendered":"https:\/\/trf.gov.tr\/?page_id=1195"},"modified":"2023-11-07T14:15:09","modified_gmt":"2023-11-07T11:15:09","slug":"softbol-nasil-oynanir","status":"publish","type":"page","link":"https:\/\/trf.gov.tr\/?page_id=1195","title":{"rendered":"SOFTBOL NASIL OYNANIR ?"},"content":{"rendered":"\n<p>Bu b\u00f6l\u00fcm haz\u0131rlanmaktad\u0131r.<\/p>\n\n\n\n<figure class=\"wp-block-embed is-type-rich is-provider-gomme-tutucu wp-block-embed-gomme-tutucu wp-embed-aspect-16-9 wp-has-aspect-ratio\"><div class=\"wp-block-embed__wrapper\">\n<iframe title=\"SOFTBOL NED\u0130R? NASIL OYNANIR ?\" width=\"640\" height=\"360\" src=\"https:\/\/www.youtube.com\/embed\/B28Di7GxhdA?feature=oembed\" frameborder=\"0\" allow=\"accelerometer; autoplay; clipboard-write; encrypted-media; gyroscope; picture-in-picture; web-share\" referrerpolicy=\"strict-origin-when-cross-origin\" allowfullscreen><\/iframe>\n<\/div><\/figure>\n\n\n\n<p>T\u00fcrkiye Ragbi Federasyonu<br><a href=\"https:\/\/softbol.gov.tr\/\" target=\"_blank\" rel=\"noreferrer noopener\">www.trf.gov.tr<\/a><\/p>\n","protected":false},"excerpt":{"rendered":"<p>Bu b\u00f6l\u00fcm haz\u0131rlanmaktad\u0131r. T\u00fcrkiye Ragbi Federasyonuwww.trf.gov.tr<\/p>\n","protected":false},"author":1,"featured_media":1196,"parent":0,"menu_order":0,"comment_status":"closed","ping_status":"closed","template":"","meta":{"footnotes":""},"class_list":["post-1195","page","type-page","status-publish","has-post-thumbnail","hentry"],"wpmagazine_modules_lite_featured_media_urls":{"thumbnail":["https:\/\/trf.gov.tr\/wp-content\/uploads\/2023\/11\/soft-5_2-150x150.jpg",150,150,true],"cvmm-medium":["https:\/\/trf.gov.tr\/wp-content\/uploads\/2023\/11\/soft-5_2.jpg",300,132,false],"cvmm-medium-plus":["https:\/\/trf.gov.tr\/wp-content\/uploads\/2023\/11\/soft-5_2.jpg",305,134,false],"cvmm-portrait":["https:\/\/trf.gov.tr\/wp-content\/uploads\/2023\/11\/soft-5_2.jpg",400,175,false],"cvmm-medium-square":["https:\/\/trf.gov.tr\/wp-content\/uploads\/2023\/11\/soft-5_2.jpg",600,263,false],"cvmm-large":["https:\/\/trf.gov.tr\/wp-content\/uploads\/2023\/11\/soft-5_2.jpg",1024,449,false],"cvmm-small":["https:\/\/trf.gov.tr\/wp-content\/uploads\/2023\/11\/soft-5_2.jpg",130,57,false],"full":["https:\/\/trf.gov.tr\/wp-content\/uploads\/2023\/11\/soft-5_2.jpg",1500,658,false]},"categories_names":null,"comments_number":"0","_links":{"self":[{"href":"https:\/\/trf.gov.tr\/index.php?rest_route=\/wp\/v2\/pages\/1195","targetHints":{"allow":["GET"]}}],"collection":[{"href":"https:\/\/trf.gov.tr\/index.php?rest_route=\/wp\/v2\/pages"}],"about":[{"href":"https:\/\/trf.gov.tr\/index.php?rest_route=\/wp\/v2\/types\/page"}],"author":[{"embeddable":true,"href":"https:\/\/trf.gov.tr\/index.php?rest_route=\/wp\/v2\/users\/1"}],"replies":[{"embeddable":true,"href":"https:\/\/trf.gov.tr\/index.php?rest_route=%2Fwp%2Fv2%2Fcomments&post=1195"}],"version-history":[{"count":1,"href":"https:\/\/trf.gov.tr\/index.php?rest_route=\/wp\/v2\/pages\/1195\/revisions"}],"predecessor-version":[{"id":1198,"href":"https:\/\/trf.gov.tr\/index.php?rest_route=\/wp\/v2\/pages\/1195\/revisions\/1198"}],"wp:featuredmedia":[{"embeddable":true,"href":"https:\/\/trf.gov.tr\/index.php?rest_route=\/wp\/v2\/media\/1196"}],"wp:attachment":[{"href":"https:\/\/trf.gov.tr\/index.php?rest_route=%2Fwp%2Fv2%2Fmedia&parent=1195"}],"curies":[{"name":"wp","href":"https:\/\/api.w.org\/{rel}","templated":true}]}}