{"id":1367,"date":"2023-11-10T14:21:52","date_gmt":"2023-11-10T11:21:52","guid":{"rendered":"https:\/\/trf.gov.tr\/?page_id=1367"},"modified":"2025-09-16T16:28:07","modified_gmt":"2025-09-16T13:28:07","slug":"ragbi-ligleri","status":"publish","type":"page","link":"https:\/\/trf.gov.tr\/?page_id=1367","title":{"rendered":"Ragbi Ligleri ve \u015eampiyonalar\u0131"},"content":{"rendered":"\t\t<div data-elementor-type=\"wp-page\" data-elementor-id=\"1367\" class=\"elementor elementor-1367\">\n\t\t\t\t<div class=\"elementor-element elementor-element-3c201ff e-flex e-con-boxed e-con e-parent\" data-id=\"3c201ff\" data-element_type=\"container\" data-e-type=\"container\">\n\t\t\t\t\t<div class=\"e-con-inner\">\n\t\t<div class=\"elementor-element elementor-element-3317962 e-con-full e-flex e-con e-child\" data-id=\"3317962\" data-element_type=\"container\" data-e-type=\"container\">\n\t\t<div class=\"elementor-element elementor-element-b0f54a9 e-con-full e-flex e-con e-child\" data-id=\"b0f54a9\" data-element_type=\"container\" data-e-type=\"container\">\n\t\t\t\t<div class=\"elementor-element elementor-element-1b4f151 elementor-widget elementor-widget-heading\" data-id=\"1b4f151\" data-element_type=\"widget\" data-e-type=\"widget\" data-widget_type=\"heading.default\">\n\t\t\t\t<div class=\"elementor-widget-container\">\n\t\t\t\t\t<h2 class=\"elementor-heading-title elementor-size-default\">2025<\/h2>\t\t\t\t<\/div>\n\t\t\t\t<\/div>\n\t\t\t\t<\/div>\n\t\t\t\t<div class=\"elementor-element elementor-element-f3092f1 elementor-widget elementor-widget-accordion\" data-id=\"f3092f1\" data-element_type=\"widget\" data-e-type=\"widget\" data-widget_type=\"accordion.default\">\n\t\t\t\t<div class=\"elementor-widget-container\">\n\t\t\t\t\t\t\t<div class=\"elementor-accordion\">\n\t\t\t\t\t\t\t<div class=\"elementor-accordion-item\">\n\t\t\t\t\t<div id=\"elementor-tab-title-2541\" class=\"elementor-tab-title\" data-tab=\"1\" role=\"button\" aria-controls=\"elementor-tab-content-2541\" aria-expanded=\"false\">\n\t\t\t\t\t\t\t\t\t\t\t\t\t<span class=\"elementor-accordion-icon elementor-accordion-icon-left\" aria-hidden=\"true\">\n\t\t\t\t\t\t\t\t\t\t\t\t\t\t\t<span class=\"elementor-accordion-icon-closed\"><i class=\"fas fa-plus\"><\/i><\/span>\n\t\t\t\t\t\t\t\t<span class=\"elementor-accordion-icon-opened\"><i class=\"fas fa-minus\"><\/i><\/span>\n\t\t\t\t\t\t\t\t\t\t\t\t\t\t<\/span>\n\t\t\t\t\t\t\t\t\t\t\t\t<a class=\"elementor-accordion-title\" tabindex=\"0\">L\u0130GLER<\/a>\n\t\t\t\t\t<\/div>\n\t\t\t\t\t<div id=\"elementor-tab-content-2541\" class=\"elementor-tab-content elementor-clearfix\" data-tab=\"1\" role=\"region\" aria-labelledby=\"elementor-tab-title-2541\"><p><a href=\"https:\/\/trf.gov.tr\/2025-15li-ragbi-ligi\/\"><span style=\"color: #ffffff;\">15&#8217;L\u0130 RAGB\u0130 L\u0130G\u0130<\/span><\/a><\/p><p><a href=\"https:\/\/trf.gov.tr\/2025-15li-ragbi-kadinlar-ligi\/\"><span style=\"color: #ffffff;\">15&#8217;L\u0130 RAGB\u0130 KADINLAR L\u0130G\u0130<\/span><\/a><\/p><p><a href=\"https:\/\/trf.gov.tr\/2025-15li-ragbi-u20-erkekler-ligi\/\"><span style=\"color: #ffffff;\">15&#8217;L\u0130 RAGB\u0130 U20 ERKEKLER L\u0130G\u0130<\/span><\/a><\/p><\/div>\n\t\t\t\t<\/div>\n\t\t\t\t\t\t\t<div class=\"elementor-accordion-item\">\n\t\t\t\t\t<div id=\"elementor-tab-title-2542\" class=\"elementor-tab-title\" data-tab=\"2\" role=\"button\" aria-controls=\"elementor-tab-content-2542\" aria-expanded=\"false\">\n\t\t\t\t\t\t\t\t\t\t\t\t\t<span class=\"elementor-accordion-icon elementor-accordion-icon-left\" aria-hidden=\"true\">\n\t\t\t\t\t\t\t\t\t\t\t\t\t\t\t<span class=\"elementor-accordion-icon-closed\"><i class=\"fas fa-plus\"><\/i><\/span>\n\t\t\t\t\t\t\t\t<span class=\"elementor-accordion-icon-opened\"><i class=\"fas fa-minus\"><\/i><\/span>\n\t\t\t\t\t\t\t\t\t\t\t\t\t\t<\/span>\n\t\t\t\t\t\t\t\t\t\t\t\t<a class=\"elementor-accordion-title\" tabindex=\"0\">\u015eAMP\u0130YONALAR<\/a>\n\t\t\t\t\t<\/div>\n\t\t\t\t\t<div id=\"elementor-tab-content-2542\" class=\"elementor-tab-content elementor-clearfix\" data-tab=\"2\" role=\"region\" aria-labelledby=\"elementor-tab-title-2542\"><p><a href=\"https:\/\/trf.gov.tr\/2025-7li-ragbi-erkekler-turkiye-sampiyonasi\/\"><span style=\"color: #ffffff;\">2025 7&#8217;L\u0130 RAGB\u0130 ERKEKLER T\u00dcRK\u0130YE \u015eAMP\u0130YONASI<\/span><\/a><\/p><p><a href=\"https:\/\/trf.gov.tr\/2025-7li-ragbi-kadinlar-turkiye-sampiyonasi\/\"><span style=\"color: #ffffff;\">2025 7&#8217;L\u0130 RAGB\u0130 KADINLAR T\u00dcRK\u0130YE \u015eAMP\u0130YONASI<\/span><\/a><\/p><p><a href=\"https:\/\/trf.gov.tr\/2025-7li-ragbi-u18-erkekler-turkiye-sampiyonasi\/\"><span style=\"color: #ffffff;\">2025 7&#8217;L\u0130 RAGB\u0130 U18 ERKEKLER T\u00dcRK\u0130YE \u015eAMP\u0130YONASI<\/span><\/a><\/p><p><a href=\"https:\/\/trf.gov.tr\/2025-7li-ragbi-u18-kadinlar-turkiye-sampiyonasi\/\"><span style=\"color: #ffffff;\">2025 7&#8217;L\u0130 RAGB\u0130 U18 KADINLAR T\u00dcRK\u0130YE \u015eAMP\u0130YONASI<\/span><\/a><\/p><p><a href=\"https:\/\/trf.gov.tr\/2025-kar-ragbi-sampiyonasi\/\"><span style=\"color: #ffffff;\">KAR RAGB\u0130 \u015eAMP\u0130YONASI<\/span><\/a><\/p><\/div>\n\t\t\t\t<\/div>\n\t\t\t\t\t\t\t<div class=\"elementor-accordion-item\">\n\t\t\t\t\t<div id=\"elementor-tab-title-2543\" class=\"elementor-tab-title\" data-tab=\"3\" role=\"button\" aria-controls=\"elementor-tab-content-2543\" aria-expanded=\"false\">\n\t\t\t\t\t\t\t\t\t\t\t\t\t<span class=\"elementor-accordion-icon elementor-accordion-icon-left\" aria-hidden=\"true\">\n\t\t\t\t\t\t\t\t\t\t\t\t\t\t\t<span class=\"elementor-accordion-icon-closed\"><i class=\"fas fa-plus\"><\/i><\/span>\n\t\t\t\t\t\t\t\t<span class=\"elementor-accordion-icon-opened\"><i class=\"fas fa-minus\"><\/i><\/span>\n\t\t\t\t\t\t\t\t\t\t\t\t\t\t<\/span>\n\t\t\t\t\t\t\t\t\t\t\t\t<a class=\"elementor-accordion-title\" tabindex=\"0\">AVRUPA \u015eAMP\u0130YONALARI<\/a>\n\t\t\t\t\t<\/div>\n\t\t\t\t\t<div id=\"elementor-tab-content-2543\" class=\"elementor-tab-content elementor-clearfix\" data-tab=\"3\" role=\"region\" aria-labelledby=\"elementor-tab-title-2543\"><p><a href=\"https:\/\/trf.gov.tr\/wp-content\/uploads\/2025\/04\/Rugby-Europe-7s-Tournament-Manual-2025-v2-1-1.pdf\">Rugby Europe 7s Tournament Manual 2025 v2-1 (1)<\/a><\/p><\/div>\n\t\t\t\t<\/div>\n\t\t\t\t\t\t\t\t<\/div>\n\t\t\t\t\t\t<\/div>\n\t\t\t\t<\/div>\n\t\t\t\t<\/div>\n\t\t\t\t\t<\/div>\n\t\t\t\t<\/div>\n\t\t<div class=\"elementor-element elementor-element-d3753be e-flex e-con-boxed e-con e-parent\" data-id=\"d3753be\" data-element_type=\"container\" data-e-type=\"container\">\n\t\t\t\t\t<div class=\"e-con-inner\">\n\t\t<div class=\"elementor-element elementor-element-5b2ade7 e-con-full e-flex e-con e-child\" data-id=\"5b2ade7\" data-element_type=\"container\" data-e-type=\"container\">\n\t\t<div class=\"elementor-element elementor-element-ef795ac e-con-full e-flex e-con e-child\" data-id=\"ef795ac\" data-element_type=\"container\" data-e-type=\"container\">\n\t\t\t\t<div class=\"elementor-element elementor-element-1ff4d75 elementor-widget elementor-widget-heading\" data-id=\"1ff4d75\" data-element_type=\"widget\" data-e-type=\"widget\" data-widget_type=\"heading.default\">\n\t\t\t\t<div class=\"elementor-widget-container\">\n\t\t\t\t\t<h2 class=\"elementor-heading-title elementor-size-default\">2024<\/h2>\t\t\t\t<\/div>\n\t\t\t\t<\/div>\n\t\t\t\t<\/div>\n\t\t\t\t<div class=\"elementor-element elementor-element-24d2aba elementor-widget elementor-widget-accordion\" data-id=\"24d2aba\" data-element_type=\"widget\" data-e-type=\"widget\" data-widget_type=\"accordion.default\">\n\t\t\t\t<div class=\"elementor-widget-container\">\n\t\t\t\t\t\t\t<div class=\"elementor-accordion\">\n\t\t\t\t\t\t\t<div class=\"elementor-accordion-item\">\n\t\t\t\t\t<div id=\"elementor-tab-title-3861\" class=\"elementor-tab-title\" data-tab=\"1\" role=\"button\" aria-controls=\"elementor-tab-content-3861\" aria-expanded=\"false\">\n\t\t\t\t\t\t\t\t\t\t\t\t\t<span class=\"elementor-accordion-icon elementor-accordion-icon-left\" aria-hidden=\"true\">\n\t\t\t\t\t\t\t\t\t\t\t\t\t\t\t<span class=\"elementor-accordion-icon-closed\"><i class=\"fas fa-plus\"><\/i><\/span>\n\t\t\t\t\t\t\t\t<span class=\"elementor-accordion-icon-opened\"><i class=\"fas fa-minus\"><\/i><\/span>\n\t\t\t\t\t\t\t\t\t\t\t\t\t\t<\/span>\n\t\t\t\t\t\t\t\t\t\t\t\t<a class=\"elementor-accordion-title\" tabindex=\"0\">L\u0130GLER<\/a>\n\t\t\t\t\t<\/div>\n\t\t\t\t\t<div id=\"elementor-tab-content-3861\" class=\"elementor-tab-content elementor-clearfix\" data-tab=\"1\" role=\"region\" aria-labelledby=\"elementor-tab-title-3861\"><p><span style=\"color: #ffffff;\"><a style=\"color: #ffffff;\" href=\"https:\/\/trf.gov.tr\/2024-15li-ragbi-ligi\/\">15&#8217;L\u0130 RAGB\u0130 L\u0130G\u0130<\/a><\/span><\/p><\/div>\n\t\t\t\t<\/div>\n\t\t\t\t\t\t\t<div class=\"elementor-accordion-item\">\n\t\t\t\t\t<div id=\"elementor-tab-title-3862\" class=\"elementor-tab-title\" data-tab=\"2\" role=\"button\" aria-controls=\"elementor-tab-content-3862\" aria-expanded=\"false\">\n\t\t\t\t\t\t\t\t\t\t\t\t\t<span class=\"elementor-accordion-icon elementor-accordion-icon-left\" aria-hidden=\"true\">\n\t\t\t\t\t\t\t\t\t\t\t\t\t\t\t<span class=\"elementor-accordion-icon-closed\"><i class=\"fas fa-plus\"><\/i><\/span>\n\t\t\t\t\t\t\t\t<span class=\"elementor-accordion-icon-opened\"><i class=\"fas fa-minus\"><\/i><\/span>\n\t\t\t\t\t\t\t\t\t\t\t\t\t\t<\/span>\n\t\t\t\t\t\t\t\t\t\t\t\t<a class=\"elementor-accordion-title\" tabindex=\"0\">\u015eAMP\u0130YONALAR<\/a>\n\t\t\t\t\t<\/div>\n\t\t\t\t\t<div id=\"elementor-tab-content-3862\" class=\"elementor-tab-content elementor-clearfix\" data-tab=\"2\" role=\"region\" aria-labelledby=\"elementor-tab-title-3862\"><ul><li><span style=\"color: #ffffff;\"><a style=\"color: #ffffff;\" href=\"https:\/\/trf.gov.tr\/2024-15li-ragbi-ligi-2\/\">7&#8217;L\u0130 RAGB\u0130 KADINLAR T\u00dcRK\u0130YE \u015eAMP\u0130YONASI<\/a><\/span><\/li><li><span style=\"color: #ffffff;\"><a style=\"color: #ffffff;\" href=\"https:\/\/trf.gov.tr\/2024-7li-ragbi-erkekler-turkiye-sampiyonasi\/\">7&#8217;L\u0130 RAGB\u0130 ERKEKLER T\u00dcRK\u0130YE \u015eAMP\u0130YONASI<\/a><\/span><\/li><li><a href=\"https:\/\/trf.gov.tr\/2024-7li-ragbi-u18-kadinlar-turkiye-sampiyonasi\/\"><span style=\"color: #ffffff;\">7&#8217;L\u0130 RAGB\u0130 U18 KADINLAR T\u00dcRK\u0130YE \u015eAMP\u0130YONASI<\/span><\/a><\/li><li><a href=\"https:\/\/trf.gov.tr\/2024-7li-ragbi-u18-erkekler-turkiye-sampiyonasi\/\"><span style=\"color: #ffffff;\">7&#8217;L\u0130 RAGB\u0130 U18 ERKEKLER T\u00dcRK\u0130YE \u015eAMP\u0130YONASI<\/span><\/a><\/li><li><a href=\"https:\/\/trf.gov.tr\/2024-7li-ragbi-kadinlar-turkiye-sampiyonasi\/\"><span style=\"color: #ffffff;\">7&#8217;L\u0130 RAGB\u0130 U21 KADINLAR T\u00dcRK\u0130YE \u015eAMP\u0130YONASI<\/span><\/a><\/li><li><a href=\"https:\/\/trf.gov.tr\/2024-7li-ragbi-u21-erkekler-turkiye-sampiyonasi-2\/\"><span style=\"color: #ffffff;\">7&#8217;L\u0130 RAGB\u0130 U21 ERKEKLER T\u00dcRK\u0130YE \u015eAMP\u0130YONASI<\/span><\/a><\/li><li><a href=\"https:\/\/trf.gov.tr\/2024-kar-ragbi-sampiyonasi\/\"><span style=\"color: #ffffff;\">KAR RAGB\u0130 \u015eAMP\u0130YONASI<\/span><\/a><\/li><\/ul><\/div>\n\t\t\t\t<\/div>\n\t\t\t\t\t\t\t\t<\/div>\n\t\t\t\t\t\t<\/div>\n\t\t\t\t<\/div>\n\t\t\t\t<\/div>\n\t\t\t\t\t<\/div>\n\t\t\t\t<\/div>\n\t\t<div class=\"elementor-element elementor-element-ec342a4 e-flex e-con-boxed e-con e-parent\" data-id=\"ec342a4\" data-element_type=\"container\" data-e-type=\"container\">\n\t\t\t\t\t<div class=\"e-con-inner\">\n\t\t<div class=\"elementor-element elementor-element-c766a2c e-con-full e-flex e-con e-child\" data-id=\"c766a2c\" data-element_type=\"container\" data-e-type=\"container\">\n\t\t<div class=\"elementor-element elementor-element-98732b6 e-con-full e-flex e-con e-child\" data-id=\"98732b6\" data-element_type=\"container\" data-e-type=\"container\">\n\t\t\t\t<div class=\"elementor-element elementor-element-2606f0f elementor-widget elementor-widget-heading\" data-id=\"2606f0f\" data-element_type=\"widget\" data-e-type=\"widget\" data-widget_type=\"heading.default\">\n\t\t\t\t<div class=\"elementor-widget-container\">\n\t\t\t\t\t<h2 class=\"elementor-heading-title elementor-size-default\">2023<\/h2>\t\t\t\t<\/div>\n\t\t\t\t<\/div>\n\t\t\t\t<\/div>\n\t\t\t\t<div class=\"elementor-element elementor-element-43cd53f elementor-widget elementor-widget-accordion\" data-id=\"43cd53f\" data-element_type=\"widget\" data-e-type=\"widget\" data-widget_type=\"accordion.default\">\n\t\t\t\t<div class=\"elementor-widget-container\">\n\t\t\t\t\t\t\t<div class=\"elementor-accordion\">\n\t\t\t\t\t\t\t<div class=\"elementor-accordion-item\">\n\t\t\t\t\t<div id=\"elementor-tab-title-7101\" class=\"elementor-tab-title\" data-tab=\"1\" role=\"button\" aria-controls=\"elementor-tab-content-7101\" aria-expanded=\"false\">\n\t\t\t\t\t\t\t\t\t\t\t\t\t<span class=\"elementor-accordion-icon elementor-accordion-icon-left\" aria-hidden=\"true\">\n\t\t\t\t\t\t\t\t\t\t\t\t\t\t\t<span class=\"elementor-accordion-icon-closed\"><i class=\"fas fa-plus\"><\/i><\/span>\n\t\t\t\t\t\t\t\t<span class=\"elementor-accordion-icon-opened\"><i class=\"fas fa-minus\"><\/i><\/span>\n\t\t\t\t\t\t\t\t\t\t\t\t\t\t<\/span>\n\t\t\t\t\t\t\t\t\t\t\t\t<a class=\"elementor-accordion-title\" tabindex=\"0\">L\u0130GLER<\/a>\n\t\t\t\t\t<\/div>\n\t\t\t\t\t<div id=\"elementor-tab-content-7101\" class=\"elementor-tab-content elementor-clearfix\" data-tab=\"1\" role=\"region\" aria-labelledby=\"elementor-tab-title-7101\"><ol><li><span style=\"color: #ffffff;\"><a style=\"color: #ffffff;\" href=\"https:\/\/trf.gov.tr\/?page_id=2370\">2023 SEZONU 15&#8217;L\u0130 RAGB\u0130 L\u0130G\u0130<\/a><\/span><\/li><\/ol><\/div>\n\t\t\t\t<\/div>\n\t\t\t\t\t\t\t<div class=\"elementor-accordion-item\">\n\t\t\t\t\t<div id=\"elementor-tab-title-7102\" class=\"elementor-tab-title\" data-tab=\"2\" role=\"button\" aria-controls=\"elementor-tab-content-7102\" aria-expanded=\"false\">\n\t\t\t\t\t\t\t\t\t\t\t\t\t<span class=\"elementor-accordion-icon elementor-accordion-icon-left\" aria-hidden=\"true\">\n\t\t\t\t\t\t\t\t\t\t\t\t\t\t\t<span class=\"elementor-accordion-icon-closed\"><i class=\"fas fa-plus\"><\/i><\/span>\n\t\t\t\t\t\t\t\t<span class=\"elementor-accordion-icon-opened\"><i class=\"fas fa-minus\"><\/i><\/span>\n\t\t\t\t\t\t\t\t\t\t\t\t\t\t<\/span>\n\t\t\t\t\t\t\t\t\t\t\t\t<a class=\"elementor-accordion-title\" tabindex=\"0\">\u015eAMP\u0130YONALAR<\/a>\n\t\t\t\t\t<\/div>\n\t\t\t\t\t<div id=\"elementor-tab-content-7102\" class=\"elementor-tab-content elementor-clearfix\" data-tab=\"2\" role=\"region\" aria-labelledby=\"elementor-tab-title-7102\"><ol><li><span style=\"color: #ffffff;\"><a style=\"color: #ffffff;\" href=\"https:\/\/trf.gov.tr\/?page_id=1792\">2023 SEZONU 7&#8217;L\u0130 RAGB\u0130 B\u00dcY\u00dcK ERKEKLER ETAPLI T\u00dcRK\u0130YE \u015eAMP\u0130YONASI<\/a><\/span><\/li><li><span style=\"color: #ffffff;\"><a style=\"color: #ffffff;\" href=\"https:\/\/trf.gov.tr\/?page_id=1926\">2023 SEZONU 7\u2019L\u0130 RAGB\u0130 B\u00dcY\u00dcK KADINLAR ETAPLI T\u00dcRK\u0130YE \u015eAMP\u0130YONASI<\/a><\/span><\/li><li><span style=\"color: #ffffff;\"><a style=\"color: #ffffff;\" href=\"https:\/\/trf.gov.tr\/?page_id=236\">2023 SEZONU 7&#8217;L\u0130 RAGB\u0130 MEVL\u00dcT \u00d6N U21 T\u00dcRK\u0130YE \u015eAMP\u0130YONASI<\/a><\/span><\/li><li class=\"trail-item trail-end\"><span style=\"color: #ffffff;\"><a style=\"color: #ffffff;\" href=\"https:\/\/trf.gov.tr\/?page_id=2098\">2023 SEZONU 7\u2019L\u0130 RAGB\u0130 U18 KADINLAR T\u00dcRK\u0130YE \u015eAMP\u0130YONASI<\/a><\/span><\/li><li><span style=\"color: #ffffff;\"><a style=\"color: #ffffff;\" href=\"https:\/\/trf.gov.tr\/?page_id=2202\">2023 SEZONU 7\u2019L\u0130 RAGB\u0130 U18 ERKEKLER T\u00dcRK\u0130YE \u015eAMP\u0130YONASI<\/a><\/span><\/li><li><span style=\"color: #ffffff;\"><a style=\"color: #ffffff;\" href=\"https:\/\/trf.gov.tr\/?page_id=1640\">2023 SEZONU PLAJ RAGB\u0130 T\u00dcRK\u0130YE \u015eAMP\u0130YONASI<\/a>\u00a0<\/span><\/li><\/ol><\/div>\n\t\t\t\t<\/div>\n\t\t\t\t\t\t\t\t<\/div>\n\t\t\t\t\t\t<\/div>\n\t\t\t\t<\/div>\n\t\t\t\t<\/div>\n\t\t\t\t\t<\/div>\n\t\t\t\t<\/div>\n\t\t\t\t<\/div>\n\t\t","protected":false},"excerpt":{"rendered":"<p>2025 L\u0130GLER 15&#8217;L\u0130 RAGB\u0130 L\u0130G\u0130 15&#8217;L\u0130 RAGB\u0130 KADINLAR L\u0130G\u0130 15&#8217;L\u0130 RAGB\u0130 U20 ERKEKLER L\u0130G\u0130 \u015eAMP\u0130YONALAR 2025 7&#8217;L\u0130 RAGB\u0130 ERKEKLER T\u00dcRK\u0130YE<\/p>\n","protected":false},"author":1,"featured_media":0,"parent":0,"menu_order":0,"comment_status":"closed","ping_status":"closed","template":"","meta":{"footnotes":""},"class_list":["post-1367","page","type-page","status-publish","hentry"],"wpmagazine_modules_lite_featured_media_urls":{"thumbnail":"","cvmm-medium":"","cvmm-medium-plus":"","cvmm-portrait":"","cvmm-medium-square":"","cvmm-large":"","cvmm-small":"","full":""},"categories_names":null,"comments_number":"0","_links":{"self":[{"href":"https:\/\/trf.gov.tr\/index.php?rest_route=\/wp\/v2\/pages\/1367","targetHints":{"allow":["GET"]}}],"collection":[{"href":"https:\/\/trf.gov.tr\/index.php?rest_route=\/wp\/v2\/pages"}],"about":[{"href":"https:\/\/trf.gov.tr\/index.php?rest_route=\/wp\/v2\/types\/page"}],"author":[{"embeddable":true,"href":"https:\/\/trf.gov.tr\/index.php?rest_route=\/wp\/v2\/users\/1"}],"replies":[{"embeddable":true,"href":"https:\/\/trf.gov.tr\/index.php?rest_route=%2Fwp%2Fv2%2Fcomments&post=1367"}],"version-history":[{"count":198,"href":"https:\/\/trf.gov.tr\/index.php?rest_route=\/wp\/v2\/pages\/1367\/revisions"}],"predecessor-version":[{"id":8732,"href":"https:\/\/trf.gov.tr\/index.php?rest_route=\/wp\/v2\/pages\/1367\/revisions\/8732"}],"wp:attachment":[{"href":"https:\/\/trf.gov.tr\/index.php?rest_route=%2Fwp%2Fv2%2Fmedia&parent=1367"}],"curies":[{"name":"wp","href":"https:\/\/api.w.org\/{rel}","templated":true}]}}