{"id":2542,"date":"2023-11-28T19:23:15","date_gmt":"2023-11-28T16:23:15","guid":{"rendered":"https:\/\/trf.gov.tr\/?page_id=2542"},"modified":"2023-11-30T18:14:58","modified_gmt":"2023-11-30T15:14:58","slug":"world-rugby-level-1-ve-level-2-hakemlik-kursu","status":"publish","type":"page","link":"https:\/\/trf.gov.tr\/?page_id=2542","title":{"rendered":"World Rugby LEVEL-1 ve LEVEL-2 Hakemlik Kursu"},"content":{"rendered":"\n<p>15-17 Aral\u0131k tarihlerinde Ankara&#8217;da World Rugby LEVEL 1 ve LEVEL 2 Hakemlik kursu yap\u0131lacakt\u0131r. Kurs \u00fccretsiz olup 25 ki\u015filik kontenjan ile s\u0131n\u0131rl\u0131d\u0131r. Ba\u015fvuru yapacak hakemlerin 2023 y\u0131l\u0131 i\u00e7erisinde aktif ve ma\u00e7 y\u00f6netmi\u015f olmas\u0131 gerekmektedir.<\/p>\n\n\n\n<p>LEVEL 2 Hakemlik kursuna kat\u0131lmak isteyen adaylar\u0131n 03.12.2023 tarihine kadar y\u0131l i\u00e7erisinde hakemlik yapt\u0131\u011f\u0131 en az 1 ma\u00e7 video linkini info@trf.gov.tr adresine ula\u015ft\u0131rmas\u0131 gerekmektedir. LEVEL 1 Kursu i\u00e7in de video g\u00f6nderen adaylar\u0131n \u00f6nceli\u011fi olacakt\u0131r. Ula\u015ft\u0131rmayan adaylar\u0131n ba\u015fvurusu ge\u00e7erli olmayacakt\u0131r. Ba\u015fvurular i\u00e7inden 25 ki\u015filik se\u00e7imler en fazla ulusal m\u00fcsabaka y\u00f6neten hakemler ve Mhk kurulunun teklifi ile Uluslararas\u0131 Hakem kurulunun karar\u0131yla tespit edilecektir.<\/p>\n\n\n\n<p>Kurs ba\u015fvurular\u0131 www.trf.gov.tr adresinden yap\u0131lacakt\u0131r. Detayl\u0131 bilgi i\u00e7in 0312 309 86 46 numaras\u0131n\u0131 arayabilirsiniz. M\u00fcracaat i\u00e7in a\u015fa\u011f\u0131daki formu eksiksiz doldurunuz.<\/p>\n\n\n\n<div style=\"height:20px\" aria-hidden=\"true\" class=\"wp-block-spacer\"><\/div>\n\n\n<div class=\"everest-forms\"><\/div>","protected":false},"excerpt":{"rendered":"<p>15-17 Aral\u0131k tarihlerinde Ankara&#8217;da World Rugby LEVEL 1 ve LEVEL 2 Hakemlik kursu yap\u0131lacakt\u0131r. Kurs \u00fccretsiz olup 25 ki\u015filik kontenjan<\/p>\n","protected":false},"author":1,"featured_media":2545,"parent":693,"menu_order":0,"comment_status":"closed","ping_status":"closed","template":"","meta":{"footnotes":""},"class_list":["post-2542","page","type-page","status-publish","has-post-thumbnail","hentry"],"wpmagazine_modules_lite_featured_media_urls":{"thumbnail":["https:\/\/trf.gov.tr\/wp-content\/uploads\/2023\/11\/b1eb2789-2088-4c66-9ec3-39d39ff83cda-150x150.jpg",150,150,true],"cvmm-medium":["https:\/\/trf.gov.tr\/wp-content\/uploads\/2023\/11\/b1eb2789-2088-4c66-9ec3-39d39ff83cda-300x300.jpg",300,300,true],"cvmm-medium-plus":["https:\/\/trf.gov.tr\/wp-content\/uploads\/2023\/11\/b1eb2789-2088-4c66-9ec3-39d39ff83cda-305x207.jpg",305,207,true],"cvmm-portrait":["https:\/\/trf.gov.tr\/wp-content\/uploads\/2023\/11\/b1eb2789-2088-4c66-9ec3-39d39ff83cda-400x600.jpg",400,600,true],"cvmm-medium-square":["https:\/\/trf.gov.tr\/wp-content\/uploads\/2023\/11\/b1eb2789-2088-4c66-9ec3-39d39ff83cda-600x600.jpg",600,600,true],"cvmm-large":["https:\/\/trf.gov.tr\/wp-content\/uploads\/2023\/11\/b1eb2789-2088-4c66-9ec3-39d39ff83cda-1024x1024.jpg",1024,1024,true],"cvmm-small":["https:\/\/trf.gov.tr\/wp-content\/uploads\/2023\/11\/b1eb2789-2088-4c66-9ec3-39d39ff83cda-130x95.jpg",130,95,true],"full":["https:\/\/trf.gov.tr\/wp-content\/uploads\/2023\/11\/b1eb2789-2088-4c66-9ec3-39d39ff83cda.jpg",2560,2560,false]},"categories_names":null,"comments_number":"0","_links":{"self":[{"href":"https:\/\/trf.gov.tr\/index.php?rest_route=\/wp\/v2\/pages\/2542","targetHints":{"allow":["GET"]}}],"collection":[{"href":"https:\/\/trf.gov.tr\/index.php?rest_route=\/wp\/v2\/pages"}],"about":[{"href":"https:\/\/trf.gov.tr\/index.php?rest_route=\/wp\/v2\/types\/page"}],"author":[{"embeddable":true,"href":"https:\/\/trf.gov.tr\/index.php?rest_route=\/wp\/v2\/users\/1"}],"replies":[{"embeddable":true,"href":"https:\/\/trf.gov.tr\/index.php?rest_route=%2Fwp%2Fv2%2Fcomments&post=2542"}],"version-history":[{"count":5,"href":"https:\/\/trf.gov.tr\/index.php?rest_route=\/wp\/v2\/pages\/2542\/revisions"}],"predecessor-version":[{"id":2572,"href":"https:\/\/trf.gov.tr\/index.php?rest_route=\/wp\/v2\/pages\/2542\/revisions\/2572"}],"up":[{"embeddable":true,"href":"https:\/\/trf.gov.tr\/index.php?rest_route=\/wp\/v2\/pages\/693"}],"wp:featuredmedia":[{"embeddable":true,"href":"https:\/\/trf.gov.tr\/index.php?rest_route=\/wp\/v2\/media\/2545"}],"wp:attachment":[{"href":"https:\/\/trf.gov.tr\/index.php?rest_route=%2Fwp%2Fv2%2Fmedia&parent=2542"}],"curies":[{"name":"wp","href":"https:\/\/api.w.org\/{rel}","templated":true}]}}