{"id":3517,"date":"2024-01-16T10:20:23","date_gmt":"2024-01-16T07:20:23","guid":{"rendered":"https:\/\/trf.gov.tr\/?page_id=3517"},"modified":"2024-01-16T10:29:29","modified_gmt":"2024-01-16T07:29:29","slug":"3517-2","status":"publish","type":"page","link":"https:\/\/trf.gov.tr\/?page_id=3517","title":{"rendered":"2024 RAGB\u0130 FAAL\u0130YET TAKV\u0130M\u0130"},"content":{"rendered":"\t\t<div data-elementor-type=\"wp-page\" data-elementor-id=\"3517\" class=\"elementor elementor-3517\">\n\t\t\t\t<div class=\"elementor-element elementor-element-5d8701f e-flex e-con-boxed e-con e-parent\" data-id=\"5d8701f\" data-element_type=\"container\" data-e-type=\"container\">\n\t\t\t\t\t<div class=\"e-con-inner\">\n\t\t\t\t<div class=\"elementor-element elementor-element-ca2b7d5 elementor-widget elementor-widget-shortcode\" data-id=\"ca2b7d5\" data-element_type=\"widget\" data-e-type=\"widget\" data-widget_type=\"shortcode.default\">\n\t\t\t\t<div class=\"elementor-widget-container\">\n\t\t\t\t\t\t\t<div class=\"elementor-shortcode\"><iframe src=\"https:\/\/calendar.google.com\/calendar\/embed?height=600&wkst=2&bgcolor=%23ffffff&ctz=Europe%2FIstanbul&title=2024%20RAGB%C4%B0%20FAAL%C4%B0YET%20TAKV%C4%B0M%C4%B0&src=dHJhZ2JpZmVkQGdtYWlsLmNvbQ&src=dHIudHVya2lzaCNob2xpZGF5QGdyb3VwLnYuY2FsZW5kYXIuZ29vZ2xlLmNvbQ&color=%23039BE5&color=%230B8043\" style=\"border:solid 1px #777\" width=\"800\" height=\"600\" frameborder=\"0\" scrolling=\"no\"><\/iframe><\/div>\n\t\t\t\t\t\t<\/div>\n\t\t\t\t<\/div>\n\t\t\t\t\t<\/div>\n\t\t\t\t<\/div>\n\t\t\t\t<\/div>\n\t\t","protected":false},"excerpt":{"rendered":"","protected":false},"author":1,"featured_media":0,"parent":0,"menu_order":0,"comment_status":"closed","ping_status":"closed","template":"","meta":{"footnotes":""},"class_list":["post-3517","page","type-page","status-publish","hentry"],"wpmagazine_modules_lite_featured_media_urls":{"thumbnail":"","cvmm-medium":"","cvmm-medium-plus":"","cvmm-portrait":"","cvmm-medium-square":"","cvmm-large":"","cvmm-small":"","full":""},"categories_names":null,"comments_number":"0","_links":{"self":[{"href":"https:\/\/trf.gov.tr\/index.php?rest_route=\/wp\/v2\/pages\/3517","targetHints":{"allow":["GET"]}}],"collection":[{"href":"https:\/\/trf.gov.tr\/index.php?rest_route=\/wp\/v2\/pages"}],"about":[{"href":"https:\/\/trf.gov.tr\/index.php?rest_route=\/wp\/v2\/types\/page"}],"author":[{"embeddable":true,"href":"https:\/\/trf.gov.tr\/index.php?rest_route=\/wp\/v2\/users\/1"}],"replies":[{"embeddable":true,"href":"https:\/\/trf.gov.tr\/index.php?rest_route=%2Fwp%2Fv2%2Fcomments&post=3517"}],"version-history":[{"count":7,"href":"https:\/\/trf.gov.tr\/index.php?rest_route=\/wp\/v2\/pages\/3517\/revisions"}],"predecessor-version":[{"id":3535,"href":"https:\/\/trf.gov.tr\/index.php?rest_route=\/wp\/v2\/pages\/3517\/revisions\/3535"}],"wp:attachment":[{"href":"https:\/\/trf.gov.tr\/index.php?rest_route=%2Fwp%2Fv2%2Fmedia&parent=3517"}],"curies":[{"name":"wp","href":"https:\/\/api.w.org\/{rel}","templated":true}]}}