{"id":3789,"date":"2024-02-09T14:13:08","date_gmt":"2024-02-09T11:13:08","guid":{"rendered":"https:\/\/trf.gov.tr\/?page_id=3789"},"modified":"2026-03-09T16:03:27","modified_gmt":"2026-03-09T13:03:27","slug":"beyzbol5-reglamanlar","status":"publish","type":"page","link":"https:\/\/trf.gov.tr\/?page_id=3789","title":{"rendered":"BEYZBOL5 REGLAMANLAR"},"content":{"rendered":"\t\t<div data-elementor-type=\"wp-page\" data-elementor-id=\"3789\" class=\"elementor elementor-3789\">\n\t\t\t\t<div class=\"elementor-element elementor-element-fca8f0c e-flex e-con-boxed e-con e-parent\" data-id=\"fca8f0c\" data-element_type=\"container\" data-e-type=\"container\">\n\t\t\t\t\t<div class=\"e-con-inner\">\n\t\t\t\t<div class=\"elementor-element elementor-element-50e49c2 elementor-widget elementor-widget-accordion\" data-id=\"50e49c2\" data-element_type=\"widget\" data-e-type=\"widget\" data-widget_type=\"accordion.default\">\n\t\t\t\t<div class=\"elementor-widget-container\">\n\t\t\t\t\t\t\t<div class=\"elementor-accordion\">\n\t\t\t\t\t\t\t<div class=\"elementor-accordion-item\">\n\t\t\t\t\t<div id=\"elementor-tab-title-8481\" class=\"elementor-tab-title\" data-tab=\"1\" role=\"button\" aria-controls=\"elementor-tab-content-8481\" aria-expanded=\"false\">\n\t\t\t\t\t\t\t\t\t\t\t\t\t<span class=\"elementor-accordion-icon elementor-accordion-icon-left\" aria-hidden=\"true\">\n\t\t\t\t\t\t\t\t\t\t\t\t\t\t\t<span class=\"elementor-accordion-icon-closed\"><i class=\"fas fa-plus\"><\/i><\/span>\n\t\t\t\t\t\t\t\t<span class=\"elementor-accordion-icon-opened\"><i class=\"fas fa-minus\"><\/i><\/span>\n\t\t\t\t\t\t\t\t\t\t\t\t\t\t<\/span>\n\t\t\t\t\t\t\t\t\t\t\t\t<a class=\"elementor-accordion-title\" tabindex=\"0\">2026 YILI BEYZBOL5 REGLAMANLARI<\/a>\n\t\t\t\t\t<\/div>\n\t\t\t\t\t<div id=\"elementor-tab-content-8481\" class=\"elementor-tab-content elementor-clearfix\" data-tab=\"1\" role=\"region\" aria-labelledby=\"elementor-tab-title-8481\"><p><a href=\"https:\/\/trf.gov.tr\/wp-content\/uploads\/2026\/02\/2026-b5-reglamani-1.pdf\">2026 Beyzbol5 Reglaman\u0131<\/a><\/p><\/div>\n\t\t\t\t<\/div>\n\t\t\t\t\t\t\t<div class=\"elementor-accordion-item\">\n\t\t\t\t\t<div id=\"elementor-tab-title-8482\" class=\"elementor-tab-title\" data-tab=\"2\" role=\"button\" aria-controls=\"elementor-tab-content-8482\" aria-expanded=\"false\">\n\t\t\t\t\t\t\t\t\t\t\t\t\t<span class=\"elementor-accordion-icon elementor-accordion-icon-left\" aria-hidden=\"true\">\n\t\t\t\t\t\t\t\t\t\t\t\t\t\t\t<span class=\"elementor-accordion-icon-closed\"><i class=\"fas fa-plus\"><\/i><\/span>\n\t\t\t\t\t\t\t\t<span class=\"elementor-accordion-icon-opened\"><i class=\"fas fa-minus\"><\/i><\/span>\n\t\t\t\t\t\t\t\t\t\t\t\t\t\t<\/span>\n\t\t\t\t\t\t\t\t\t\t\t\t<a class=\"elementor-accordion-title\" tabindex=\"0\">2025 YILI BEYBOL5 REGLAMANLARI<\/a>\n\t\t\t\t\t<\/div>\n\t\t\t\t\t<div id=\"elementor-tab-content-8482\" class=\"elementor-tab-content elementor-clearfix\" data-tab=\"2\" role=\"region\" aria-labelledby=\"elementor-tab-title-8482\"><p><a href=\"https:\/\/trf.gov.tr\/wp-content\/uploads\/2026\/03\/2025-beyzbol5-t.s.-reglemanlari-ea.pdf\">2025-BEYZBOL5 REGLEMANLARI<\/a><\/p><\/div>\n\t\t\t\t<\/div>\n\t\t\t\t\t\t\t<div class=\"elementor-accordion-item\">\n\t\t\t\t\t<div id=\"elementor-tab-title-8483\" class=\"elementor-tab-title\" data-tab=\"3\" role=\"button\" aria-controls=\"elementor-tab-content-8483\" aria-expanded=\"false\">\n\t\t\t\t\t\t\t\t\t\t\t\t\t<span class=\"elementor-accordion-icon elementor-accordion-icon-left\" aria-hidden=\"true\">\n\t\t\t\t\t\t\t\t\t\t\t\t\t\t\t<span class=\"elementor-accordion-icon-closed\"><i class=\"fas fa-plus\"><\/i><\/span>\n\t\t\t\t\t\t\t\t<span class=\"elementor-accordion-icon-opened\"><i class=\"fas fa-minus\"><\/i><\/span>\n\t\t\t\t\t\t\t\t\t\t\t\t\t\t<\/span>\n\t\t\t\t\t\t\t\t\t\t\t\t<a class=\"elementor-accordion-title\" tabindex=\"0\">2024 YILI BEYBOL5 REGLAMANLARI<\/a>\n\t\t\t\t\t<\/div>\n\t\t\t\t\t<div id=\"elementor-tab-content-8483\" class=\"elementor-tab-content elementor-clearfix\" data-tab=\"3\" role=\"region\" aria-labelledby=\"elementor-tab-title-8483\"><p><a href=\"https:\/\/trf.gov.tr\/wp-content\/uploads\/2024\/02\/B5-U17-TS-REGLAMANI-2024.-1.pdf\">-BEYZBOL5 U17 T\u00dcRK\u0130YE \u015eAMP\u0130YONASI REGLAMANI<\/a><\/p><p><a href=\"https:\/\/trf.gov.tr\/wp-content\/uploads\/2024\/02\/B5-BUYUKLER-TS-REGLAMANI-2024.-1.pdf\">-BEYZBOL5 B\u00dcY\u00dcKLER T\u00dcRK\u0130YE \u015eAMP\u0130YONASI REGLAMANI<\/a><\/p><\/div>\n\t\t\t\t<\/div>\n\t\t\t\t\t\t\t\t<\/div>\n\t\t\t\t\t\t<\/div>\n\t\t\t\t<\/div>\n\t\t\t\t\t<\/div>\n\t\t\t\t<\/div>\n\t\t\t\t<\/div>\n\t\t","protected":false},"excerpt":{"rendered":"<p>2026 YILI BEYZBOL5 REGLAMANLARI 2026 Beyzbol5 Reglaman\u0131 2025 YILI BEYBOL5 REGLAMANLARI 2025-BEYZBOL5 REGLEMANLARI 2024 YILI BEYBOL5 REGLAMANLARI -BEYZBOL5 U17 T\u00dcRK\u0130YE<\/p>\n","protected":false},"author":1,"featured_media":0,"parent":0,"menu_order":0,"comment_status":"closed","ping_status":"closed","template":"","meta":{"footnotes":""},"class_list":["post-3789","page","type-page","status-publish","hentry"],"wpmagazine_modules_lite_featured_media_urls":{"thumbnail":"","cvmm-medium":"","cvmm-medium-plus":"","cvmm-portrait":"","cvmm-medium-square":"","cvmm-large":"","cvmm-small":"","full":""},"categories_names":null,"comments_number":"0","_links":{"self":[{"href":"https:\/\/trf.gov.tr\/index.php?rest_route=\/wp\/v2\/pages\/3789","targetHints":{"allow":["GET"]}}],"collection":[{"href":"https:\/\/trf.gov.tr\/index.php?rest_route=\/wp\/v2\/pages"}],"about":[{"href":"https:\/\/trf.gov.tr\/index.php?rest_route=\/wp\/v2\/types\/page"}],"author":[{"embeddable":true,"href":"https:\/\/trf.gov.tr\/index.php?rest_route=\/wp\/v2\/users\/1"}],"replies":[{"embeddable":true,"href":"https:\/\/trf.gov.tr\/index.php?rest_route=%2Fwp%2Fv2%2Fcomments&post=3789"}],"version-history":[{"count":31,"href":"https:\/\/trf.gov.tr\/index.php?rest_route=\/wp\/v2\/pages\/3789\/revisions"}],"predecessor-version":[{"id":10072,"href":"https:\/\/trf.gov.tr\/index.php?rest_route=\/wp\/v2\/pages\/3789\/revisions\/10072"}],"wp:attachment":[{"href":"https:\/\/trf.gov.tr\/index.php?rest_route=%2Fwp%2Fv2%2Fmedia&parent=3789"}],"curies":[{"name":"wp","href":"https:\/\/api.w.org\/{rel}","templated":true}]}}