{"id":3823,"date":"2024-02-13T13:39:06","date_gmt":"2024-02-13T10:39:06","guid":{"rendered":"https:\/\/trf.gov.tr\/?page_id=3823"},"modified":"2026-04-22T09:05:24","modified_gmt":"2026-04-22T06:05:24","slug":"disiplin-kurulu-kararlari","status":"publish","type":"page","link":"https:\/\/trf.gov.tr\/?page_id=3823","title":{"rendered":"D\u0130S\u0130PL\u0130N KURULU KARARLARI"},"content":{"rendered":"\n<div class=\"wp-block-columns is-layout-flex wp-container-core-columns-is-layout-28f84493 wp-block-columns-is-layout-flex\">\n<div class=\"wp-block-column is-layout-flow wp-block-column-is-layout-flow\" style=\"flex-basis:100%\">\n<figure class=\"wp-block-table\"><table class=\"has-fixed-layout\"><tbody><tr><td class=\"has-text-align-center\" data-align=\"center\"><strong>AD SOYAD<\/strong><\/td><td class=\"has-text-align-center\" data-align=\"center\"><strong>UNVAN<\/strong><\/td><td class=\"has-text-align-center\" data-align=\"center\"><strong>CEZA<\/strong><\/td><td class=\"has-text-align-center\" data-align=\"center\"><strong>S\u00dcRE<\/strong><\/td><td class=\"has-text-align-center\" data-align=\"center\"><strong>BRAN\u015e<\/strong><\/td><\/tr><tr><td class=\"has-text-align-center\" data-align=\"center\">ENG\u0130N \u00d6***L<\/td><td class=\"has-text-align-center\" data-align=\"center\">SPORCU<\/td><td class=\"has-text-align-center\" data-align=\"center\"><\/td><td class=\"has-text-align-center\" data-align=\"center\">06.07.2024<br>06.07.2026<\/td><td class=\"has-text-align-center\" data-align=\"center\"><\/td><\/tr><tr><td class=\"has-text-align-center\" data-align=\"center\">DO\u011eU B***K<strong> <\/strong>G****\u015e<\/td><td class=\"has-text-align-center\" data-align=\"center\">SPORCU<\/td><td class=\"has-text-align-center\" data-align=\"center\">Hak mahrumiyeti cezas\u0131 T\u00fcrkiye Dopingle M\u00fccadele Talimat\u0131&#8217;n\u0131n 10.2.4.1 maddesi uyar\u0131nca 2 (iki) y\u0131ld\u0131r.<\/td><td class=\"has-text-align-center\" data-align=\"center\">03.06.2025<br>03.06.2027<\/td><td class=\"has-text-align-center\" data-align=\"center\">KORUMALI FUTBOL<\/td><\/tr><tr><td class=\"has-text-align-center\" data-align=\"center\">ORU\u00c7 Y***N <br>\u00c7***R<\/td><td class=\"has-text-align-center\" data-align=\"center\">SPORCU<\/td><td class=\"has-text-align-center\" data-align=\"center\">&nbsp;6 (alt\u0131) Y\u0131l s\u00fcre ile hak mahrumiyeti cezas\u0131<\/td><td class=\"has-text-align-center\" data-align=\"center\">14.05.2025<br>14.05.2031<\/td><td class=\"has-text-align-center\" data-align=\"center\">RAGB\u0130<\/td><\/tr><tr><td class=\"has-text-align-center\" data-align=\"center\">SAMET K**A<\/td><td class=\"has-text-align-center\" data-align=\"center\">SPORCU<\/td><td class=\"has-text-align-center\" data-align=\"center\">&nbsp;1 (bir) Y\u0131l hak mahrumiyeti cezas\u0131.<\/td><td class=\"has-text-align-center\" data-align=\"center\">17.07.2025<br>17.07.2026<\/td><td class=\"has-text-align-center\" data-align=\"center\">KORUMALI FUTBOL<\/td><\/tr><tr><td class=\"has-text-align-center\" data-align=\"center\">\u00d6MER F***K<em> <\/em><br>P**R<\/td><td class=\"has-text-align-center\" data-align=\"center\">SPORCU<\/td><td class=\"has-text-align-center\" data-align=\"center\"><\/td><td class=\"has-text-align-center\" data-align=\"center\">24.06.2025<br>24.06.2031<\/td><td class=\"has-text-align-center\" data-align=\"center\">RAGB\u0130<\/td><\/tr><tr><td class=\"has-text-align-center\" data-align=\"center\">O\u011eUZHAN T******Z<\/td><td class=\"has-text-align-center\" data-align=\"center\">SPORCU<\/td><td class=\"has-text-align-center\" data-align=\"center\">T\u00fcrkiye Dopingle M\u00fccadele Talimat\u0131&#8217;n\u0131n 7.6. maddesi uyar\u0131nca 3 (\u00fc\u00e7) y\u0131l hak mahrumiyeti cezas\u0131.<\/td><td class=\"has-text-align-center\" data-align=\"center\">18.11.2025<br>18.11.2028<\/td><td class=\"has-text-align-center\" data-align=\"center\">RAGB\u0130<\/td><\/tr><tr><td class=\"has-text-align-center\" data-align=\"center\">MEHMET B*****Y<br>P*********N<\/td><td class=\"has-text-align-center\" data-align=\"center\">SPORCU<\/td><td class=\"has-text-align-center\" data-align=\"center\"><\/td><td class=\"has-text-align-center\" data-align=\"center\">TEDB\u0130RL\u0130<br>08.04.2026<\/td><td class=\"has-text-align-center\" data-align=\"center\"><\/td><\/tr><tr><td class=\"has-text-align-center\" data-align=\"center\">TAMER D*******U<br><\/td><td class=\"has-text-align-center\" data-align=\"center\">ANTREN\u00d6R<\/td><td class=\"has-text-align-center\" data-align=\"center\"><\/td><td class=\"has-text-align-center\" data-align=\"center\">TEDB\u0130RL\u0130<br>09.04.2026<\/td><td class=\"has-text-align-center\" data-align=\"center\"><\/td><\/tr><tr><td class=\"has-text-align-center\" data-align=\"center\">AHMET U****L<\/td><td class=\"has-text-align-center\" data-align=\"center\">ANTREN\u00d6R<\/td><td class=\"has-text-align-center\" data-align=\"center\"><\/td><td class=\"has-text-align-center\" data-align=\"center\">TEDB\u0130RL\u0130<br>15.04.2026<\/td><td class=\"has-text-align-center\" data-align=\"center\">FLAG FUTBOL<\/td><\/tr><tr><td class=\"has-text-align-center\" data-align=\"center\">ALEYNA U***\u015e<\/td><td class=\"has-text-align-center\" data-align=\"center\">SPORCU<\/td><td class=\"has-text-align-center\" data-align=\"center\"><\/td><td class=\"has-text-align-center\" data-align=\"center\">TEDB\u0130RL\u0130<br>17.04.2026<\/td><td class=\"has-text-align-center\" data-align=\"center\">RAGB\u0130<\/td><\/tr><tr><td class=\"has-text-align-center\" data-align=\"center\">MERVE A**I<\/td><td class=\"has-text-align-center\" data-align=\"center\">SPORCU<\/td><td class=\"has-text-align-center\" data-align=\"center\"><\/td><td class=\"has-text-align-center\" data-align=\"center\">TEDB\u0130RL\u0130<br>17.04.2026<\/td><td class=\"has-text-align-center\" data-align=\"center\">RAGB\u0130<\/td><\/tr><tr><td class=\"has-text-align-center\" data-align=\"center\">AYSU G***\u015e<\/td><td class=\"has-text-align-center\" data-align=\"center\">SPORCU<\/td><td class=\"has-text-align-center\" data-align=\"center\"><\/td><td class=\"has-text-align-center\" data-align=\"center\">TEDB\u0130RL\u0130<br>17.04.2026<\/td><td class=\"has-text-align-center\" data-align=\"center\">RAGB\u0130<\/td><\/tr><tr><td class=\"has-text-align-center\" data-align=\"center\">RAB\u0130A \u00d6***Y<\/td><td class=\"has-text-align-center\" data-align=\"center\">SPORCU<\/td><td class=\"has-text-align-center\" data-align=\"center\"><\/td><td class=\"has-text-align-center\" data-align=\"center\">TEDB\u0130RL\u0130<br>17.04.2026<\/td><td class=\"has-text-align-center\" data-align=\"center\">RAGB\u0130<\/td><\/tr><\/tbody><\/table><\/figure>\n<\/div>\n<\/div>\n\n\n\n<p><\/p>\n\n\n\n<p><\/p>\n","protected":false},"excerpt":{"rendered":"<p>AD SOYAD UNVAN CEZA S\u00dcRE BRAN\u015e ENG\u0130N \u00d6***L SPORCU 06.07.202406.07.2026 DO\u011eU B***K G****\u015e SPORCU Hak mahrumiyeti cezas\u0131 T\u00fcrkiye Dopingle M\u00fccadele<\/p>\n","protected":false},"author":1,"featured_media":0,"parent":0,"menu_order":0,"comment_status":"closed","ping_status":"closed","template":"","meta":{"footnotes":""},"class_list":["post-3823","page","type-page","status-publish","hentry"],"wpmagazine_modules_lite_featured_media_urls":{"thumbnail":"","cvmm-medium":"","cvmm-medium-plus":"","cvmm-portrait":"","cvmm-medium-square":"","cvmm-large":"","cvmm-small":"","full":""},"categories_names":null,"comments_number":"0","_links":{"self":[{"href":"https:\/\/trf.gov.tr\/index.php?rest_route=\/wp\/v2\/pages\/3823","targetHints":{"allow":["GET"]}}],"collection":[{"href":"https:\/\/trf.gov.tr\/index.php?rest_route=\/wp\/v2\/pages"}],"about":[{"href":"https:\/\/trf.gov.tr\/index.php?rest_route=\/wp\/v2\/types\/page"}],"author":[{"embeddable":true,"href":"https:\/\/trf.gov.tr\/index.php?rest_route=\/wp\/v2\/users\/1"}],"replies":[{"embeddable":true,"href":"https:\/\/trf.gov.tr\/index.php?rest_route=%2Fwp%2Fv2%2Fcomments&post=3823"}],"version-history":[{"count":84,"href":"https:\/\/trf.gov.tr\/index.php?rest_route=\/wp\/v2\/pages\/3823\/revisions"}],"predecessor-version":[{"id":10301,"href":"https:\/\/trf.gov.tr\/index.php?rest_route=\/wp\/v2\/pages\/3823\/revisions\/10301"}],"wp:attachment":[{"href":"https:\/\/trf.gov.tr\/index.php?rest_route=%2Fwp%2Fv2%2Fmedia&parent=3823"}],"curies":[{"name":"wp","href":"https:\/\/api.w.org\/{rel}","templated":true}]}}