{"id":59,"date":"2023-10-22T18:48:33","date_gmt":"2023-10-22T15:48:33","guid":{"rendered":"https:\/\/trf.gov.tr?page_id=59"},"modified":"2023-10-22T18:48:34","modified_gmt":"2023-10-22T15:48:34","slug":"tarihcesi","status":"publish","type":"page","link":"https:\/\/trf.gov.tr\/?page_id=59","title":{"rendered":"Tarih\u00e7esi"},"content":{"rendered":"\n<h4 class=\"wp-block-heading\">Kurulu\u015f<\/h4>\n\n\n\n<p>T\u00fcrkiye Olimpiyat Komitesi Ba\u015fkanl\u0131\u011f\u0131n\u0131n talebi neticesinde 02 May\u0131s 2001 y\u0131l\u0131nda yap\u0131lan Merkez Dan\u0131\u015fma Kurulu toplant\u0131s\u0131nda; olimpik spor dallar\u0131 aras\u0131nda olup da herhangi bir federasyonu kurulmam\u0131\u015f Beyzbol ve Softbol Federasyonlar\u0131n\u0131n kurulmas\u0131 112 nolu kararla al\u0131nm\u0131\u015f.<\/p>\n\n\n\n<p><\/p>\n\n\n\n<h4 class=\"wp-block-heading\">Beyzbol ve Softbol Federasyonu: &#8211; 2002<\/h4>\n\n\n\n<p>2- 04 Ekim 2002 tarih ve MDK-258 say\u0131l\u0131 karar\u0131 ve 10 Ekim 2002 Devlet Bakan\u0131 Erdo\u011fan Toprak\u2019\u0131n oluru ile Beyzbol Federasyonu Ba\u015fkanl\u0131\u011f\u0131 b\u00fcnyesinde faaliyet g\u00f6steren Bilek G\u00fcre\u015fi, Bocce ve Bowling dallar\u0131n\u0131n federasyon b\u00fcnyesinden ayr\u0131lmas\u0131na, Beyzbol ve Softbol\u2019un tek federasyonda birle\u015ftirilerek \u201cT\u00fcrkiye Beyzbol ve Softbol Federasyonu\u201d olarak ad\u0131n\u0131n de\u011fi\u015ftirilmesine karar verilmi\u015ftir.<\/p>\n\n\n\n<p><\/p>\n\n\n\n<h4 class=\"wp-block-heading\">Korumal\u0131 Futbol ve Ragbi&#8217;nin eklenmesi &#8211; 2005<\/h4>\n\n\n\n<p>Merkez Dan\u0131\u015fma Kurulunun 24 Mart 2005 tarihli ve MDK-83 say\u0131l\u0131 karar\u0131, 31 Mart 2005 Devlet Bakan\u0131 ve Ba\u015fbakan Yard\u0131mc\u0131s\u0131 Mehmet Ali \u015eahin\u2019in oluru ile Amerikan Futbolu ve Ragbi spor dallar\u0131n\u0131 Beyzbol ve Softbol Federasyonu ba\u015fkanl\u0131\u011f\u0131 b\u00fcnyesinde faaliyet g\u00f6stermesine karar\u0131 verilmi\u015ftir.<\/p>\n\n\n\n<p><a rel=\"noreferrer noopener\" href=\"https:\/\/trf.gov.tr\/uploads\/tarihce\/mdk-2005.png\" target=\"_blank\">MDK Karar\u0131 i\u00e7in T\u0131klay\u0131n<\/a><\/p>\n\n\n\n<p><\/p>\n\n\n\n<h4 class=\"wp-block-heading\">\u00d6zerklik verilmesi &#8211; 2006<\/h4>\n\n\n\n<p>Merkez Dan\u0131\u015fma Kurulunun 24 Aral\u0131k 2005 tarihli yapm\u0131\u015f oldu\u011fu toplant\u0131 neticesinde 3289 say\u0131l\u0131 Gen\u00e7lik ve Spor Genel M\u00fcd\u00fcrl\u00fc\u011f\u00fcn\u00fcn Te\u015fkilat ve G\u00f6revleri Hakk\u0131nda Kanun uyar\u0131nca Beyzbol ve Softbol Federasyonunun idari ve mali y\u00f6nden \u00f6zerklik verilmesi uygun g\u00f6r\u00fclm\u00fc\u015f, 04 Ocak 2006 tarih ve 7 say\u0131l\u0131 Ba\u015fbakan Recep Tayyip Erdo\u011fan oluru ile 22 Ocak 2006 yay\u0131nlanan resmi gazete ile y\u00fcr\u00fcrl\u00fc\u011fe girmi\u015ftir.<\/p>\n\n\n\n<p><a rel=\"noreferrer noopener\" href=\"https:\/\/trf.gov.tr\/uploads\/tarihce\/mdk-2006.png\" target=\"_blank\">MDK Karar\u0131 i\u00e7in T\u0131klay\u0131n<\/a><br><a rel=\"noreferrer noopener\" href=\"https:\/\/www.resmigazete.gov.tr\/eskiler\/2006\/01\/20060122-5.htm\" target=\"_blank\">Resmi Gazete i\u00e7in T\u0131klay\u0131n<\/a><\/p>\n\n\n\n<p><\/p>\n\n\n\n<h4 class=\"wp-block-heading\">T\u00fcrkiye Beyzbol, softbol, Korumal\u0131 Futbol ve Ragbi Federasyonu &#8211; 2007<\/h4>\n\n\n\n<p>T\u00fcrkiye Beyzbol ve Softbol Federasyonunun ismi 19\/10\/2007 tarihli ve 233 say\u0131l\u0131 Ba\u015fbakanl\u0131k oluru ile Korumal\u0131 Futbol ve Ragbi dallar\u0131n\u0131n Uluslararas\u0131 Federasyonlarca mevcut federasyonun i\u00e7inde faaliyet g\u00f6steren ancak isminde \u201cKorumal\u0131 Futbol ve Ragbi\u201d ifadelerinin yer almamas\u0131 nedeniyle bu bran\u015flarda uluslararas\u0131 m\u00fcsabakalara kat\u0131lmalar\u0131na izin verilmemesi gerek\u00e7esiyle 27\/6\/2006 tarihli ve 26211 say\u0131l\u0131 Resmi Gazete\u2019de yay\u0131mlanan T\u00fcrkiye Beyzbol ve Softbol Federasyonu Ana Stat\u00fcs\u00fcn\u00fcn ad\u0131 \u201cT\u00fcrkiye Beyzbol, Softbol, Korumal\u0131 Futbol ve Ragbi Federasyonu\u201d olarak de\u011fi\u015ftirilmi\u015ftir. Federasyonun ismi T\u00fcrkiye Beyzbol, Softbol, Korumal\u0131 Futbol ve Ragbi Federasyonu olarak de\u011fi\u015ftirilmi\u015ftir.<\/p>\n\n\n\n<p><a rel=\"noreferrer noopener\" href=\"https:\/\/trf.gov.tr\/uploads\/tarihce\/mdk-2007.png\" target=\"_blank\">MDK Karar\u0131 i\u00e7in T\u0131klay\u0131n<\/a><br><a rel=\"noreferrer noopener\" href=\"https:\/\/www.resmigazete.gov.tr\/eskiler\/2007\/10\/20071027-14.htm\" target=\"_blank\">Resmi Gazete i\u00e7in T\u0131klay\u0131n<\/a><\/p>\n\n\n\n<p>2011<\/p>\n\n\n\n<p>T\u00fcrkiye Milli Olimpiyat Komitesi&#8217;nin 17 Mart 2010 tarihli ve 269\/2010 say\u0131l\u0131 yaz\u0131s\u0131yla IOC taraf\u0131ndan 2016 y\u0131l\u0131nda yap\u0131lacak olan Olimpiyat Oyunlar\u0131 program\u0131nda \u201cRagbi\u201d spor dal\u0131na yer verildi\u011fi ve T\u00fcrkiye&#8217;nin olimpiyatlara kat\u0131labilmesi i\u00e7in \u201cRagbi\u201d spor dal\u0131n\u0131n ba\u011f\u0131ms\u0131z bir federasyon olarak kurulmas\u0131 gerekti\u011fi bildirilmi\u015ftir. S\u00f6z konusu talep federasyonun 1 Aral\u0131k 2010 tarihli ve 661 say\u0131l\u0131 yaz\u0131s\u0131yla da uygun bulunmu\u015ftur. Federasyon ve IOC taraf\u0131ndan teklif edilen isim de\u011fi\u015fikli\u011fi, Merkez Dan\u0131\u015fma Kurulu&#8217;nun 3 \u015eubat 2011 tarihli toplant\u0131s\u0131nda de\u011ferlendirilmi\u015f, kurul, an\u0131lan federasyonun isminin T\u00fcrkiye Ragbi Federasyonu olarak de\u011fi\u015ftirilmesine \u201cBeyzbol\u201d, \u201cSoftbol\u201d ve \u201cKorumal\u0131 Futbol\u201d spor dallar\u0131n\u0131n da federasyon b\u00fcnyesinde faaliyet g\u00f6stermesini karar vermi\u015ftir. Nihai olarak T\u00fcrkiye Beyzbol, Softbol, Korumal\u0131 Futbol ve Ragbi Federasyonunun ismi, D\u00f6nemin Ba\u015fbakan\u0131 Recep Tayyip Erdo\u011fan\u2019\u0131n 28 Mart 2011 tarihli ve 37 say\u0131l\u0131 Ba\u015fbakanl\u0131k oluru ile T\u00fcrkiye Ragbi Federasyonu olarak de\u011fi\u015ftirilmi\u015ftir, 14 Nisan 2011 tarihinde resmi gazetede yay\u0131nlanarak y\u00fcr\u00fcrl\u00fc\u011fe girmi\u015ftir. <\/p>\n\n\n\n<p><a rel=\"noreferrer noopener\" href=\"https:\/\/www.resmigazete.gov.tr\/eskiler\/2011\/04\/20110414-33.htm\" target=\"_blank\">Resmi Gazete i\u00e7in T\u0131klay\u0131n<\/a><\/p>\n\n\n\n<p><\/p>\n\n\n\n<h4 class=\"wp-block-heading\">BA\u015eKANLAR &#8211;<strong> 2023<\/strong><\/h4>\n\n\n\n<p>Kamil KEHALE 2002 &#8211; 2004<br>Tuncay BENDER 2005 &#8211; 2006<br>Soner YILMAZ 2006 &#8211; 2007<br>Kortan YURTSEVEN 2007 &#8211; 2008<br>\u015eahin K\u00d6M\u00dcRC\u00dc 2008 &#8211; 2017<br>Murat PAZAN 2017 &#8211; 2023<br><a href=\"https:\/\/trf.gov.tr?page_id=7\">Nahit \u015eAH\u0130N 2023 (Halen Devam Ediyor)<\/a><\/p>\n","protected":false},"excerpt":{"rendered":"<p>Kurulu\u015f T\u00fcrkiye Olimpiyat Komitesi Ba\u015fkanl\u0131\u011f\u0131n\u0131n talebi neticesinde 02 May\u0131s 2001 y\u0131l\u0131nda yap\u0131lan Merkez Dan\u0131\u015fma Kurulu toplant\u0131s\u0131nda; olimpik spor dallar\u0131 aras\u0131nda<\/p>\n","protected":false},"author":1,"featured_media":0,"parent":0,"menu_order":0,"comment_status":"closed","ping_status":"closed","template":"","meta":{"footnotes":""},"class_list":["post-59","page","type-page","status-publish","hentry"],"wpmagazine_modules_lite_featured_media_urls":{"thumbnail":"","cvmm-medium":"","cvmm-medium-plus":"","cvmm-portrait":"","cvmm-medium-square":"","cvmm-large":"","cvmm-small":"","full":""},"categories_names":null,"comments_number":"0","_links":{"self":[{"href":"https:\/\/trf.gov.tr\/index.php?rest_route=\/wp\/v2\/pages\/59","targetHints":{"allow":["GET"]}}],"collection":[{"href":"https:\/\/trf.gov.tr\/index.php?rest_route=\/wp\/v2\/pages"}],"about":[{"href":"https:\/\/trf.gov.tr\/index.php?rest_route=\/wp\/v2\/types\/page"}],"author":[{"embeddable":true,"href":"https:\/\/trf.gov.tr\/index.php?rest_route=\/wp\/v2\/users\/1"}],"replies":[{"embeddable":true,"href":"https:\/\/trf.gov.tr\/index.php?rest_route=%2Fwp%2Fv2%2Fcomments&post=59"}],"version-history":[{"count":1,"href":"https:\/\/trf.gov.tr\/index.php?rest_route=\/wp\/v2\/pages\/59\/revisions"}],"predecessor-version":[{"id":60,"href":"https:\/\/trf.gov.tr\/index.php?rest_route=\/wp\/v2\/pages\/59\/revisions\/60"}],"wp:attachment":[{"href":"https:\/\/trf.gov.tr\/index.php?rest_route=%2Fwp%2Fv2%2Fmedia&parent=59"}],"curies":[{"name":"wp","href":"https:\/\/api.w.org\/{rel}","templated":true}]}}