{"id":693,"date":"2023-10-26T18:17:00","date_gmt":"2023-10-26T15:17:00","guid":{"rendered":"https:\/\/trf.gov.tr?page_id=693"},"modified":"2026-03-26T16:30:10","modified_gmt":"2026-03-26T13:30:10","slug":"basvurular","status":"publish","type":"page","link":"https:\/\/trf.gov.tr\/?page_id=693","title":{"rendered":"Ba\u015fvurular"},"content":{"rendered":"\t\t<div data-elementor-type=\"wp-page\" data-elementor-id=\"693\" class=\"elementor elementor-693\">\n\t\t\t\t<div class=\"elementor-element elementor-element-76cb1f3 e-flex e-con-boxed e-con e-parent\" data-id=\"76cb1f3\" data-element_type=\"container\" data-e-type=\"container\">\n\t\t\t\t\t<div class=\"e-con-inner\">\n\t\t\t\t<div class=\"elementor-element elementor-element-a865b63 elementor-widget elementor-widget-accordion\" data-id=\"a865b63\" data-element_type=\"widget\" data-e-type=\"widget\" data-widget_type=\"accordion.default\">\n\t\t\t\t<div class=\"elementor-widget-container\">\n\t\t\t\t\t\t\t<div class=\"elementor-accordion\">\n\t\t\t\t\t\t\t<div class=\"elementor-accordion-item\">\n\t\t\t\t\t<div id=\"elementor-tab-title-1761\" class=\"elementor-tab-title\" data-tab=\"1\" role=\"button\" aria-controls=\"elementor-tab-content-1761\" aria-expanded=\"false\">\n\t\t\t\t\t\t\t\t\t\t\t\t\t<span class=\"elementor-accordion-icon elementor-accordion-icon-left\" aria-hidden=\"true\">\n\t\t\t\t\t\t\t\t\t\t\t\t\t\t\t<span class=\"elementor-accordion-icon-closed\"><i class=\"fas fa-plus\"><\/i><\/span>\n\t\t\t\t\t\t\t\t<span class=\"elementor-accordion-icon-opened\"><i class=\"fas fa-minus\"><\/i><\/span>\n\t\t\t\t\t\t\t\t\t\t\t\t\t\t<\/span>\n\t\t\t\t\t\t\t\t\t\t\t\t<a class=\"elementor-accordion-title\" tabindex=\"0\">Millilik Ba\u015fvurusu<\/a>\n\t\t\t\t\t<\/div>\n\t\t\t\t\t<div id=\"elementor-tab-content-1761\" class=\"elementor-tab-content elementor-clearfix\" data-tab=\"1\" role=\"region\" aria-labelledby=\"elementor-tab-title-1761\"><p>Milli Sporcu Belgesi Verilmesi Hakk\u0131ndaki Y\u00f6netmeli\u011fin 7. maddesinde belirtilen h\u00fck\u00fcmler gere\u011fince ve\u00a0\u00a0Ayn\u0131 Y\u00f6netmeli\u011fin 8. maddesinde belirtilen hususlara ayk\u0131r\u0131 bir niteli\u011fimin olmad\u0131\u011f\u0131n\u0131 beyan ve kabul eden Bir Form ile Federasyonumuza\u00a0 M\u00fcracaat etmeniz Gerekiyor.<\/p><p>Millilik Ba\u015fvuru M\u00fcracaat Formu indirmek i\u00e7in <a href=\"https:\/\/trf.gov.tr\/wp-content\/uploads\/2023\/12\/MILLILIK-FORMU-1.pdf\">TIKLAYINIZ<\/a><\/p><\/div>\n\t\t\t\t<\/div>\n\t\t\t\t\t\t\t<div class=\"elementor-accordion-item\">\n\t\t\t\t\t<div id=\"elementor-tab-title-1762\" class=\"elementor-tab-title\" data-tab=\"2\" role=\"button\" aria-controls=\"elementor-tab-content-1762\" aria-expanded=\"false\">\n\t\t\t\t\t\t\t\t\t\t\t\t\t<span class=\"elementor-accordion-icon elementor-accordion-icon-left\" aria-hidden=\"true\">\n\t\t\t\t\t\t\t\t\t\t\t\t\t\t\t<span class=\"elementor-accordion-icon-closed\"><i class=\"fas fa-plus\"><\/i><\/span>\n\t\t\t\t\t\t\t\t<span class=\"elementor-accordion-icon-opened\"><i class=\"fas fa-minus\"><\/i><\/span>\n\t\t\t\t\t\t\t\t\t\t\t\t\t\t<\/span>\n\t\t\t\t\t\t\t\t\t\t\t\t<a class=\"elementor-accordion-title\" tabindex=\"0\">Kurs Ba\u015fvuru Formlar\u0131<\/a>\n\t\t\t\t\t<\/div>\n\t\t\t\t\t<div id=\"elementor-tab-content-1762\" class=\"elementor-tab-content elementor-clearfix\" data-tab=\"2\" role=\"region\" aria-labelledby=\"elementor-tab-title-1762\"><p>Hakem Kurslar\u0131 Ba\u015fvuru Formunu \u0130ndirmek i\u00e7in <a href=\"https:\/\/trf.gov.tr\/wp-content\/uploads\/2025\/09\/TIKLAYINIZ.docx\">TIKLAYINIZ<\/a><\/p><p>Antren\u00f6r Kurslar\u0131 Ba\u015fvuru Formunu \u0130ndirmek \u0130\u00e7in <a href=\"https:\/\/trf.gov.tr\/wp-content\/uploads\/2024\/01\/YENI-ANTRENOR-KURS-BILGI-FORMU.docx\">TIKLAYINIZ<\/a><\/p><\/div>\n\t\t\t\t<\/div>\n\t\t\t\t\t\t\t<div class=\"elementor-accordion-item\">\n\t\t\t\t\t<div id=\"elementor-tab-title-1763\" class=\"elementor-tab-title\" data-tab=\"3\" role=\"button\" aria-controls=\"elementor-tab-content-1763\" aria-expanded=\"false\">\n\t\t\t\t\t\t\t\t\t\t\t\t\t<span class=\"elementor-accordion-icon elementor-accordion-icon-left\" aria-hidden=\"true\">\n\t\t\t\t\t\t\t\t\t\t\t\t\t\t\t<span class=\"elementor-accordion-icon-closed\"><i class=\"fas fa-plus\"><\/i><\/span>\n\t\t\t\t\t\t\t\t<span class=\"elementor-accordion-icon-opened\"><i class=\"fas fa-minus\"><\/i><\/span>\n\t\t\t\t\t\t\t\t\t\t\t\t\t\t<\/span>\n\t\t\t\t\t\t\t\t\t\t\t\t<a class=\"elementor-accordion-title\" tabindex=\"0\">Askerlik Tescil Ba\u015fvurusu<\/a>\n\t\t\t\t\t<\/div>\n\t\t\t\t\t<div id=\"elementor-tab-content-1763\" class=\"elementor-tab-content elementor-clearfix\" data-tab=\"3\" role=\"region\" aria-labelledby=\"elementor-tab-title-1763\"><p><a href=\"https:\/\/trf.gov.tr\/wp-content\/uploads\/2023\/12\/askerlik-tecil-formu-MILLI-SPORCU-2.xlsx\">M\u0130LL\u0130 SPORCULAR \u0130\u00c7\u0130N FORMU BURADAN \u0130ND\u0130REB\u0130L\u0130RS\u0130N\u0130Z.<\/a><\/p><p><a href=\"https:\/\/trf.gov.tr\/wp-content\/uploads\/2023\/12\/ASKERLIK-TECIL-1.xlsx\">SPORCULAR \u0130\u00c7\u0130N FORMU BURADAN \u0130ND\u0130REB\u0130L\u0130RS\u0130N\u0130Z.<\/a><\/p><p>NOT: ASKERL\u0130K TESC\u0130L BA\u015eVURUSUNDA BULUNACAK SPORCULARIN <strong>T\u00dcRK\u0130YE RAGB\u0130 FEDERASYONU \u0130BAN NO: TR95 0003 2000 0000 0061 1787 30<\/strong> HESABINA ASGAR\u0130 \u00dcCRET\u0130N \u00dc\u00c7TE B\u0130R\u0130 KADAR \u00dcCRET YATIRMASI GEREKMEKTED\u0130R.<\/p><\/div>\n\t\t\t\t<\/div>\n\t\t\t\t\t\t\t<div class=\"elementor-accordion-item\">\n\t\t\t\t\t<div id=\"elementor-tab-title-1764\" class=\"elementor-tab-title\" data-tab=\"4\" role=\"button\" aria-controls=\"elementor-tab-content-1764\" aria-expanded=\"false\">\n\t\t\t\t\t\t\t\t\t\t\t\t\t<span class=\"elementor-accordion-icon elementor-accordion-icon-left\" aria-hidden=\"true\">\n\t\t\t\t\t\t\t\t\t\t\t\t\t\t\t<span class=\"elementor-accordion-icon-closed\"><i class=\"fas fa-plus\"><\/i><\/span>\n\t\t\t\t\t\t\t\t<span class=\"elementor-accordion-icon-opened\"><i class=\"fas fa-minus\"><\/i><\/span>\n\t\t\t\t\t\t\t\t\t\t\t\t\t\t<\/span>\n\t\t\t\t\t\t\t\t\t\t\t\t<a class=\"elementor-accordion-title\" tabindex=\"0\">Sporcu \u00d6z Ge\u00e7mi\u015fi<\/a>\n\t\t\t\t\t<\/div>\n\t\t\t\t\t<div id=\"elementor-tab-content-1764\" class=\"elementor-tab-content elementor-clearfix\" data-tab=\"4\" role=\"region\" aria-labelledby=\"elementor-tab-title-1764\"><p>FORMU \u0130ND\u0130RMEK \u0130\u00c7\u0130N <a href=\"https:\/\/trf.gov.tr\/wp-content\/uploads\/2024\/07\/Sporcu-Ozgecmis-Basvuru-Formu-duzenlendi.docx\"><span style=\"text-decoration: underline;\">TIKLAYINIZ.<\/span><\/a><\/p><\/div>\n\t\t\t\t<\/div>\n\t\t\t\t\t\t\t<div class=\"elementor-accordion-item\">\n\t\t\t\t\t<div id=\"elementor-tab-title-1765\" class=\"elementor-tab-title\" data-tab=\"5\" role=\"button\" aria-controls=\"elementor-tab-content-1765\" aria-expanded=\"false\">\n\t\t\t\t\t\t\t\t\t\t\t\t\t<span class=\"elementor-accordion-icon elementor-accordion-icon-left\" aria-hidden=\"true\">\n\t\t\t\t\t\t\t\t\t\t\t\t\t\t\t<span class=\"elementor-accordion-icon-closed\"><i class=\"fas fa-plus\"><\/i><\/span>\n\t\t\t\t\t\t\t\t<span class=\"elementor-accordion-icon-opened\"><i class=\"fas fa-minus\"><\/i><\/span>\n\t\t\t\t\t\t\t\t\t\t\t\t\t\t<\/span>\n\t\t\t\t\t\t\t\t\t\t\t\t<a class=\"elementor-accordion-title\" tabindex=\"0\">\u015eeref Ayl\u0131\u011f\u0131 Ba\u015fvurusu<\/a>\n\t\t\t\t\t<\/div>\n\t\t\t\t\t<div id=\"elementor-tab-content-1765\" class=\"elementor-tab-content elementor-clearfix\" data-tab=\"5\" role=\"region\" aria-labelledby=\"elementor-tab-title-1765\"><p>Haz\u0131rlan\u0131yor&#8230;<\/p><\/div>\n\t\t\t\t<\/div>\n\t\t\t\t\t\t\t<div class=\"elementor-accordion-item\">\n\t\t\t\t\t<div id=\"elementor-tab-title-1766\" class=\"elementor-tab-title\" data-tab=\"6\" role=\"button\" aria-controls=\"elementor-tab-content-1766\" aria-expanded=\"false\">\n\t\t\t\t\t\t\t\t\t\t\t\t\t<span class=\"elementor-accordion-icon elementor-accordion-icon-left\" aria-hidden=\"true\">\n\t\t\t\t\t\t\t\t\t\t\t\t\t\t\t<span class=\"elementor-accordion-icon-closed\"><i class=\"fas fa-plus\"><\/i><\/span>\n\t\t\t\t\t\t\t\t<span class=\"elementor-accordion-icon-opened\"><i class=\"fas fa-minus\"><\/i><\/span>\n\t\t\t\t\t\t\t\t\t\t\t\t\t\t<\/span>\n\t\t\t\t\t\t\t\t\t\t\t\t<a class=\"elementor-accordion-title\" tabindex=\"0\">Spor Kul\u00fcb\u00fc bilgi formu<\/a>\n\t\t\t\t\t<\/div>\n\t\t\t\t\t<div id=\"elementor-tab-content-1766\" class=\"elementor-tab-content elementor-clearfix\" data-tab=\"6\" role=\"region\" aria-labelledby=\"elementor-tab-title-1766\"><p><a href=\"https:\/\/trf.gov.tr\/wp-content\/uploads\/2024\/11\/SPOR-KULUBU-BILGI-FORMU-EK-3-1.docx\">Spor Kul\u00fcb\u00fc Bilgi Formu<\/a><\/p><\/div>\n\t\t\t\t<\/div>\n\t\t\t\t\t\t\t<div class=\"elementor-accordion-item\">\n\t\t\t\t\t<div id=\"elementor-tab-title-1767\" class=\"elementor-tab-title\" data-tab=\"7\" role=\"button\" aria-controls=\"elementor-tab-content-1767\" aria-expanded=\"false\">\n\t\t\t\t\t\t\t\t\t\t\t\t\t<span class=\"elementor-accordion-icon elementor-accordion-icon-left\" aria-hidden=\"true\">\n\t\t\t\t\t\t\t\t\t\t\t\t\t\t\t<span class=\"elementor-accordion-icon-closed\"><i class=\"fas fa-plus\"><\/i><\/span>\n\t\t\t\t\t\t\t\t<span class=\"elementor-accordion-icon-opened\"><i class=\"fas fa-minus\"><\/i><\/span>\n\t\t\t\t\t\t\t\t\t\t\t\t\t\t<\/span>\n\t\t\t\t\t\t\t\t\t\t\t\t<a class=\"elementor-accordion-title\" tabindex=\"0\">K\u0130ML\u0130K KARTI BA\u015eVURUSU<\/a>\n\t\t\t\t\t<\/div>\n\t\t\t\t\t<div id=\"elementor-tab-content-1767\" class=\"elementor-tab-content elementor-clearfix\" data-tab=\"7\" role=\"region\" aria-labelledby=\"elementor-tab-title-1767\"><ul><li><span style=\"text-decoration: underline;\"><span style=\"color: #ffffff;\"><a style=\"color: #ffffff; text-decoration: underline;\" href=\"https:\/\/trf.gov.tr\/?p=8882\">M\u0130LL\u0130 SPORCU K\u0130ML\u0130K KARTI<\/a><\/span><\/span><\/li><li><span style=\"text-decoration: underline; color: #ffffff;\"><a style=\"color: #ffffff; text-decoration: underline;\" href=\"https:\/\/trf.gov.tr\/?page_id=8895\">ANTREN\u00d6R K\u0130ML\u0130K KARTI<\/a><\/span><\/li><li><span style=\"text-decoration: underline;\"><span style=\"color: #ffffff;\"><a style=\"color: #ffffff; text-decoration: underline;\" href=\"https:\/\/trf.gov.tr\/?page_id=8886\">HAKEM K\u0130ML\u0130K KARTI<\/a><\/span><\/span><\/li><\/ul><p>NOT: K\u0130ML\u0130K KARTI BA\u015eVURUSUNDA BULUNACAKLARIN <strong>T\u00dcRK\u0130YE RAGB\u0130 FEDERASYONU \u0130BAN NO: TR95 0003 2000 0000 0061 1787 30<\/strong> HESABINA NET ASGAR\u0130 \u00dcCRET\u0130N ELL\u0130DE B\u0130R\u0130 KADAR(661 TL) \u00dcCRET YATIRMASI GEREKMEKTED\u0130R.\u00a0<\/p><p>!!! \u00d6DEME \u0130\u015eLEM\u0130 SIRASINDA A\u00c7IKLAMA KISMINA AD, SOYAD VE \u0130LG\u0130L\u0130 BA\u015eVURUNUN B\u0130LG\u0130S\u0130 ( HAKEM KARTI, ANTREN\u00d6R KARTI, M\u0130LL\u0130 SPORCU KARTI) YAZILMASI GEREKMEKTED\u0130R.<\/p><p>T\u00dcM KART BA\u015eVURULARI \u0130\u00c7\u0130N DEKONT VE FOTO\u011eRAF B\u0130LG\u0130LER\u0130N\u0130 EKS\u0130KS\u0130Z B\u0130R \u015eEK\u0130LDE Y\u00dcKLENMEN\u0130Z GEREKMEKTED\u0130R!<\/p><\/div>\n\t\t\t\t<\/div>\n\t\t\t\t\t\t\t\t<\/div>\n\t\t\t\t\t\t<\/div>\n\t\t\t\t<\/div>\n\t\t\t\t\t<\/div>\n\t\t\t\t<\/div>\n\t\t\t\t<\/div>\n\t\t","protected":false},"excerpt":{"rendered":"<p>Millilik Ba\u015fvurusu Milli Sporcu Belgesi Verilmesi Hakk\u0131ndaki Y\u00f6netmeli\u011fin 7. maddesinde belirtilen h\u00fck\u00fcmler gere\u011fince ve\u00a0\u00a0Ayn\u0131 Y\u00f6netmeli\u011fin 8. maddesinde belirtilen hususlara ayk\u0131r\u0131<\/p>\n","protected":false},"author":1,"featured_media":0,"parent":0,"menu_order":0,"comment_status":"closed","ping_status":"closed","template":"","meta":{"footnotes":""},"class_list":["post-693","page","type-page","status-publish","hentry"],"wpmagazine_modules_lite_featured_media_urls":{"thumbnail":"","cvmm-medium":"","cvmm-medium-plus":"","cvmm-portrait":"","cvmm-medium-square":"","cvmm-large":"","cvmm-small":"","full":""},"categories_names":null,"comments_number":"0","_links":{"self":[{"href":"https:\/\/trf.gov.tr\/index.php?rest_route=\/wp\/v2\/pages\/693","targetHints":{"allow":["GET"]}}],"collection":[{"href":"https:\/\/trf.gov.tr\/index.php?rest_route=\/wp\/v2\/pages"}],"about":[{"href":"https:\/\/trf.gov.tr\/index.php?rest_route=\/wp\/v2\/types\/page"}],"author":[{"embeddable":true,"href":"https:\/\/trf.gov.tr\/index.php?rest_route=\/wp\/v2\/users\/1"}],"replies":[{"embeddable":true,"href":"https:\/\/trf.gov.tr\/index.php?rest_route=%2Fwp%2Fv2%2Fcomments&post=693"}],"version-history":[{"count":158,"href":"https:\/\/trf.gov.tr\/index.php?rest_route=\/wp\/v2\/pages\/693\/revisions"}],"predecessor-version":[{"id":10163,"href":"https:\/\/trf.gov.tr\/index.php?rest_route=\/wp\/v2\/pages\/693\/revisions\/10163"}],"wp:attachment":[{"href":"https:\/\/trf.gov.tr\/index.php?rest_route=%2Fwp%2Fv2%2Fmedia&parent=693"}],"curies":[{"name":"wp","href":"https:\/\/api.w.org\/{rel}","templated":true}]}}