{"id":73,"date":"2023-10-22T18:54:44","date_gmt":"2023-10-22T15:54:44","guid":{"rendered":"https:\/\/trf.gov.tr?page_id=73"},"modified":"2023-10-22T18:54:45","modified_gmt":"2023-10-22T15:54:45","slug":"bilgi-edinme","status":"publish","type":"page","link":"https:\/\/trf.gov.tr\/?page_id=73","title":{"rendered":"Bilgi Edinme"},"content":{"rendered":"\n<p><strong>4982 Say\u0131l\u0131 Bilgi Edinme Ba\u015fvurusu<\/strong><br><a href=\"http:\/\/www.mevzuat.gov.tr\/MevzuatMetin\/21.5.20047189.pdf\">Bilgi Edinme Y\u00f6netmelik<\/a><\/p>\n\n\n\n<p><a href=\"https:\/\/statik.iskur.gov.tr\/tr\/bes\/PDF\/bilgiedinkanun.pdf\">Bilgi Edinme Kanunu<\/a><\/p>\n\n\n\n<p><br><strong>Ba\u015fvuru Formlar\u0131:<\/strong><br><a href=\"http:\/\/www.trf.gov.tr\/uploads\/belgeler\/form_1.doc\">Ger\u00e7ek Ki\u015filer \u0130\u00e7in Bilgi Edinme Ba\u015fvuru Formu<\/a><\/p>\n\n\n\n<p><a href=\"http:\/\/www.trf.gov.tr\/uploads\/belgeler\/tuzel_kisi.pdf\">T\u00fczel Ki\u015filer \u0130\u00e7in Bilgi Edinme Ba\u015fvuru Formu<\/a><br>Yukar\u0131daki formlar\u0131 doldurup faks ya da eposta yolu ile taraf\u0131m\u0131za g\u00f6nderebilirsiniz.<\/p>\n\n\n\n<ul class=\"wp-block-list\">\n<li>+90 (312) 312 86 46 &#8211;&nbsp;0312 309 26 61<\/li>\n\n\n\n<li>+90 (312) 312 39 92<\/li>\n\n\n\n<li><a href=\"mailto:iletisim@trf.gov.tr\">iletisim@trf.gov.tr<\/a><\/li>\n<\/ul>\n","protected":false},"excerpt":{"rendered":"<p>4982 Say\u0131l\u0131 Bilgi Edinme Ba\u015fvurusuBilgi Edinme Y\u00f6netmelik Bilgi Edinme Kanunu Ba\u015fvuru Formlar\u0131:Ger\u00e7ek Ki\u015filer \u0130\u00e7in Bilgi Edinme Ba\u015fvuru Formu T\u00fczel Ki\u015filer<\/p>\n","protected":false},"author":1,"featured_media":0,"parent":0,"menu_order":0,"comment_status":"closed","ping_status":"closed","template":"","meta":{"footnotes":""},"class_list":["post-73","page","type-page","status-publish","hentry"],"wpmagazine_modules_lite_featured_media_urls":{"thumbnail":"","cvmm-medium":"","cvmm-medium-plus":"","cvmm-portrait":"","cvmm-medium-square":"","cvmm-large":"","cvmm-small":"","full":""},"categories_names":null,"comments_number":"0","_links":{"self":[{"href":"https:\/\/trf.gov.tr\/index.php?rest_route=\/wp\/v2\/pages\/73","targetHints":{"allow":["GET"]}}],"collection":[{"href":"https:\/\/trf.gov.tr\/index.php?rest_route=\/wp\/v2\/pages"}],"about":[{"href":"https:\/\/trf.gov.tr\/index.php?rest_route=\/wp\/v2\/types\/page"}],"author":[{"embeddable":true,"href":"https:\/\/trf.gov.tr\/index.php?rest_route=\/wp\/v2\/users\/1"}],"replies":[{"embeddable":true,"href":"https:\/\/trf.gov.tr\/index.php?rest_route=%2Fwp%2Fv2%2Fcomments&post=73"}],"version-history":[{"count":1,"href":"https:\/\/trf.gov.tr\/index.php?rest_route=\/wp\/v2\/pages\/73\/revisions"}],"predecessor-version":[{"id":74,"href":"https:\/\/trf.gov.tr\/index.php?rest_route=\/wp\/v2\/pages\/73\/revisions\/74"}],"wp:attachment":[{"href":"https:\/\/trf.gov.tr\/index.php?rest_route=%2Fwp%2Fv2%2Fmedia&parent=73"}],"curies":[{"name":"wp","href":"https:\/\/api.w.org\/{rel}","templated":true}]}}