{"id":7709,"date":"2025-03-28T02:53:33","date_gmt":"2025-03-27T23:53:33","guid":{"rendered":"https:\/\/trf.gov.tr\/?page_id=7709"},"modified":"2025-03-28T16:25:06","modified_gmt":"2025-03-28T13:25:06","slug":"turkiye-flag-futbolu-2025-faaliyetler-takvim-milli-takim-secim-sureci-ve-hedefler","status":"publish","type":"page","link":"https:\/\/trf.gov.tr\/?page_id=7709","title":{"rendered":"T\u00fcrkiye Flag Futbolu 2025: Faaliyetler, Takvim, Milli Tak\u0131m Se\u00e7im S\u00fcreci ve Hedefler"},"content":{"rendered":"\t\t<div data-elementor-type=\"wp-page\" data-elementor-id=\"7709\" class=\"elementor elementor-7709\">\n\t\t\t\t<div class=\"elementor-element elementor-element-1e4198 e-flex e-con-boxed e-con e-parent\" data-id=\"1e4198\" data-element_type=\"container\" data-e-type=\"container\">\n\t\t\t\t\t<div class=\"e-con-inner\">\n\t\t\t\t<div class=\"elementor-element elementor-element-4fa5bc29 elementor-widget elementor-widget-text-editor\" data-id=\"4fa5bc29\" data-element_type=\"widget\" data-e-type=\"widget\" data-widget_type=\"text-editor.default\">\n\t\t\t\t<div class=\"elementor-widget-container\">\n\t\t\t\t\t\t\t\t\t<p><span style=\"color: #ffffff;\"><\/span><\/p>\n<p>Flag futbolu, T\u00fcrkiye\u2019de son y\u0131llarda b\u00fcy\u00fck bir geli\u015fim g\u00f6stererek 2024 y\u0131l\u0131nda federasyonumuz \u00e7at\u0131s\u0131 alt\u0131nda ilk kez resmi bir \u015fampiyona format\u0131nda oynanm\u0131\u015f ve \u00fc\u00e7 etapl\u0131 s\u00fcre\u00e7 T\u00fcrkiye\u2019nin farkl\u0131 \u015fehirlerinde ba\u015far\u0131yla tamamlanm\u0131\u015ft\u0131r. Bu organizasyon sonucunda, T\u00fcrkiye\u2019nin ilk resmi Kad\u0131nlar Flag Futbolu \u015eampiyonu tescillenmi\u015f ve \u00fclkemiz, bu bran\u015fta \u00f6nemli bir kurumsalla\u015fma ad\u0131m\u0131 atm\u0131\u015ft\u0131r.<\/p>\n<p>Ayr\u0131ca, federasyon y\u00f6netimi taraf\u0131ndan T\u00fcrkiye Ragbi Federasyonu\u2019nun,\u00a0<strong>Uluslararas\u0131 Amerikan Futbolu Federasyonu (IFAF) \u00fcyeli\u011finin ortak \u00fcyelik seviyesinden tam \u00fcyeli\u011fe y\u00fckseltilmesi kararla\u015ft\u0131r\u0131lm\u0131\u015ft\u0131r<\/strong>. Bu \u00f6nemli geli\u015fme, T\u00fcrkiye\u2019nin d\u00fcnya flag futbolundaki temsiliyetini g\u00fc\u00e7lendirecek ve sporcular\u0131m\u0131za uluslararas\u0131 arenada daha fazla f\u0131rsat sunacakt\u0131r.<\/p>\n<p>\u00a0<\/p>\n<h3><strong>Milli Tak\u0131m Se\u00e7im S\u00fcreci ve Haz\u0131rl\u0131k Takvimi<\/strong><\/h3>\n<p>2025 y\u0131l\u0131 faaliyet takvimimizin en \u00f6nemli organizasyonlar\u0131ndan biri,\u00a0<strong>Eyl\u00fcl ay\u0131nda Paris\u2019te d\u00fczenlenecek Yeti\u015fkin Kad\u0131nlar Avrupa Flag Futbolu \u015eampiyonas\u0131d\u0131r<\/strong>. Milli tak\u0131m\u0131m\u0131z\u0131n bu b\u00fcy\u00fck organizasyona en iyi \u015fekilde haz\u0131rlanmas\u0131 i\u00e7in titiz bir se\u00e7im ve haz\u0131rl\u0131k s\u00fcreci y\u00fcr\u00fct\u00fclmektedir..<\/p>\n<p><strong>Yeti\u015fkin Kad\u0131nlar Milli Tak\u0131m se\u00e7im takvimi olu\u015fturulurken, May\u0131s ay\u0131nda Danimarka\u2019n\u0131n Kopenhag \u015fehrinde d\u00fczenlenecek Avrupa\u2019n\u0131n en prestijli \u00f6zel turnuvas\u0131\u00a0temel al\u0131nm\u0131\u015f; haz\u0131rl\u0131klar bu turnuva tarihi do\u011frultusunda planlanm\u0131\u015ft\u0131r<\/strong>. Ge\u00e7ti\u011fimiz y\u0131l yaln\u0131zca hakemlerimizin yer ald\u0131\u011f\u0131 bu organizasyona, bu y\u0131l milli tak\u0131m adaylar\u0131m\u0131z\u0131n da dahil edilmesi kararla\u015ft\u0131r\u0131lm\u0131\u015ft\u0131r. Bu turnuva, oyuncular\u0131m\u0131za uluslararas\u0131 deneyim kazand\u0131r\u0131rken, teknik ekibimize de tak\u0131m\u0131n sahadaki dinamiklerini de\u011ferlendirme f\u0131rsat\u0131 sunacakt\u0131r.<\/p>\n<p>Bu do\u011frultuda,\u00a0<strong>milli tak\u0131m aday kadrosu se\u00e7im s\u00fcreci, Kopenhag\u2019daki turnuvaya en iyi \u015fekilde haz\u0131rlanacak \u015fekilde planlanm\u0131\u015ft\u0131r<\/strong>. Se\u00e7im s\u00fcrecinde; 2023\/2024 sezonuna ait ma\u00e7 videolar\u0131, kul\u00fcplerin sundu\u011fu istatistiksel veriler ve sezon i\u00e7i performanslar detayl\u0131 \u015fekilde analiz edilmi\u015ftir. Ba\u015flang\u0131\u00e7ta,\u00a0<strong>82 oyunculuk bir \u00f6n liste olu\u015fturulmu\u015f, her oyuncu teknik ekip taraf\u0131ndan ayr\u0131 ayr\u0131 de\u011ferlendirilerek kapsaml\u0131 \u00f6n analiz raporlar\u0131 haz\u0131rlanm\u0131\u015ft\u0131r<\/strong>.<\/p>\n<p>2025 y\u0131l\u0131 ilk etap ma\u00e7lar\u0131 sonras\u0131nda,\u00a0<strong>7 ki\u015filik video analiz ekibimiz, ligin ilk 16 tak\u0131m\u0131na ait kar\u015f\u0131la\u015fmalar\u0131 detayl\u0131 \u015fekilde inceleyerek bireysel ve tak\u0131m bazl\u0131 istatistikler olu\u015fturmu\u015ftur<\/strong>. Bu analizlerin ard\u0131ndan, dikkat \u00e7eken yeni oyuncular da de\u011ferlendirmeye al\u0131nm\u0131\u015f ve yakla\u015f\u0131k\u00a0<strong>100 ki\u015filik bir oyuncu havuzu olu\u015fturulmu\u015ftur<\/strong>. Teknik ekip, bu geni\u015f havuz \u00fczerinde kapsaml\u0131 bir analiz s\u00fcreci y\u00fcr\u00fctm\u00fc\u015f ve oyuncu se\u00e7im s\u00fcrecini titizlikle y\u00f6netmi\u015ftir.<\/p>\n<p><\/p>\n<p><span style=\"color: #ffffff;\"><\/span><\/p>\t\t\t\t\t\t\t\t<\/div>\n\t\t\t\t<\/div>\n\t\t\t\t\t<\/div>\n\t\t\t\t<\/div>\n\t\t<div class=\"elementor-element elementor-element-2a5c9f2 e-flex e-con-boxed e-con e-parent\" data-id=\"2a5c9f2\" data-element_type=\"container\" data-e-type=\"container\">\n\t\t\t\t\t<div class=\"e-con-inner\">\n\t\t\t\t<div class=\"elementor-element elementor-element-4dee148 elementor-widget__width-initial elementor-widget elementor-widget-text-editor\" data-id=\"4dee148\" data-element_type=\"widget\" data-e-type=\"widget\" data-widget_type=\"text-editor.default\">\n\t\t\t\t<div class=\"elementor-widget-container\">\n\t\t\t\t\t\t\t\t\t<h3><strong>Oyuncu se\u00e7im kriterleri:<\/strong><\/h3>\n<p>\u2714\u00a0Performans ve istatistikler<\/p>\n<p>\u2714\u00a0Teknik yeterlilik ve \u00e7ok y\u00f6nl\u00fc pozisyon kabiliyeti<\/p>\n<p>\u2714\u00a0Ya\u015f ve deneyim fakt\u00f6rleri<\/p>\n<p>\u2714\u00a0Son y\u0131llardaki geli\u015fim trendleri<\/p>\n<p>\u2714\u00a0Spor ge\u00e7mi\u015flerini sahaya yans\u0131tma bi\u00e7imleri<\/p>\n<p>\u2714\u00a0Milli tak\u0131m stratejik plan\u0131na uyumluluk<\/p>\n<p>\u2714\u00a0Kul\u00fcp antren\u00f6rlerinin oyuncular hakk\u0131ndaki yorumlar\u0131<\/p>\n<p>\u2714 Atletik Temel ve Geli\u015fim Potansiyeli<\/p>\n<p>Bu detayl\u0131 \u00e7al\u0131\u015fma sonucunda,\u00a0<strong>100 ki\u015filik havuzdan 30 ki\u015filik Milli Tak\u0131m Aday Kadrosu belirlenmi\u015ftir<\/strong>. Se\u00e7ilen kadro,\u00a0<strong>genel menajer arac\u0131l\u0131\u011f\u0131yla teknik kurul de\u011ferlendirmesinden ge\u00e7irilmi\u015f ve onay s\u00fcreci tamamlanm\u0131\u015ft\u0131r<\/strong>. Nihai 30 ki\u015filik kadronun belirlenmesinde,\u00a0<strong>6 teknik kurul \u00fcyesi, 4 antren\u00f6r, 6 yard\u0131mc\u0131 g\u00f6lge antren\u00f6r, 1 genel menajer ve 7 ki\u015filik video analiz ekibinden olu\u015fan toplam 24 ki\u015filik bir ekibin imzas\u0131 bulunmaktad\u0131r.<\/strong><\/p>\n<p><strong><span style=\"color: #999999;\"><a style=\"color: #999999;\" href=\"https:\/\/trf.gov.tr\/wp-content\/uploads\/2024\/08\/S22C-6e24080214500-1-1.pdf\">Milli Tak\u0131m Kamp Talimatnamesi<\/a>ne <\/span>uygun olarak Kopenhag turnuvas\u0131 \u00f6ncesinde yap\u0131lacak 3 kamp\u0131n ard\u0131ndan, nihai 15 ki\u015filik kadro belirlenecek ve oyuncular\u0131m\u0131z May\u0131s ay\u0131nda Avrupa\u2019n\u0131n en prestijli \u00f6zel turnuvas\u0131nda m\u00fccadele edeceklerdir<\/strong>. Ayr\u0131ca,\u00a0<strong>Eyl\u00fcl ay\u0131ndaki Avrupa \u015eampiyonas\u0131 \u00f6ncesinde 3 kamp daha d\u00fczenlenecek ve \u00fclkemizi temsil edecek nihai 12 ki\u015filik kadro olu\u015fturulacakt\u0131r<\/strong>.<\/p>\n<p>\u00a0<\/p>\n<p>\u00a0<\/p>\t\t\t\t\t\t\t\t<\/div>\n\t\t\t\t<\/div>\n\t\t\t\t<div class=\"elementor-element elementor-element-763c764 elementor-widget elementor-widget-text-editor\" data-id=\"763c764\" data-element_type=\"widget\" data-e-type=\"widget\" data-widget_type=\"text-editor.default\">\n\t\t\t\t<div class=\"elementor-widget-container\">\n\t\t\t\t\t\t\t\t\t<ol><small>\n<li>Teknik Kurul Ba\u015fkan\u0131: Furkan Beyaz<\/li>\n<li>Teknik Kurul \u00dcye: Erkan Mert Y\u0131lmaz<\/li>\n<li>Teknik Kurul \u00dcye: Fatih Kaya<\/li>\n<li>Teknik Kurul \u00dcye: O\u011fuzcan Berkel<\/li>\n<li>Teknik Kurul \u00dcye: Muratcan \u00c7aml\u0131bel<\/li>\n<li>Teknik Kurul \u00dcye: Tayfur G\u00fcnayo\u011flu<\/li>\n<li>Genel Menajer : Doruk \u00d6rnek\u00e7i<\/li>\n<li>GM Yard\u0131mc\u0131s\u0131: Y\u0131lmaz Berk G\u00fcven<\/li>\n<li>Ba\u015f Antren\u00f6r: Efecan Akdo\u011fan<\/li>\n<li>Ofansif Koordinat\u00f6r : Mert \u015eefik \u00d6zden<\/li>\n<li>Ofansif Antren\u00f6r: \u00d6zge \u00c7elikkale<\/li>\n<li>Ofansif Yard\u0131mc\u0131: \u00c7a\u011fda\u015f G\u00f6ker<\/li>\n<li>Ofansif Yard\u0131mc\u0131: Esat Egemen Alt\u0131karde\u015fler<\/li>\n<li>Defansif Koordinat\u00f6r: Ali G\u00f6khan G\u00fclta\u015flar<\/li>\n<li>Defansif Yard\u0131mc\u0131: Bo\u011fa\u00e7han Peksu<\/li>\n<li>Defansif Yard\u0131mc\u0131: U\u011fur Bilen<\/li>\n<li>Defansif Yard\u0131mc\u0131: Rauf Ceylan<\/li>\n<li>Analiz Ekibi Genel Koordinat\u00f6r\u00fc: Atakan S\u00f6ztekin<\/li>\n<li>Analiz Ekibi \u00dcyesi: Ahmet Rafet G\u00f6k\u00e7e<\/li>\n<li>Analiz Ekibi \u00dcyesi: Enes G\u00fcnay<\/li>\n<li>Analiz Ekibi \u00dcyesi: Halil Hocao\u011flu<\/li>\n<li>Analiz Ekibi \u00dcyesi: Ramazan Onur Acar<\/li>\n<li>Analiz Ekibi \u00dcyesi: Umutcan Y\u0131ld\u0131r\u0131m<\/li>\n<li>Analiz Ekibi \u00dcyesi: Yi\u011fit Taylan U\u011fur<\/li>\n<\/ol>\n<p>Teknik Kurul 28 Mart 2025 tarihine kadar ile sezon i\u00e7erisinde 28, Flag Futbol Milli Tak\u0131m Teknik Ekibi ise 17 adet toplant\u0131 ger\u00e7ekle\u015ftirmi\u015ftir.<\/p>\n<p>&nbsp;<\/p><\/small>\t\t\t\t\t\t\t\t<\/div>\n\t\t\t\t<\/div>\n\t\t\t\t\t<\/div>\n\t\t\t\t<\/div>\n\t\t<div class=\"elementor-element elementor-element-70dbe6c e-flex e-con-boxed e-con e-parent\" data-id=\"70dbe6c\" data-element_type=\"container\" data-e-type=\"container\">\n\t\t\t\t\t<div class=\"e-con-inner\">\n\t\t\t\t<div class=\"elementor-element elementor-element-28972c6 elementor-widget elementor-widget-text-editor\" data-id=\"28972c6\" data-element_type=\"widget\" data-e-type=\"widget\" data-widget_type=\"text-editor.default\">\n\t\t\t\t<div class=\"elementor-widget-container\">\n\t\t\t\t\t\t\t\t\t<p><span style=\"color: #ffffff;\"><\/span><\/p>\n<h3><strong>2025 Y\u0131l\u0131 Faaliyet Program\u0131 ve Antren\u00f6rl\u00fck Geli\u015fim S\u00fcreci<\/strong><\/h3>\n<p>T\u00fcrkiye\u2019de flag futbolunun geli\u015fimini desteklemek amac\u0131yla,\u00a0<strong>Avusturya Federasyonu i\u015f birli\u011fiyle y\u00fcr\u00fct\u00fclen antren\u00f6rl\u00fck e\u011fitim program\u0131 tamamlanmak \u00fczeredir<\/strong>. May\u0131s 2025\u2019te T\u00fcrkiye\u2019de ilk kez\u00a0<strong>flag futbol antren\u00f6rl\u00fck belgelendirme program\u0131<\/strong>\u00a0d\u00fczenlenecek ve uluslararas\u0131 e\u011fitmenler taraf\u0131ndan antren\u00f6rlerimize e\u011fitim verilecektir.<\/p>\n<p>Ayr\u0131ca, teknik kurul ve federasyon y\u00f6netimi taraf\u0131ndan haz\u0131rlanan\u00a0<strong>2025 faaliyet program\u0131<\/strong>\u00a0kapsam\u0131nda \u015fu organizasyonlar planlanm\u0131\u015ft\u0131r:<\/p>\n<p>\u2705\u00a0<strong>Kopenhag \u00d6zel Turnuvas\u0131<\/strong><\/p>\n<p>\u2705\u00a0<strong>Yeti\u015fkin Kad\u0131nlar T\u00fcrkiye Flag Futbolu \u015eampiyonas\u0131 Final Etab\u0131<\/strong><\/p>\n<p>\u2705\u00a0<strong>Yeti\u015fkin Erkekler T\u00fcrkiye Flag Futbol \u015eampiyonas\u0131<\/strong><\/p>\n<p>\u2705\u00a0<strong>Avrupa \u015eampiyonas\u0131 Kamp Program\u0131<\/strong><\/p>\n<p>\u2705\u00a0<strong>Antren\u00f6r E\u011fitimleri ve Hakem Seminerleri<\/strong><\/p>\n<p>\u2705\u00a0<strong>U17 T\u00fcrkiye Gen\u00e7 K\u0131zlar ve Gen\u00e7 Erkekler \u015eampiyonalar\u0131<\/strong><\/p>\n<p>Flag futbolunun T\u00fcrkiye\u2019de g\u00fc\u00e7lenmesi ve uluslararas\u0131 arenada ba\u015far\u0131ya ula\u015fmas\u0131 i\u00e7in t\u00fcm teknik ekip, sporcular ve federasyon olarak b\u00fcy\u00fck bir \u00f6zveriyle \u00e7al\u0131\u015fmaya devam ediyoruz.\u00a0<strong>Hedefimiz, Avrupa \u015eampiyonas\u0131\u2019nda \u00fclkemizi en iyi \u015fekilde temsil etmek ve bu bran\u015f\u0131 T\u00fcrkiye\u2019de daha geni\u015f kitlelere yayarak kal\u0131c\u0131 bir spor k\u00fclt\u00fcr\u00fc olu\u015fturmakt\u0131r<\/strong>.<\/p>\n<p><\/p>\n<p><span style=\"color: #ffffff;\"><\/span><\/p>\t\t\t\t\t\t\t\t<\/div>\n\t\t\t\t<\/div>\n\t\t\t\t<div class=\"elementor-element elementor-element-8d04ae3 elementor-widget elementor-widget-spacer\" data-id=\"8d04ae3\" data-element_type=\"widget\" data-e-type=\"widget\" data-widget_type=\"spacer.default\">\n\t\t\t\t<div class=\"elementor-widget-container\">\n\t\t\t\t\t\t\t<div class=\"elementor-spacer\">\n\t\t\t<div class=\"elementor-spacer-inner\"><\/div>\n\t\t<\/div>\n\t\t\t\t\t\t<\/div>\n\t\t\t\t<\/div>\n\t\t\t\t\t<\/div>\n\t\t\t\t<\/div>\n\t\t\t\t<\/div>\n\t\t","protected":false},"excerpt":{"rendered":"<p>Flag futbolu, T\u00fcrkiye\u2019de son y\u0131llarda b\u00fcy\u00fck bir geli\u015fim g\u00f6stererek 2024 y\u0131l\u0131nda federasyonumuz \u00e7at\u0131s\u0131 alt\u0131nda ilk kez resmi bir \u015fampiyona format\u0131nda<\/p>\n","protected":false},"author":1,"featured_media":0,"parent":0,"menu_order":0,"comment_status":"closed","ping_status":"closed","template":"","meta":{"footnotes":""},"class_list":["post-7709","page","type-page","status-publish","hentry"],"wpmagazine_modules_lite_featured_media_urls":{"thumbnail":"","cvmm-medium":"","cvmm-medium-plus":"","cvmm-portrait":"","cvmm-medium-square":"","cvmm-large":"","cvmm-small":"","full":""},"categories_names":null,"comments_number":"0","_links":{"self":[{"href":"https:\/\/trf.gov.tr\/index.php?rest_route=\/wp\/v2\/pages\/7709","targetHints":{"allow":["GET"]}}],"collection":[{"href":"https:\/\/trf.gov.tr\/index.php?rest_route=\/wp\/v2\/pages"}],"about":[{"href":"https:\/\/trf.gov.tr\/index.php?rest_route=\/wp\/v2\/types\/page"}],"author":[{"embeddable":true,"href":"https:\/\/trf.gov.tr\/index.php?rest_route=\/wp\/v2\/users\/1"}],"replies":[{"embeddable":true,"href":"https:\/\/trf.gov.tr\/index.php?rest_route=%2Fwp%2Fv2%2Fcomments&post=7709"}],"version-history":[{"count":43,"href":"https:\/\/trf.gov.tr\/index.php?rest_route=\/wp\/v2\/pages\/7709\/revisions"}],"predecessor-version":[{"id":7756,"href":"https:\/\/trf.gov.tr\/index.php?rest_route=\/wp\/v2\/pages\/7709\/revisions\/7756"}],"wp:attachment":[{"href":"https:\/\/trf.gov.tr\/index.php?rest_route=%2Fwp%2Fv2%2Fmedia&parent=7709"}],"curies":[{"name":"wp","href":"https:\/\/api.w.org\/{rel}","templated":true}]}}