{"id":79,"date":"2023-10-22T18:57:08","date_gmt":"2023-10-22T15:57:08","guid":{"rendered":"https:\/\/trf.gov.tr?page_id=79"},"modified":"2023-10-25T20:04:37","modified_gmt":"2023-10-25T17:04:37","slug":"hesap-numaralari","status":"publish","type":"page","link":"https:\/\/trf.gov.tr\/?page_id=79","title":{"rendered":"Hesap Numaralar\u0131"},"content":{"rendered":"\n<p><strong>T\u00dcRK\u0130YE RAGB\u0130 FEDERASYONU<\/strong><br><strong>T\u00dcRK EKONOM\u0130 BANKASI<\/strong><\/p>\n\n\n\n<p><strong>61138858-Vadesiz&nbsp;<\/strong><strong>TL Mevduat<\/strong><\/p>\n\n\n\n<p><strong>IBAN-&nbsp;<\/strong>TR360003200000000061138858<\/p>\n\n\n\n<p><strong>61161949-Vadesiz&nbsp;<\/strong><strong>YP Mevduat EURO<\/strong><\/p>\n\n\n\n<p><strong>IBAN &#8211;&nbsp;<\/strong>TR950003200000000061161949<\/p>\n\n\n\n<p><strong>61161919-Vadesiz&nbsp;<\/strong><strong>YP Mevduat USD<\/strong><\/p>\n\n\n\n<p><strong>IBAN &#8211;&nbsp;<\/strong>TR320003200000000061161919<\/p>\n\n\n\n<p><strong>TEB GEL\u0130R HESAP&nbsp; &nbsp;<\/strong>&nbsp; &nbsp; &nbsp; &nbsp;<\/p>\n\n\n\n<p>TR 95 0003 2000 0000 0061 1787 30<\/p>\n\n\n\n<p><strong>HALKBANKASI<\/strong><\/p>\n\n\n\n<p><strong>RESM\u0130 TL&nbsp;<\/strong>&nbsp; &nbsp; &nbsp; &nbsp; &nbsp; &nbsp; &nbsp; &nbsp;<\/p>\n\n\n\n<p>TR 34 0001 2009 1940 0010 0013 59&nbsp; &nbsp;<\/p>\n\n\n\n<p><strong>\u00d6ZEL HESAP&nbsp;<\/strong>&nbsp; &nbsp; &nbsp; &nbsp; &nbsp; &nbsp;<\/p>\n\n\n\n<p>TR 05 0001 2009 2120 0016 00001 74<\/p>\n\n\n\n<p><strong>\u015eUBE<\/strong>&nbsp; &nbsp; &nbsp; &nbsp; &nbsp; &nbsp; &nbsp; &nbsp; &nbsp; &nbsp; &nbsp; &nbsp;<\/p>\n\n\n\n<p>MERKEZ<\/p>\n\n\n\n<p><strong>RESM\u0130 TL&nbsp; &nbsp; &nbsp; &nbsp; &nbsp; &nbsp;<\/strong>&nbsp; &nbsp; &nbsp;<\/p>\n\n\n\n<p>TR 34 0001 2009 1940 0010 0013 59&nbsp; &nbsp;<\/p>\n\n\n\n<p><strong>GEL\u0130R HESAP&nbsp; &nbsp;<\/strong>&nbsp; &nbsp; &nbsp; &nbsp;<\/p>\n\n\n\n<p>TR 77 0001 2009 1940 0010 2600 60<\/p>\n\n\n\n<p><strong>E-devlet \u00fczeri yap\u0131lan ba\u015fvurular i\u00e7in<\/strong><\/p>\n\n\n\n<p>Federasyonumuzun d\u00fczenlemi\u015f oldu\u011fu antren\u00f6rl\u00fck kurslar\u0131, i\u00e7in a\u015fa\u011f\u0131da verilen talimatlar\u0131 takip edebilirsiniz.<\/p>\n\n\n\n<p>E-Devlet ba\u015fvurusu ile olu\u015fturulan antren\u00f6rl\u00fck kayd\u0131ndan sonra sistem taraf\u0131ndan ba\u015fvuru sahibine verilen&nbsp;Referans Numaras\u0131&nbsp;ile&nbsp;TEB&nbsp;Bankas\u0131&nbsp;Gi\u015fesinden veya Cepte Tep uygulamas\u0131 arac\u0131l\u0131\u011f\u0131 ile&nbsp;\u2018\u2018Fatura \u00d6deme ekran\u0131ndan GSB ve Federasyon \u00f6demelerine&#8221;&nbsp;ba\u015fvuru yapaca\u011f\u0131n\u0131z kurs&nbsp;i\u00e7in belirtilen \u00fccret yat\u0131r\u0131l\u0131r.<\/p>\n","protected":false},"excerpt":{"rendered":"<p>T\u00dcRK\u0130YE RAGB\u0130 FEDERASYONUT\u00dcRK EKONOM\u0130 BANKASI 61138858-Vadesiz&nbsp;TL Mevduat IBAN-&nbsp;TR360003200000000061138858 61161949-Vadesiz&nbsp;YP Mevduat EURO IBAN &#8211;&nbsp;TR950003200000000061161949 61161919-Vadesiz&nbsp;YP Mevduat USD IBAN &#8211;&nbsp;TR320003200000000061161919 TEB GEL\u0130R<\/p>\n","protected":false},"author":1,"featured_media":0,"parent":0,"menu_order":0,"comment_status":"closed","ping_status":"closed","template":"","meta":{"footnotes":""},"class_list":["post-79","page","type-page","status-publish","hentry"],"wpmagazine_modules_lite_featured_media_urls":{"thumbnail":"","cvmm-medium":"","cvmm-medium-plus":"","cvmm-portrait":"","cvmm-medium-square":"","cvmm-large":"","cvmm-small":"","full":""},"categories_names":null,"comments_number":"0","_links":{"self":[{"href":"https:\/\/trf.gov.tr\/index.php?rest_route=\/wp\/v2\/pages\/79","targetHints":{"allow":["GET"]}}],"collection":[{"href":"https:\/\/trf.gov.tr\/index.php?rest_route=\/wp\/v2\/pages"}],"about":[{"href":"https:\/\/trf.gov.tr\/index.php?rest_route=\/wp\/v2\/types\/page"}],"author":[{"embeddable":true,"href":"https:\/\/trf.gov.tr\/index.php?rest_route=\/wp\/v2\/users\/1"}],"replies":[{"embeddable":true,"href":"https:\/\/trf.gov.tr\/index.php?rest_route=%2Fwp%2Fv2%2Fcomments&post=79"}],"version-history":[{"count":1,"href":"https:\/\/trf.gov.tr\/index.php?rest_route=\/wp\/v2\/pages\/79\/revisions"}],"predecessor-version":[{"id":80,"href":"https:\/\/trf.gov.tr\/index.php?rest_route=\/wp\/v2\/pages\/79\/revisions\/80"}],"wp:attachment":[{"href":"https:\/\/trf.gov.tr\/index.php?rest_route=%2Fwp%2Fv2%2Fmedia&parent=79"}],"curies":[{"name":"wp","href":"https:\/\/api.w.org\/{rel}","templated":true}]}}