{"id":833,"date":"2023-11-01T12:36:48","date_gmt":"2023-11-01T09:36:48","guid":{"rendered":"https:\/\/trf.gov.tr\/?page_id=833"},"modified":"2026-02-03T11:27:27","modified_gmt":"2026-02-03T08:27:27","slug":"softbol-reglamanlar","status":"publish","type":"page","link":"https:\/\/trf.gov.tr\/?page_id=833","title":{"rendered":"SOFTBOL REGLAMANLAR"},"content":{"rendered":"\t\t<div data-elementor-type=\"wp-page\" data-elementor-id=\"833\" class=\"elementor elementor-833\">\n\t\t\t\t<div class=\"elementor-element elementor-element-5f6a2b7 e-flex e-con-boxed e-con e-parent\" data-id=\"5f6a2b7\" data-element_type=\"container\" data-e-type=\"container\">\n\t\t\t\t\t<div class=\"e-con-inner\">\n\t\t\t\t<div class=\"elementor-element elementor-element-7c934c0 elementor-widget elementor-widget-accordion\" data-id=\"7c934c0\" data-element_type=\"widget\" data-e-type=\"widget\" data-widget_type=\"accordion.default\">\n\t\t\t\t<div class=\"elementor-widget-container\">\n\t\t\t\t\t\t\t<div class=\"elementor-accordion\">\n\t\t\t\t\t\t\t<div class=\"elementor-accordion-item\">\n\t\t\t\t\t<div id=\"elementor-tab-title-1301\" class=\"elementor-tab-title\" data-tab=\"1\" role=\"button\" aria-controls=\"elementor-tab-content-1301\" aria-expanded=\"false\">\n\t\t\t\t\t\t\t\t\t\t\t\t\t<span class=\"elementor-accordion-icon elementor-accordion-icon-left\" aria-hidden=\"true\">\n\t\t\t\t\t\t\t\t\t\t\t\t\t\t\t<span class=\"elementor-accordion-icon-closed\"><i class=\"fas fa-plus\"><\/i><\/span>\n\t\t\t\t\t\t\t\t<span class=\"elementor-accordion-icon-opened\"><i class=\"fas fa-minus\"><\/i><\/span>\n\t\t\t\t\t\t\t\t\t\t\t\t\t\t<\/span>\n\t\t\t\t\t\t\t\t\t\t\t\t<a class=\"elementor-accordion-title\" tabindex=\"0\">2026 YILI REGLAMANLARI<\/a>\n\t\t\t\t\t<\/div>\n\t\t\t\t\t<div id=\"elementor-tab-content-1301\" class=\"elementor-tab-content elementor-clearfix\" data-tab=\"1\" role=\"region\" aria-labelledby=\"elementor-tab-title-1301\"><p><span style=\"color: #ffffff;\"><a href=\"https:\/\/trf.gov.tr\/wp-content\/uploads\/2026\/02\/2026-softbol-turkiye-sampiyonalari-reglamani-1-1.pdf\">2026 Softbol T\u00fcrkiye \u015eampiyonalar\u0131 Reglaman\u0131<\/a><\/span><\/p><\/div>\n\t\t\t\t<\/div>\n\t\t\t\t\t\t\t<div class=\"elementor-accordion-item\">\n\t\t\t\t\t<div id=\"elementor-tab-title-1302\" class=\"elementor-tab-title\" data-tab=\"2\" role=\"button\" aria-controls=\"elementor-tab-content-1302\" aria-expanded=\"false\">\n\t\t\t\t\t\t\t\t\t\t\t\t\t<span class=\"elementor-accordion-icon elementor-accordion-icon-left\" aria-hidden=\"true\">\n\t\t\t\t\t\t\t\t\t\t\t\t\t\t\t<span class=\"elementor-accordion-icon-closed\"><i class=\"fas fa-plus\"><\/i><\/span>\n\t\t\t\t\t\t\t\t<span class=\"elementor-accordion-icon-opened\"><i class=\"fas fa-minus\"><\/i><\/span>\n\t\t\t\t\t\t\t\t\t\t\t\t\t\t<\/span>\n\t\t\t\t\t\t\t\t\t\t\t\t<a class=\"elementor-accordion-title\" tabindex=\"0\">2025 YILI REGLAMANLARI<\/a>\n\t\t\t\t\t<\/div>\n\t\t\t\t\t<div id=\"elementor-tab-content-1302\" class=\"elementor-tab-content elementor-clearfix\" data-tab=\"2\" role=\"region\" aria-labelledby=\"elementor-tab-title-1302\"><p><a href=\"https:\/\/trf.gov.tr\/wp-content\/uploads\/2025\/06\/2025-YILI-SOFTBOL-TURKIYE-SMP.-REGLAMANLARI-1.pdf\">2025-YILI-SOFTBOL-TURKIYE-SMP.-REGLAMANLARI<\/a><\/p><\/div>\n\t\t\t\t<\/div>\n\t\t\t\t\t\t\t<div class=\"elementor-accordion-item\">\n\t\t\t\t\t<div id=\"elementor-tab-title-1303\" class=\"elementor-tab-title\" data-tab=\"3\" role=\"button\" aria-controls=\"elementor-tab-content-1303\" aria-expanded=\"false\">\n\t\t\t\t\t\t\t\t\t\t\t\t\t<span class=\"elementor-accordion-icon elementor-accordion-icon-left\" aria-hidden=\"true\">\n\t\t\t\t\t\t\t\t\t\t\t\t\t\t\t<span class=\"elementor-accordion-icon-closed\"><i class=\"fas fa-plus\"><\/i><\/span>\n\t\t\t\t\t\t\t\t<span class=\"elementor-accordion-icon-opened\"><i class=\"fas fa-minus\"><\/i><\/span>\n\t\t\t\t\t\t\t\t\t\t\t\t\t\t<\/span>\n\t\t\t\t\t\t\t\t\t\t\t\t<a class=\"elementor-accordion-title\" tabindex=\"0\">2024 YILI REGLAMANLARI<\/a>\n\t\t\t\t\t<\/div>\n\t\t\t\t\t<div id=\"elementor-tab-content-1303\" class=\"elementor-tab-content elementor-clearfix\" data-tab=\"3\" role=\"region\" aria-labelledby=\"elementor-tab-title-1303\"><p><a href=\"https:\/\/trf.gov.tr\/wp-content\/uploads\/2024\/02\/BUYUKLER-16-YAS-VE-UZERI-SOFTBOL-TURKIYE-SAMPIYONASI-REGLAMANI.pdf\">-B\u00dcY\u00dcKLER (16 YA\u015e VE \u00dcZER\u0130) SOFTBOL T\u00dcRK\u0130YE \u015eAMP\u0130YONASI REGLAMANI<\/a><\/p><p><a href=\"https:\/\/trf.gov.tr\/wp-content\/uploads\/2024\/02\/2024-U15-SOFTBOL-REGLAMANI-YENI-1.pdf\">-U15 SOFTBOL T\u00dcRK\u0130YE \u015eAMP\u0130YONASI REGLAMANI<\/a><\/p><p><a href=\"https:\/\/trf.gov.tr\/wp-content\/uploads\/2024\/02\/2024-SOFTBOL-U13-REGLAMAN-YENI-1.pdf\">-U13 SOFTBOL T\u00dcRK\u0130YE \u015eAMP\u0130YONASI REGLAMANI<\/a><\/p><\/div>\n\t\t\t\t<\/div>\n\t\t\t\t\t\t\t<div class=\"elementor-accordion-item\">\n\t\t\t\t\t<div id=\"elementor-tab-title-1304\" class=\"elementor-tab-title\" data-tab=\"4\" role=\"button\" aria-controls=\"elementor-tab-content-1304\" aria-expanded=\"false\">\n\t\t\t\t\t\t\t\t\t\t\t\t\t<span class=\"elementor-accordion-icon elementor-accordion-icon-left\" aria-hidden=\"true\">\n\t\t\t\t\t\t\t\t\t\t\t\t\t\t\t<span class=\"elementor-accordion-icon-closed\"><i class=\"fas fa-plus\"><\/i><\/span>\n\t\t\t\t\t\t\t\t<span class=\"elementor-accordion-icon-opened\"><i class=\"fas fa-minus\"><\/i><\/span>\n\t\t\t\t\t\t\t\t\t\t\t\t\t\t<\/span>\n\t\t\t\t\t\t\t\t\t\t\t\t<a class=\"elementor-accordion-title\" tabindex=\"0\">2023 YILI REGLAMANLARI<\/a>\n\t\t\t\t\t<\/div>\n\t\t\t\t\t<div id=\"elementor-tab-content-1304\" class=\"elementor-tab-content elementor-clearfix\" data-tab=\"4\" role=\"region\" aria-labelledby=\"elementor-tab-title-1304\"><p><span style=\"text-decoration: underline;\"><span style=\"color: #ffffff; text-decoration: underline;\"><a style=\"color: #ffffff; text-decoration: underline;\" href=\"https:\/\/trf.gov.tr\/wp-content\/uploads\/2023\/11\/softbol-10-13-yas-turkiye-sampiyonasi-reglaman-1-.pdf\">2023 SOFTBOL 10-13 YA\u015e T\u00dcRK\u0130YE \u015eAMP\u0130YONASI REGLAMANI<\/a><\/span><\/span><\/p><p><span style=\"text-decoration: underline;\"><span style=\"color: #ffffff; text-decoration: underline;\"><a style=\"color: #ffffff; text-decoration: underline;\" href=\"https:\/\/trf.gov.tr\/wp-content\/uploads\/2024\/01\/2023_14_16-yas_softbol_reglaman.pdf\">2023 SOFTBOL 14-16 YA\u015e T\u00dcRK\u0130YE \u015eAMP\u0130YONASI REGLAMANI<\/a><\/span><\/span><\/p><p><span style=\"text-decoration: underline;\"><span style=\"color: #ffffff; text-decoration: underline;\"><a style=\"color: #ffffff; text-decoration: underline;\" href=\"https:\/\/trf.gov.tr\/wp-content\/uploads\/2024\/01\/2023_16_softbol_reglaman.pdf\">2023 SOFTBOL 16 YA\u015e VE \u00dcZER\u0130 T\u00dcRK\u0130YE \u015eAMP\u0130YONASI REGLAMANI<\/a><\/span><\/span><\/p><p><span style=\"text-decoration: underline; color: #ffffff;\"><a style=\"color: #ffffff; text-decoration: underline;\" href=\"https:\/\/trf.gov.tr\/wp-content\/uploads\/2023\/11\/2023-softbol-analig-reglamani.pdf\">2023 YILI SOFTBOL ANAL\u0130G OSMAN BAYRAKTAR SEZONU T\u00dcRK\u0130YE B\u0130R\u0130NC\u0130L\u0130\u011e\u0130 REGLAMANI<\/a><\/span><\/p><\/div>\n\t\t\t\t<\/div>\n\t\t\t\t\t\t\t\t<\/div>\n\t\t\t\t\t\t<\/div>\n\t\t\t\t<\/div>\n\t\t\t\t\t<\/div>\n\t\t\t\t<\/div>\n\t\t\t\t<\/div>\n\t\t","protected":false},"excerpt":{"rendered":"<p>2026 YILI REGLAMANLARI 2026 Softbol T\u00fcrkiye \u015eampiyonalar\u0131 Reglaman\u0131 2025 YILI REGLAMANLARI 2025-YILI-SOFTBOL-TURKIYE-SMP.-REGLAMANLARI 2024 YILI REGLAMANLARI -B\u00dcY\u00dcKLER (16 YA\u015e VE \u00dcZER\u0130)<\/p>\n","protected":false},"author":1,"featured_media":0,"parent":0,"menu_order":0,"comment_status":"closed","ping_status":"closed","template":"","meta":{"footnotes":""},"class_list":["post-833","page","type-page","status-publish","hentry"],"wpmagazine_modules_lite_featured_media_urls":{"thumbnail":"","cvmm-medium":"","cvmm-medium-plus":"","cvmm-portrait":"","cvmm-medium-square":"","cvmm-large":"","cvmm-small":"","full":""},"categories_names":null,"comments_number":"0","_links":{"self":[{"href":"https:\/\/trf.gov.tr\/index.php?rest_route=\/wp\/v2\/pages\/833","targetHints":{"allow":["GET"]}}],"collection":[{"href":"https:\/\/trf.gov.tr\/index.php?rest_route=\/wp\/v2\/pages"}],"about":[{"href":"https:\/\/trf.gov.tr\/index.php?rest_route=\/wp\/v2\/types\/page"}],"author":[{"embeddable":true,"href":"https:\/\/trf.gov.tr\/index.php?rest_route=\/wp\/v2\/users\/1"}],"replies":[{"embeddable":true,"href":"https:\/\/trf.gov.tr\/index.php?rest_route=%2Fwp%2Fv2%2Fcomments&post=833"}],"version-history":[{"count":64,"href":"https:\/\/trf.gov.tr\/index.php?rest_route=\/wp\/v2\/pages\/833\/revisions"}],"predecessor-version":[{"id":9861,"href":"https:\/\/trf.gov.tr\/index.php?rest_route=\/wp\/v2\/pages\/833\/revisions\/9861"}],"wp:attachment":[{"href":"https:\/\/trf.gov.tr\/index.php?rest_route=%2Fwp%2Fv2%2Fmedia&parent=833"}],"curies":[{"name":"wp","href":"https:\/\/api.w.org\/{rel}","templated":true}]}}