{"id":837,"date":"2023-11-01T12:39:06","date_gmt":"2023-11-01T09:39:06","guid":{"rendered":"https:\/\/trf.gov.tr\/?page_id=837"},"modified":"2026-02-03T11:21:55","modified_gmt":"2026-02-03T08:21:55","slug":"beyzbol-reglamanlar","status":"publish","type":"page","link":"https:\/\/trf.gov.tr\/?page_id=837","title":{"rendered":"BEYZBOL REGLAMANLAR"},"content":{"rendered":"\t\t<div data-elementor-type=\"wp-page\" data-elementor-id=\"837\" class=\"elementor elementor-837\">\n\t\t\t\t<div class=\"elementor-element elementor-element-ab05f34 e-flex e-con-boxed e-con e-parent\" data-id=\"ab05f34\" data-element_type=\"container\" data-e-type=\"container\">\n\t\t\t\t\t<div class=\"e-con-inner\">\n\t\t\t\t<div class=\"elementor-element elementor-element-abed1b2 elementor-widget elementor-widget-accordion\" data-id=\"abed1b2\" data-element_type=\"widget\" data-e-type=\"widget\" data-widget_type=\"accordion.default\">\n\t\t\t\t<div class=\"elementor-widget-container\">\n\t\t\t\t\t\t\t<div class=\"elementor-accordion\">\n\t\t\t\t\t\t\t<div class=\"elementor-accordion-item\">\n\t\t\t\t\t<div id=\"elementor-tab-title-1801\" class=\"elementor-tab-title\" data-tab=\"1\" role=\"button\" aria-controls=\"elementor-tab-content-1801\" aria-expanded=\"false\">\n\t\t\t\t\t\t\t\t\t\t\t\t\t<span class=\"elementor-accordion-icon elementor-accordion-icon-left\" aria-hidden=\"true\">\n\t\t\t\t\t\t\t\t\t\t\t\t\t\t\t<span class=\"elementor-accordion-icon-closed\"><i class=\"fas fa-plus\"><\/i><\/span>\n\t\t\t\t\t\t\t\t<span class=\"elementor-accordion-icon-opened\"><i class=\"fas fa-minus\"><\/i><\/span>\n\t\t\t\t\t\t\t\t\t\t\t\t\t\t<\/span>\n\t\t\t\t\t\t\t\t\t\t\t\t<a class=\"elementor-accordion-title\" tabindex=\"0\">2026 YILI REGLAMANLARI<\/a>\n\t\t\t\t\t<\/div>\n\t\t\t\t\t<div id=\"elementor-tab-content-1801\" class=\"elementor-tab-content elementor-clearfix\" data-tab=\"1\" role=\"region\" aria-labelledby=\"elementor-tab-title-1801\"><p><span style=\"color: #ffffff;\"><a href=\"https:\/\/trf.gov.tr\/wp-content\/uploads\/2026\/02\/2026-beyzbol-reglamanlari-1-1.pdf\">2026 Beyzbol Reglaman\u0131<\/a><\/span><\/p><\/div>\n\t\t\t\t<\/div>\n\t\t\t\t\t\t\t<div class=\"elementor-accordion-item\">\n\t\t\t\t\t<div id=\"elementor-tab-title-1802\" class=\"elementor-tab-title\" data-tab=\"2\" role=\"button\" aria-controls=\"elementor-tab-content-1802\" aria-expanded=\"false\">\n\t\t\t\t\t\t\t\t\t\t\t\t\t<span class=\"elementor-accordion-icon elementor-accordion-icon-left\" aria-hidden=\"true\">\n\t\t\t\t\t\t\t\t\t\t\t\t\t\t\t<span class=\"elementor-accordion-icon-closed\"><i class=\"fas fa-plus\"><\/i><\/span>\n\t\t\t\t\t\t\t\t<span class=\"elementor-accordion-icon-opened\"><i class=\"fas fa-minus\"><\/i><\/span>\n\t\t\t\t\t\t\t\t\t\t\t\t\t\t<\/span>\n\t\t\t\t\t\t\t\t\t\t\t\t<a class=\"elementor-accordion-title\" tabindex=\"0\">2025 YILI REGLAMANLARI<\/a>\n\t\t\t\t\t<\/div>\n\t\t\t\t\t<div id=\"elementor-tab-content-1802\" class=\"elementor-tab-content elementor-clearfix\" data-tab=\"2\" role=\"region\" aria-labelledby=\"elementor-tab-title-1802\"><p><a href=\"https:\/\/trf.gov.tr\/wp-content\/uploads\/2025\/01\/2025-Beyzbol-T.S.-Reglamanlari.pdf\">2025-Beyzbol-T\u00fcrkiye \u015eampiyonalar\u0131 Reglamanlar\u0131<\/a><\/p><p><span style=\"color: #ffffff;\"><a href=\"https:\/\/trf.gov.tr\/wp-content\/uploads\/2025\/01\/2025-BEYZBOL5-T.S.-REGLEMANLARI-ea.pdf\">2025 Beyzbol5 T\u00fcrkiye \u015eampiyonalar\u0131 Reglamanlar\u0131<\/a><\/span><\/p><\/div>\n\t\t\t\t<\/div>\n\t\t\t\t\t\t\t<div class=\"elementor-accordion-item\">\n\t\t\t\t\t<div id=\"elementor-tab-title-1803\" class=\"elementor-tab-title\" data-tab=\"3\" role=\"button\" aria-controls=\"elementor-tab-content-1803\" aria-expanded=\"false\">\n\t\t\t\t\t\t\t\t\t\t\t\t\t<span class=\"elementor-accordion-icon elementor-accordion-icon-left\" aria-hidden=\"true\">\n\t\t\t\t\t\t\t\t\t\t\t\t\t\t\t<span class=\"elementor-accordion-icon-closed\"><i class=\"fas fa-plus\"><\/i><\/span>\n\t\t\t\t\t\t\t\t<span class=\"elementor-accordion-icon-opened\"><i class=\"fas fa-minus\"><\/i><\/span>\n\t\t\t\t\t\t\t\t\t\t\t\t\t\t<\/span>\n\t\t\t\t\t\t\t\t\t\t\t\t<a class=\"elementor-accordion-title\" tabindex=\"0\">2024 YILI REGLAMANLARI<\/a>\n\t\t\t\t\t<\/div>\n\t\t\t\t\t<div id=\"elementor-tab-content-1803\" class=\"elementor-tab-content elementor-clearfix\" data-tab=\"3\" role=\"region\" aria-labelledby=\"elementor-tab-title-1803\"><p><a href=\"https:\/\/trf.gov.tr\/wp-content\/uploads\/2024\/09\/10-12-Beyzbol-TS-Reglamani-2024-1.pdf\">10-12 YA\u015e BEYZBOL T\u00dcRK\u0130YE \u015eAMP\u0130YONASI REGLAMANI<\/a><\/p><p><a href=\"https:\/\/trf.gov.tr\/wp-content\/uploads\/2024\/09\/13-16-Beyzbol-TS-Reglamani-2024-1.pdf\">13-16 YA\u015e BEYZBOL T\u00dcRK\u0130YE \u015eAMP\u0130YONASI REGLAMANI<\/a><\/p><p><a href=\"https:\/\/trf.gov.tr\/wp-content\/uploads\/2024\/02\/Buyukler-Beyzbol-T.S-Reglamani-2024.-1.pdf\">B\u00dcY\u00dcKLER BEYZBOL T\u00dcRK\u0130YE \u015eAMP\u0130YONASI REGLAMANI<\/a><\/p><\/div>\n\t\t\t\t<\/div>\n\t\t\t\t\t\t\t<div class=\"elementor-accordion-item\">\n\t\t\t\t\t<div id=\"elementor-tab-title-1804\" class=\"elementor-tab-title\" data-tab=\"4\" role=\"button\" aria-controls=\"elementor-tab-content-1804\" aria-expanded=\"false\">\n\t\t\t\t\t\t\t\t\t\t\t\t\t<span class=\"elementor-accordion-icon elementor-accordion-icon-left\" aria-hidden=\"true\">\n\t\t\t\t\t\t\t\t\t\t\t\t\t\t\t<span class=\"elementor-accordion-icon-closed\"><i class=\"fas fa-plus\"><\/i><\/span>\n\t\t\t\t\t\t\t\t<span class=\"elementor-accordion-icon-opened\"><i class=\"fas fa-minus\"><\/i><\/span>\n\t\t\t\t\t\t\t\t\t\t\t\t\t\t<\/span>\n\t\t\t\t\t\t\t\t\t\t\t\t<a class=\"elementor-accordion-title\" tabindex=\"0\">2023 YILI REGLAMANLARI<\/a>\n\t\t\t\t\t<\/div>\n\t\t\t\t\t<div id=\"elementor-tab-content-1804\" class=\"elementor-tab-content elementor-clearfix\" data-tab=\"4\" role=\"region\" aria-labelledby=\"elementor-tab-title-1804\"><p><a href=\"https:\/\/trf.gov.tr\/wp-content\/uploads\/2023\/11\/10-12-yas-sali-h-c-olak-tu-rki-ye-s-ampi-yonasi-reglamani.pdf\">10-12 YA\u015e SAL\u0130H \u00c7OLAK BEYZBOL T\u00dcRK\u0130YE \u015eAMP\u0130YONASI REGLAMANI<\/a><\/p><p><a href=\"https:\/\/trf.gov.tr\/wp-content\/uploads\/2023\/11\/13-16-yas-sali-h-c-olak-tu-rki-ye-beyzbol-s-ampi-yonasi-reglamani.pdf\">13-16 YA\u015e SAL\u0130H \u00c7OLAK BEYZBOL T\u00dcRK\u0130YE \u015eAMP\u0130YONASI REGLAMANI<\/a><\/p><p><a href=\"https:\/\/trf.gov.tr\/wp-content\/uploads\/2023\/11\/16-yas-ve-uzeri-salih-colak-turkiye-beyzbol-sampiyonasi-reglamani.pdf\">16 YA\u015e VE \u00dcZER\u0130 SAL\u0130H \u00c7OLAK BEYZBOL T\u00dcRK\u0130YE \u015eAMP\u0130YONASI REGLAMANI<\/a><\/p><\/div>\n\t\t\t\t<\/div>\n\t\t\t\t\t\t\t\t<\/div>\n\t\t\t\t\t\t<\/div>\n\t\t\t\t<\/div>\n\t\t\t\t\t<\/div>\n\t\t\t\t<\/div>\n\t\t\t\t<\/div>\n\t\t","protected":false},"excerpt":{"rendered":"<p>2026 YILI REGLAMANLARI 2026 Beyzbol Reglaman\u0131 2025 YILI REGLAMANLARI 2025-Beyzbol-T\u00fcrkiye \u015eampiyonalar\u0131 Reglamanlar\u0131 2025 Beyzbol5 T\u00fcrkiye \u015eampiyonalar\u0131 Reglamanlar\u0131 2024 YILI REGLAMANLARI<\/p>\n","protected":false},"author":1,"featured_media":0,"parent":0,"menu_order":0,"comment_status":"closed","ping_status":"closed","template":"","meta":{"footnotes":""},"class_list":["post-837","page","type-page","status-publish","hentry"],"wpmagazine_modules_lite_featured_media_urls":{"thumbnail":"","cvmm-medium":"","cvmm-medium-plus":"","cvmm-portrait":"","cvmm-medium-square":"","cvmm-large":"","cvmm-small":"","full":""},"categories_names":null,"comments_number":"0","_links":{"self":[{"href":"https:\/\/trf.gov.tr\/index.php?rest_route=\/wp\/v2\/pages\/837","targetHints":{"allow":["GET"]}}],"collection":[{"href":"https:\/\/trf.gov.tr\/index.php?rest_route=\/wp\/v2\/pages"}],"about":[{"href":"https:\/\/trf.gov.tr\/index.php?rest_route=\/wp\/v2\/types\/page"}],"author":[{"embeddable":true,"href":"https:\/\/trf.gov.tr\/index.php?rest_route=\/wp\/v2\/users\/1"}],"replies":[{"embeddable":true,"href":"https:\/\/trf.gov.tr\/index.php?rest_route=%2Fwp%2Fv2%2Fcomments&post=837"}],"version-history":[{"count":61,"href":"https:\/\/trf.gov.tr\/index.php?rest_route=\/wp\/v2\/pages\/837\/revisions"}],"predecessor-version":[{"id":9850,"href":"https:\/\/trf.gov.tr\/index.php?rest_route=\/wp\/v2\/pages\/837\/revisions\/9850"}],"wp:attachment":[{"href":"https:\/\/trf.gov.tr\/index.php?rest_route=%2Fwp%2Fv2%2Fmedia&parent=837"}],"curies":[{"name":"wp","href":"https:\/\/api.w.org\/{rel}","templated":true}]}}