{"id":8895,"date":"2025-10-02T11:09:13","date_gmt":"2025-10-02T08:09:13","guid":{"rendered":"https:\/\/trf.gov.tr\/?page_id=8895"},"modified":"2026-01-30T11:06:58","modified_gmt":"2026-01-30T08:06:58","slug":"antrenor-kimlik-karti-basvuru-formu","status":"publish","type":"page","link":"https:\/\/trf.gov.tr\/?page_id=8895","title":{"rendered":"Antren\u00f6r Kimlik Kart\u0131 Ba\u015fvuru Formu"},"content":{"rendered":"\n<p>NOT: K\u0130ML\u0130K KARTI BA\u015eVURUSUNDA BULUNACAKLARIN <strong>T\u00dcRK\u0130YE RAGB\u0130 FEDERASYONU \u0130BAN NO: TR95 0003 2000 0000 0061 1787 30<\/strong> HESABINA NET ASGAR\u0130 \u00dcCRET\u0130N ELL\u0130DE B\u0130R\u0130 KADAR(661 TL) \u00dcCRET YATIRMASI GEREKMEKTED\u0130R.<\/p>\n\n\n\n<p>T\u00dcM KART BA\u015eVURULARI \u0130\u00c7\u0130N DEKONT VE FOTO\u011eRAF B\u0130LG\u0130LER\u0130N\u0130 EKS\u0130KS\u0130Z B\u0130R \u015eEK\u0130LDE Y\u00dcKLENMEN\u0130Z GEREKMEKTED\u0130R<\/p>\n\n\n<div class=\"everest-forms\"><div class=\"evf-container default\" id=\"evf-7081\"><form id=\"evf-form-7081\" class=\"everest-form\" data-formid=\"7081\" data-ajax_submission=\"0\" data-keyboard_friendly_form=\"0\" data-form_state_type=\"\" method=\"post\" enctype=\"multipart\/form-data\" action=\"\/index.php?rest_route=%2Fwp%2Fv2%2Fpages%2F8895\"><div class=\"evf-field-container\"><input type=\"hidden\" id=\"_wpnonce7081\" name=\"_wpnonce7081\" value=\"825f7aa5cc\" \/><input type=\"hidden\" name=\"_wp_http_referer\" value=\"\/index.php?rest_route=%2Fwp%2Fv2%2Fpages%2F8895\" \/><div class=\"evf-frontend-row\" data-row=\"row_1\" conditional_rules=\"[]\"><div class=\"evf-frontend-grid evf-grid-1\" data-grid=\"grid_1\"><div id=\"evf-7081-field_ys0GeZISRs-1-container\" class=\"evf-field evf-field-first-name form-row validate-required\" data-required-field-message=\"Bu alan gereklidir.\" data-field-id=\"ys0GeZISRs-1\"><label class=\"evf-field-label\" for=\"evf-7081-field_ys0GeZISRs-1\"><span class=\"evf-label\">ADI SOYADI<\/span> <abbr class=\"required\" title=\"Required\">*<\/abbr><\/label><input type=\"text\" id=\"evf-7081-field_ys0GeZISRs-1\" class=\"input-text\" name=\"everest_forms[form_fields][ys0GeZISRs-1]\" required><\/div><div id=\"evf-7081-field_66FR384cge-3-container\" class=\"evf-field evf-field-text form-row validate-required\" data-required-field-message=\"Bu alan gereklidir.\" data-field-id=\"66FR384cge-3\"><label class=\"evf-field-label\" for=\"evf-7081-field_66FR384cge-3\"><span class=\"evf-label\">DO\u011eUM YER\u0130 VE TAR\u0130H\u0130<\/span> <abbr class=\"required\" title=\"Required\">*<\/abbr><\/label><input type=\"text\" id=\"evf-7081-field_66FR384cge-3\" class=\"input-text\" name=\"everest_forms[form_fields][66FR384cge-3]\" required><\/div><div id=\"evf-7081-field_6H6Z01JJXr-28-container\" class=\"evf-field evf-field-text form-row validate-required\" data-required-field-message=\"Bu alan gereklidir.\" data-field-id=\"6H6Z01JJXr-28\"><label class=\"evf-field-label\" for=\"evf-7081-field_6H6Z01JJXr-28\"><span class=\"evf-label\">TC K\u0130ML\u0130K NO<\/span> <abbr class=\"required\" title=\"Required\">*<\/abbr><\/label><input type=\"text\" id=\"evf-7081-field_6H6Z01JJXr-28\" class=\"input-text\" name=\"everest_forms[form_fields][6H6Z01JJXr-28]\" required><\/div><div id=\"evf-7081-field_kDZvNYYSIE-5-container\" class=\"evf-field evf-field-text form-row validate-required\" data-required-field-message=\"Bu alan gereklidir.\" data-field-id=\"kDZvNYYSIE-5\"><label class=\"evf-field-label\" for=\"evf-7081-field_kDZvNYYSIE-5\"><span class=\"evf-label\">ANTREN\u00d6RL\u00dcK BELGES\u0130 KADEMES\u0130<\/span> <abbr class=\"required\" title=\"Required\">*<\/abbr><\/label><input type=\"text\" id=\"evf-7081-field_kDZvNYYSIE-5\" class=\"input-text\" name=\"everest_forms[form_fields][kDZvNYYSIE-5]\" required><\/div><div id=\"evf-7081-field_3H8MdCIerC-6-container\" class=\"evf-field evf-field-text form-row validate-required\" data-required-field-message=\"Bu alan gereklidir.\" data-field-id=\"3H8MdCIerC-6\"><label class=\"evf-field-label\" for=\"evf-7081-field_3H8MdCIerC-6\"><span class=\"evf-label\">BRAN\u015eI<\/span> <abbr class=\"required\" title=\"Required\">*<\/abbr><\/label><input type=\"text\" id=\"evf-7081-field_3H8MdCIerC-6\" class=\"input-text\" name=\"everest_forms[form_fields][3H8MdCIerC-6]\" required><\/div><div id=\"evf-7081-field_KJEHYcwPO9-7-container\" class=\"evf-field evf-field-text form-row validate-required\" data-required-field-message=\"Bu alan gereklidir.\" data-field-id=\"KJEHYcwPO9-7\"><label class=\"evf-field-label\" for=\"evf-7081-field_KJEHYcwPO9-7\"><span class=\"evf-label\">ANTREN\u00d6R BELGE NO<\/span> <abbr class=\"required\" title=\"Required\">*<\/abbr><\/label><input type=\"text\" id=\"evf-7081-field_KJEHYcwPO9-7\" class=\"input-text\" name=\"everest_forms[form_fields][KJEHYcwPO9-7]\" required><\/div><div id=\"evf-7081-field_mj1RDT3T8N-8-container\" class=\"evf-field evf-field-text form-row validate-required\" data-required-field-message=\"Bu alan gereklidir.\" data-field-id=\"mj1RDT3T8N-8\"><label class=\"evf-field-label\" for=\"evf-7081-field_mj1RDT3T8N-8\"><span class=\"evf-label\">ANTREN\u00d6RL\u00dcK BELGE TAR\u0130H\u0130<\/span> <abbr class=\"required\" title=\"Required\">*<\/abbr><\/label><input type=\"text\" id=\"evf-7081-field_mj1RDT3T8N-8\" class=\"input-text\" name=\"everest_forms[form_fields][mj1RDT3T8N-8]\" required><\/div><div id=\"evf-7081-field_rIE6kdYGmp-24-container\" class=\"evf-field evf-field-number form-row validate-required\" data-required-field-message=\"L\u00fctfen ge\u00e7erli bir numara girin.\" data-field-id=\"rIE6kdYGmp-24\"><label class=\"evf-field-label\" for=\"evf-7081-field_rIE6kdYGmp-24\"><span class=\"evf-label\">TELEFON NO<\/span> <abbr class=\"required\" title=\"Required\">*<\/abbr><\/label><input type=\"number\" id=\"evf-7081-field_rIE6kdYGmp-24\" class=\"input-text\" name=\"everest_forms[form_fields][rIE6kdYGmp-24]\" required\/><\/div><div id=\"evf-7081-field_JxvOhaaKlK-25-container\" class=\"evf-field evf-field-email form-row validate-required validate-email\" data-required-field-message=\"Ge\u00e7erli bir email adresi giriniz.\" data-field-id=\"JxvOhaaKlK-25\"><label class=\"evf-field-label\" for=\"evf-7081-field_JxvOhaaKlK-25\"><span class=\"evf-label\">E-MA\u0130L<\/span> <abbr class=\"required\" title=\"Required\">*<\/abbr><\/label><input type=\"email\" id=\"evf-7081-field_JxvOhaaKlK-25\" class=\"input-text\" name=\"everest_forms[form_fields][JxvOhaaKlK-25]\" required ><\/div><div id=\"evf-7081-field_bJgmEQ1WTg-27-container\" class=\"evf-field evf-field-textarea form-row validate-required\" data-required-field-message=\"Bu alan gereklidir.\" data-field-id=\"bJgmEQ1WTg-27\"><label class=\"evf-field-label\" for=\"evf-7081-field_bJgmEQ1WTg-27\"><span class=\"evf-label\">ADRES<\/span> <abbr class=\"required\" title=\"Required\">*<\/abbr><\/label><textarea id=\"evf-7081-field_bJgmEQ1WTg-27\" class=\"input-text\" name=\"everest_forms[form_fields][bJgmEQ1WTg-27]\" required ><\/textarea><\/div><div id=\"evf-7081-field_eKCE2piJId-11-container\" class=\"evf-field evf-field-image-upload form-row\" data-field-id=\"eKCE2piJId-11\"><label class=\"evf-field-label\" for=\"evf-7081-field_eKCE2piJId-11\"><span class=\"evf-label\">FOTO\u011eRAF<\/span> <\/label>\t\t<div class=\"everest-forms-uploader\"\n\t\t\tdata-field-id=\"eKCE2piJId-11\"\n\t\t\tdata-form-id=\"7081\"\n\t\t\tdata-input-name=\"everest_forms_7081_eKCE2piJId-11\"\n\t\t\tdata-extensions=\"jpg,jpeg,jpe,gif,png,bmp,tif,tiff,ico,heic,heif,webp,avif\"\n\t\t\tdata-max-size=\"67108864\"\n\t\t\tdata-max-file-number=\"1\"\n\t\t\tdata-post-max-size=\"67108864\"\n\t\t\tdata-current-file-count=\"0\"\n\t\t\t>\n\t\t\t<div class=\"dz-message\">\n\t\t\t\t<svg xmlns=\"http:\/\/www.w3.org\/2000\/svg\" viewBox=\"0 0 32 32\" width=\"32px\" height=\"32px\" fill=\"#868e96\"><path class=\"cls-1\" d=\"M18.12,17.52,17,16.4V25a1,1,0,0,1-2,0V16.4l-1.12,1.12a1,1,0,0,1-1.42,0,1,1,0,0,1,0-1.41l2.83-2.83a1,1,0,0,1,1.42,0l2.83,2.83a1,1,0,0,1-.71,1.7A1,1,0,0,1,18.12,17.52ZM22,22H20a1,1,0,0,1,0-2h2a4,4,0,0,0,.27-8,1,1,0,0,1-.84-.57,6,6,0,0,0-11.36,1.69,1,1,0,0,1-1,.86H9A3,3,0,0,0,9,20h3a1,1,0,0,1,0,2H9a5,5,0,0,1-.75-9.94A8,8,0,0,1,23,10.1,6,6,0,0,1,22,22Z\"\/><\/svg>\n\t\t\t\t<span class=\"everest-forms-upload-title\">\n\t\t\t\t\tFOTO\u011eRAF Y\u00dcKLEMEK \u0130\u00c7\u0130N S\u00dcR\u00dcKLEY\u0130N\u0130Z.\t\t\t\t<\/span>\n\n\t\t\t\t\t\t\t\t\t<span class=\"everest-forms-upload-hint\">\n\t\t\t\t\t\tSADECE 1 ADET FOTO\u011eRAF(1 MB'TAN K\u00dc\u00c7\u00dcK) Y\u00dcKLEYEB\u0130L\u0130RS\u0130N\u0130Z.\t\t\t\t\t<\/span>\n\t\t\t\t\t\t\t<\/div>\n\t\t\t\t\t<\/div>\n\t\t<input type=\"text\" class=\"dropzone-input input-text\" id=\"everest-forms-7081-field_eKCE2piJId-11\" name=\"everest_forms_7081_eKCE2piJId-11\"  conditional_id=\"\" conditional_rules=''>\n\t\t<\/div><div id=\"evf-7081-field_HP8JoSs98o-13-container\" class=\"evf-field evf-field-file-upload form-row\" data-field-id=\"HP8JoSs98o-13\"><label class=\"evf-field-label\" for=\"evf-7081-field_HP8JoSs98o-13\"><span class=\"evf-label\">DEKONT<\/span> <\/label>\t\t<div class=\"everest-forms-uploader\"\n\t\t\tdata-field-id=\"HP8JoSs98o-13\"\n\t\t\tdata-form-id=\"7081\"\n\t\t\tdata-input-name=\"everest_forms_7081_HP8JoSs98o-13\"\n\t\t\tdata-extensions=\"jpg,jpeg,jpe,gif,png,bmp,tiff,tif,webp,avif,ico,heic,heif,heics,heifs,asf,asx,wmv,wmx,wm,avi,divx,mov,qt,mpeg,mpg,mpe,mp4,m4v,ogv,webm,mkv,3gp,3gpp,3g2,3gp2,txt,asc,c,cc,h,srt,csv,tsv,ics,rtx,css,html,vtt,dfxp,mp3,m4a,m4b,aac,ra,ram,wav,x-wav,ogg,oga,flac,mid,midi,wma,wax,mka,rtf,pdf,class,tar,zip,gz,gzip,rar,7z,psd,xcf,doc,pot,pps,ppt,wri,xla,xls,xlt,xlw,mpp,docx,docm,dotx,dotm,xlsx,xlsm,xlsb,xltx,xltm,xlam,pptx,pptm,ppsx,ppsm,potx,potm,ppam,sldx,sldm,onetoc,onetoc2,onetmp,onepkg,oxps,xps,odt,odp,ods,odg,odc,odb,odf,wp,wpd,key,numbers,pages\"\n\t\t\tdata-max-size=\"67108864\"\n\t\t\tdata-max-file-number=\"1\"\n\t\t\tdata-post-max-size=\"67108864\"\n\t\t\tdata-current-file-count=\"0\"\n\t\t\t>\n\t\t\t<div class=\"dz-message\">\n\t\t\t\t<svg xmlns=\"http:\/\/www.w3.org\/2000\/svg\" viewBox=\"0 0 32 32\" width=\"32px\" height=\"32px\" fill=\"#868e96\"><path class=\"cls-1\" d=\"M18.12,17.52,17,16.4V25a1,1,0,0,1-2,0V16.4l-1.12,1.12a1,1,0,0,1-1.42,0,1,1,0,0,1,0-1.41l2.83-2.83a1,1,0,0,1,1.42,0l2.83,2.83a1,1,0,0,1-.71,1.7A1,1,0,0,1,18.12,17.52ZM22,22H20a1,1,0,0,1,0-2h2a4,4,0,0,0,.27-8,1,1,0,0,1-.84-.57,6,6,0,0,0-11.36,1.69,1,1,0,0,1-1,.86H9A3,3,0,0,0,9,20h3a1,1,0,0,1,0,2H9a5,5,0,0,1-.75-9.94A8,8,0,0,1,23,10.1,6,6,0,0,1,22,22Z\"\/><\/svg>\n\t\t\t\t<span class=\"everest-forms-upload-title\">\n\t\t\t\t\tPDF FORMATINDA DEKONTUNUZU Y\u00dcKLEY\u0130N\u0130Z.\t\t\t\t<\/span>\n\n\t\t\t\t\t\t\t\t\t<span class=\"everest-forms-upload-hint\">\n\t\t\t\t\t\tSADECE 1 ADET DOSYA Y\u00dcKLEYEB\u0130L\u0130RS\u0130N\u0130Z.\t\t\t\t\t<\/span>\n\t\t\t\t\t\t\t<\/div>\n\t\t\t\t\t<\/div>\n\t\t<input type=\"text\" class=\"dropzone-input input-text\" id=\"everest-forms-7081-field_HP8JoSs98o-13\" name=\"everest_forms_7081_HP8JoSs98o-13\"  conditional_id=\"\" conditional_rules=''>\n\t\t<\/div><\/div><\/div><\/div><div class=\"evf-honeypot-container evf-field-hp\"><label for=\"evf-7081-field-hp\" class=\"evf-field-label\">Comment<\/label><input type=\"text\" name=\"everest_forms[hp]\" id=\"evf-7081-field-hp\" class=\"input-text\"><\/div><div class=\"evf-submit-container \" ><input type=\"hidden\" name=\"everest_forms[id]\" value=\"7081\"><input type=\"hidden\" name=\"everest_forms[author]\" value=\"1\"><button type='submit' name='everest_forms[submit]' class='everest-forms-submit-button button evf-submit ' id='evf-submit-7081' value='evf-submit' data-process-text=\"Processing\u2026\" conditional_rules='&quot;&quot;' conditional_id='evf-submit-7081'  id=\"evf-submit-7081\" aria-live=\"assertive\">G\u00d6NDER<\/button><\/div><\/form><\/div><!-- .evf-container --><\/div>\n\n\n\n<p><\/p>\n","protected":false},"excerpt":{"rendered":"<p>NOT: K\u0130ML\u0130K KARTI BA\u015eVURUSUNDA BULUNACAKLARIN T\u00dcRK\u0130YE RAGB\u0130 FEDERASYONU \u0130BAN NO: TR95 0003 2000 0000 0061 1787 30 HESABINA NET ASGAR\u0130<\/p>\n","protected":false},"author":1,"featured_media":0,"parent":0,"menu_order":0,"comment_status":"closed","ping_status":"closed","template":"","meta":{"footnotes":""},"class_list":["post-8895","page","type-page","status-publish","hentry"],"wpmagazine_modules_lite_featured_media_urls":{"thumbnail":"","cvmm-medium":"","cvmm-medium-plus":"","cvmm-portrait":"","cvmm-medium-square":"","cvmm-large":"","cvmm-small":"","full":""},"categories_names":null,"comments_number":"0","_links":{"self":[{"href":"https:\/\/trf.gov.tr\/index.php?rest_route=\/wp\/v2\/pages\/8895","targetHints":{"allow":["GET"]}}],"collection":[{"href":"https:\/\/trf.gov.tr\/index.php?rest_route=\/wp\/v2\/pages"}],"about":[{"href":"https:\/\/trf.gov.tr\/index.php?rest_route=\/wp\/v2\/types\/page"}],"author":[{"embeddable":true,"href":"https:\/\/trf.gov.tr\/index.php?rest_route=\/wp\/v2\/users\/1"}],"replies":[{"embeddable":true,"href":"https:\/\/trf.gov.tr\/index.php?rest_route=%2Fwp%2Fv2%2Fcomments&post=8895"}],"version-history":[{"count":2,"href":"https:\/\/trf.gov.tr\/index.php?rest_route=\/wp\/v2\/pages\/8895\/revisions"}],"predecessor-version":[{"id":9815,"href":"https:\/\/trf.gov.tr\/index.php?rest_route=\/wp\/v2\/pages\/8895\/revisions\/9815"}],"wp:attachment":[{"href":"https:\/\/trf.gov.tr\/index.php?rest_route=%2Fwp%2Fv2%2Fmedia&parent=8895"}],"curies":[{"name":"wp","href":"https:\/\/api.w.org\/{rel}","templated":true}]}}