{"id":923,"date":"2023-11-01T18:02:51","date_gmt":"2023-11-01T15:02:51","guid":{"rendered":"https:\/\/trf.gov.tr\/?page_id=923"},"modified":"2023-11-01T18:02:51","modified_gmt":"2023-11-01T15:02:51","slug":"beyzbol-nedir","status":"publish","type":"page","link":"https:\/\/trf.gov.tr\/?page_id=923","title":{"rendered":"BEYZBOL NED\u0130R ?"},"content":{"rendered":"\n<p>Beyzbol 9 ki\u015fiden olu\u015fan iki tak\u0131m aras\u0131nda oynanan bir oyundur. Beyzbol taktik olarak defansa dayal\u0131 bir oyundur. \u015e\u00f6yle ki; bir tak\u0131m atak pozisyonundayken sahada bir vurucu (the batter), kar\u015f\u0131 tak\u0131mda birisi at\u0131c\u0131 (pitcher) geri kalan\u0131 ise kaleci ve d\u0131\u015f saha oyuncular\u0131 olmak \u00fczere 9 ki\u015fi den olu\u015fur. Bu nedenle oyun defansa dayal\u0131d\u0131r.<\/p>\n\n\n\n<p>Oyun defansa dayal\u0131 olmas\u0131na ra\u011fmen oyunda en fazla atak yapan tak\u0131m yani en fazla ko\u015fu yap\u0131p say\u0131 kazanan tak\u0131m oyunu kazan\u0131r.<\/p>\n\n\n\n<p><strong>Beyzbol\u2019da oyuncu da\u011f\u0131l\u0131m\u0131 nas\u0131ld\u0131r?<\/strong><\/p>\n\n\n\n<p>Beyzbol\u2019da iki tak\u0131m oldu\u011funu ve bu tak\u0131mlarda 9 ki\u015fi oldu\u011funu s\u00f6ylemi\u015ftik. Oyunda bir tak\u0131m defans yaparken bir tak\u0131m da atak yapar. Sahada defans yapan tak\u0131mdan 9 ki\u015fi bulunurken, atak<\/p>\n\n\n\n<p>yapan tak\u0131mdan sadece bir ki\u015fi bulunur. Atak yapan tak\u0131mda sahada bulunan ki\u015fi vurucu (the batter)\u2019dur. &nbsp;Resimde k\u0131rm\u0131z\u0131 kutuda V harfi ile g\u00f6sterilmi\u015ftir.<\/p>\n\n\n\n<p>Defans yapan tak\u0131mda ise 9 ki\u015fi mevcuttur. Defans yapan tak\u0131mda en \u00f6nemli adam at\u0131c\u0131 (pitcher)\u2019d\u0131r. Di\u011fer oyuncular\u0131n da\u011f\u0131l\u0131m\u0131&nbsp; ise a\u015fa\u011f\u0131da ki gibidir. (burada alttaki resme g\u00f6re defans oyuncular\u0131n\u0131 yerleri ve g\u00f6revleri belirtilmi\u015ftir.)<\/p>\n\n\n\n<figure class=\"wp-block-image size-large\"><img fetchpriority=\"high\" decoding=\"async\" width=\"1024\" height=\"929\" src=\"https:\/\/trf.gov.tr\/wp-content\/uploads\/2023\/11\/saha-1024x929.png\" alt=\"\" class=\"wp-image-925\" srcset=\"https:\/\/trf.gov.tr\/wp-content\/uploads\/2023\/11\/saha-1024x929.png 1024w, https:\/\/trf.gov.tr\/wp-content\/uploads\/2023\/11\/saha-300x272.png 300w, https:\/\/trf.gov.tr\/wp-content\/uploads\/2023\/11\/saha-768x697.png 768w, https:\/\/trf.gov.tr\/wp-content\/uploads\/2023\/11\/saha.png 1200w\" sizes=\"(max-width: 1024px) 100vw, 1024px\" \/><\/figure>\n\n\n\n<p><strong>Defans yapan tak\u0131mdaki 9 oyuncu s\u0131ras\u0131yla \u015funlard\u0131r.<\/strong><\/p>\n\n\n\n<p>1) At\u0131c\u0131<br>2) Tutucu<br>3) Birinci Kaleci<br>4) \u0130kinci Kaleci<br>5) \u00dc\u00e7\u00fcnc\u00fc Kaleci<br>6) D\u00f6rd\u00fcnc\u00fc Kaleci (K\u0131sa mesafe kesici ad\u0131n\u0131 da al\u0131r)<br>7) Sol d\u0131\u015f saha oyuncusu<br>8) Orta d\u0131\u015f saha oyuncusu<br>9) Sa\u011f d\u0131\u015f saha oyuncusu<\/p>\n\n\n\n<p>Bu oyuncular\u0131n d\u0131\u015f\u0131nda sahada atak yapan tak\u0131m\u0131n kale ko\u00e7lar\u0131 yer al\u0131r. bunlar resimde k\u0131rm\u0131z\u0131 ile g\u00f6sterilen ve KK k\u0131saltmas\u0131na sahip simgelerdir. Bu adamlar\u0131n g\u00f6revleri atak halinde ko\u015fu yapan ki\u015fileri gerekti\u011finde y\u00f6nlendirmektir.<\/p>\n\n\n\n<p>Resim de ye\u015fille g\u00f6sterilen yerler ise hakemlerin yerleridir. Resimde g\u00f6r\u00fclen vurucu tutucu (2 nolu oyuncu) ve hakemin yer ald\u0131\u011f\u0131 b\u00fcy\u00fck dairenin sa\u011f ve solunda ise iki adet k\u00fc\u00e7\u00fck yuvarlar mevcuttur. Bu yuvarlaklar ise 1. vurucudan sonra s\u0131ras\u0131 gelecek 2. vurucunun durabilece\u011fi yerlerdir. Genel olarak bir Beyzbol sahas\u0131ndaki oyuncu da\u011f\u0131l\u0131m\u0131 bundan ibarettir.<\/p>\n\n\n\n<p><strong>Beyzbol sahas\u0131ndaki temel kavramlar.<\/strong><\/p>\n\n\n\n<p>Bir Beyzbol sahas\u0131ndaki noktalar temel olarak 4 tanedir.<\/p>\n\n\n\n<p>Bunlar:<br>Home Base<br>1. Base<br>2. Base<br>3. Base<\/p>\n\n\n\n<p>Haz\u0131rlayan: Erhan Saka<\/p>\n","protected":false},"excerpt":{"rendered":"<p>Beyzbol 9 ki\u015fiden olu\u015fan iki tak\u0131m aras\u0131nda oynanan bir oyundur. Beyzbol taktik olarak defansa dayal\u0131 bir oyundur. \u015e\u00f6yle ki; bir<\/p>\n","protected":false},"author":1,"featured_media":924,"parent":0,"menu_order":0,"comment_status":"closed","ping_status":"closed","template":"","meta":{"footnotes":""},"class_list":["post-923","page","type-page","status-publish","has-post-thumbnail","hentry"],"wpmagazine_modules_lite_featured_media_urls":{"thumbnail":["https:\/\/trf.gov.tr\/wp-content\/uploads\/2023\/11\/base-4-150x150.jpg",150,150,true],"cvmm-medium":["https:\/\/trf.gov.tr\/wp-content\/uploads\/2023\/11\/base-4.jpg",300,132,false],"cvmm-medium-plus":["https:\/\/trf.gov.tr\/wp-content\/uploads\/2023\/11\/base-4.jpg",305,134,false],"cvmm-portrait":["https:\/\/trf.gov.tr\/wp-content\/uploads\/2023\/11\/base-4.jpg",400,175,false],"cvmm-medium-square":["https:\/\/trf.gov.tr\/wp-content\/uploads\/2023\/11\/base-4.jpg",600,263,false],"cvmm-large":["https:\/\/trf.gov.tr\/wp-content\/uploads\/2023\/11\/base-4.jpg",1024,449,false],"cvmm-small":["https:\/\/trf.gov.tr\/wp-content\/uploads\/2023\/11\/base-4.jpg",130,57,false],"full":["https:\/\/trf.gov.tr\/wp-content\/uploads\/2023\/11\/base-4.jpg",1500,658,false]},"categories_names":null,"comments_number":"0","_links":{"self":[{"href":"https:\/\/trf.gov.tr\/index.php?rest_route=\/wp\/v2\/pages\/923","targetHints":{"allow":["GET"]}}],"collection":[{"href":"https:\/\/trf.gov.tr\/index.php?rest_route=\/wp\/v2\/pages"}],"about":[{"href":"https:\/\/trf.gov.tr\/index.php?rest_route=\/wp\/v2\/types\/page"}],"author":[{"embeddable":true,"href":"https:\/\/trf.gov.tr\/index.php?rest_route=\/wp\/v2\/users\/1"}],"replies":[{"embeddable":true,"href":"https:\/\/trf.gov.tr\/index.php?rest_route=%2Fwp%2Fv2%2Fcomments&post=923"}],"version-history":[{"count":1,"href":"https:\/\/trf.gov.tr\/index.php?rest_route=\/wp\/v2\/pages\/923\/revisions"}],"predecessor-version":[{"id":926,"href":"https:\/\/trf.gov.tr\/index.php?rest_route=\/wp\/v2\/pages\/923\/revisions\/926"}],"wp:featuredmedia":[{"embeddable":true,"href":"https:\/\/trf.gov.tr\/index.php?rest_route=\/wp\/v2\/media\/924"}],"wp:attachment":[{"href":"https:\/\/trf.gov.tr\/index.php?rest_route=%2Fwp%2Fv2%2Fmedia&parent=923"}],"curies":[{"name":"wp","href":"https:\/\/api.w.org\/{rel}","templated":true}]}}