{"id":929,"date":"2023-11-01T18:11:21","date_gmt":"2023-11-01T15:11:21","guid":{"rendered":"https:\/\/trf.gov.tr\/?page_id=929"},"modified":"2023-11-01T18:11:22","modified_gmt":"2023-11-01T15:11:22","slug":"beyzbol-nasil-oynanir","status":"publish","type":"page","link":"https:\/\/trf.gov.tr\/?page_id=929","title":{"rendered":"Beyzbol Nas\u0131l Oynan\u0131r ?"},"content":{"rendered":"\n<p>Atak tak\u0131m\u0131n vurucusu (batter) elinde Beyzbol sopas\u0131yla beklerken, defans tak\u0131m\u0131n\u0131n at\u0131c\u0131s\u0131 (pitcher) elinde top ile sekil-1 deki resimde 1 numaral\u0131 b\u00f6l\u00fcm de yerini al\u0131r. At\u0131c\u0131 (pitcher) ama\u00e7 olarak tam kar\u015f\u0131s\u0131nda yer alan vurucuya (batter) topa vurdurmamak i\u00e7in at\u0131\u015flar yapar.<\/p>\n\n\n\n<figure class=\"wp-block-image size-large\"><img fetchpriority=\"high\" decoding=\"async\" width=\"1024\" height=\"740\" src=\"https:\/\/trf.gov.tr\/wp-content\/uploads\/2023\/11\/Beyzbol-5-1024x740.jpg\" alt=\"\" class=\"wp-image-930\" srcset=\"https:\/\/trf.gov.tr\/wp-content\/uploads\/2023\/11\/Beyzbol-5-1024x740.jpg 1024w, https:\/\/trf.gov.tr\/wp-content\/uploads\/2023\/11\/Beyzbol-5-300x217.jpg 300w, https:\/\/trf.gov.tr\/wp-content\/uploads\/2023\/11\/Beyzbol-5-768x555.jpg 768w, https:\/\/trf.gov.tr\/wp-content\/uploads\/2023\/11\/Beyzbol-5-1536x1109.jpg 1536w, https:\/\/trf.gov.tr\/wp-content\/uploads\/2023\/11\/Beyzbol-5-2048x1479.jpg 2048w\" sizes=\"(max-width: 1024px) 100vw, 1024px\" \/><\/figure>\n\n\n\n<p>Vurucu (batter) ise kendisine do\u011fru at\u0131lan toplara elindeki Beyzbol sopas\u0131yla vurmaya \u00e7al\u0131\u015f\u0131r. Oyun temel olarak bu 2 harekete dayan\u0131r. At\u0131c\u0131 (pitcher) elindeki topu kar\u015f\u0131 tak\u0131m\u0131n vurucusuna do\u011fru f\u0131rlatm\u0131\u015f oldu\u011fu to\u011fu belirlenen \u00f6l\u00e7\u00fc ve kurallar i\u00e7erisinde atmak zorundad\u0131r. Att\u0131\u011f\u0131 topun say\u0131 olabilmesi i\u00e7in bir b\u00f6lgeye denk gelmesi gerekmektedir. Bu b\u00f6lgeye strike b\u00f6lgesi (strike zone) deniliyor. Bu b\u00f6lge yakla\u015f\u0131k olarak vurucunun g\u00f6\u011f\u00fcs hizas\u0131 ile dizleri aras\u0131nda kalan bir aland\u0131r. At\u0131c\u0131 (pitcher) atm\u0131\u015f oldu\u011fu toplar\u0131 bu alana denk getirmek zorundad\u0131r. Aksi takdirde yapm\u0131\u015f oldu\u011fu at\u0131\u015f ge\u00e7ersiz say\u0131lacak (strike out) ve tekrardan atmak zorunda kalacakt\u0131r.<\/p>\n\n\n\n<p>At\u0131c\u0131 taraf\u0131ndan at\u0131lan topu strike b\u00f6lgesinde kurala uygun olarak vuruldu\u011funa, at\u0131c\u0131 taraf\u0131ndan at\u0131lan topun kurala uygun olarak at\u0131ld\u0131\u011f\u0131n\u0131 tutucunun hemen arkas\u0131nda bulunan Plaka Hakemi g\u00f6zlemler ve karar verir.<\/p>\n\n\n\n<p>At\u0131c\u0131 topu yollar ve top strike b\u00f6lgesine denk gelmez ise at\u0131\u015f tekrarlan\u0131r. At\u0131\u015f\u0131n tekrarlanmas\u0131 i\u00e7in vurucunun hamle yapmamas\u0131 gerekmektedir. Burada vurucunun dikkati \u00e7ok \u00f6nemlidir. At\u0131c\u0131n\u0131n atm\u0131\u015f oldu\u011fu top strike b\u00f6lgesine denk gelmez ancak vurucu topa kar\u015f\u0131 hamle yaparsa at\u0131\u015f ge\u00e7erli, vurucu ise \u0131skalam\u0131\u015f say\u0131l\u0131r.<\/p>\n\n\n\n<p>At\u0131c\u0131 bir vurucuya toplam olarak 3 kere top atar. Bu at\u0131\u015flar\u0131n hepsi strike b\u00f6lgesine denk gelirse ve vurucuda \u0131skalam\u0131\u015f ise (strike) o vurucu oyun d\u0131\u015f\u0131na (out) al\u0131n\u0131r. &nbsp;K\u0131saca 3 strike 1 out olur.<\/p>\n\n\n\n<p><strong>Defans yapan tak\u0131m ne zaman atak olur?<\/strong><\/p>\n\n\n\n<p>Atak yapan tak\u0131m 3 kere out olmas\u0131 durumunda yani 3 adet at\u0131c\u0131n\u0131n da (batter) oyun d\u0131\u015f\u0131 kalmas\u0131 halinde o tak\u0131m\u0131n h\u00fccum yapma \u015fans\u0131 biter. Atak yapan tak\u0131m bu sefer defans tak\u0131m\u0131 olarak sahada yerini al\u0131r, yapan tak\u0131m ise atak yapan tak\u0131m pozisyonuna ge\u00e7er ve home base diye adland\u0131r\u0131lan b\u00f6l\u00fcmde vurucusu ile yerini al\u0131r.<\/p>\n\n\n\n<p><strong>VURU\u015e<\/strong><\/p>\n\n\n\n<p>Vurucunun isabet ettirdi\u011fi top faul b\u00f6lgesine d\u00fc\u015ferse yap\u0131lan at\u0131\u015f ge\u00e7ersiz say\u0131larak ve \u0131ska (strike) hanesine 1 say\u0131 eklenir. Vurucu yine isabet ettirdi\u011fi top \u00f6n b\u00f6lgedeki kaleci yada d\u0131\u015f sah oyuncular\u0131 taraf\u0131ndan havada tutulursa yine ba\u015far\u0131s\u0131z bir at\u0131\u015f yapm\u0131\u015f olur.<\/p>\n\n\n\n<figure class=\"wp-block-image size-large\"><img decoding=\"async\" width=\"1024\" height=\"713\" src=\"https:\/\/trf.gov.tr\/wp-content\/uploads\/2023\/11\/faul-1024x713.png\" alt=\"\" class=\"wp-image-931\" srcset=\"https:\/\/trf.gov.tr\/wp-content\/uploads\/2023\/11\/faul-1024x713.png 1024w, https:\/\/trf.gov.tr\/wp-content\/uploads\/2023\/11\/faul-300x209.png 300w, https:\/\/trf.gov.tr\/wp-content\/uploads\/2023\/11\/faul-768x534.png 768w, https:\/\/trf.gov.tr\/wp-content\/uploads\/2023\/11\/faul-825x575.png 825w, https:\/\/trf.gov.tr\/wp-content\/uploads\/2023\/11\/faul-590x410.png 590w, https:\/\/trf.gov.tr\/wp-content\/uploads\/2023\/11\/faul.png 1506w\" sizes=\"(max-width: 1024px) 100vw, 1024px\" \/><\/figure>\n\n\n\n<p>Vurucunun vurdu\u011fu top herhangi bir kaleci yada d\u0131\u015f saha oyuncusu taraf\u0131ndan havada yakalanmaz ve ge\u00e7erli bir b\u00f6lgeye d\u00fc\u015ferse kurallara uygun bir at\u0131\u015f olmu\u015f olur ve vuru\u015fu yapan ki\u015fi elindeki sopay\u0131 atarak home base den 1. kaleye do\u011fru ko\u015fmaya ba\u015flar. Burada mant\u0131k tamamen k\u00f6\u015fe kapmaca oyununda ki gibidir. Vuru\u015f yapan adam ko\u015fucu pozisyonuna ge\u00e7er.<\/p>\n\n\n\n<p>Vurucu vuru\u015ftan sonra &nbsp;home base den \u00e7\u0131karak 4 kaleyi de ge\u00e7erek tekrar home base\u2019ye d\u00f6nerse bir puan alm\u0131\u015f olur. E\u011fer tak\u0131m arkada\u015flar\u0131ndan o esnada di\u011fer kalelerde de oyuncu var ise onlarda home base\u2019ye do\u011fru ko\u015far ve her ki\u015fi i\u00e7in haneye bir puan i\u015flenir.<\/p>\n\n\n\n<p>Ancak defans tak\u0131m oyuncular\u0131 vurulan topu i\u00e7 yada d\u0131\u015f sahada topu yakalamas\u0131 halinde atak tak\u0131m i\u00e7in zor zaman ba\u015flam\u0131\u015f olur. Defans oyuncusu kalelerin \u00f6n\u00fcn\u00fc kesmek yada atak pozisyonunda olan ko\u015fucunun \u00f6n\u00fcn\u00fc kesmek i\u00e7in defans oyuncular\u0131ndan birine dokunan topu ula\u015fmak istedi\u011fi kaledeki defans oyuncusuna ula\u015ft\u0131rarak ko\u015fucuyu diskalifiye eder.<\/p>\n\n\n\n<p>\u00d6rne\u011fin vurucu 1. kaleye do\u011fru ko\u015far ve defans oyuncular\u0131ndan \u00f6nce o kalede bulunan beyaz s\u00fcngere dokunursa o kaleyi kapm\u0131\u015f olur. Ancak defans topu kaleye ko\u015fucudan \u00f6nce gelirse a\u00e7\u0131kta kalarak oyun d\u0131\u015f\u0131 olur.<\/p>\n\n\n\n<p>Bunun yan\u0131nda vurucu sa\u011flam bir vuru\u015f yapt\u0131 ve topu d\u0131\u015f sahada yakalanmas\u0131 zor bir b\u00f6lgeye yollad\u0131 ise ko\u015fucu pozisyonuna ge\u00e7en vurucu ko\u015fu g\u00fcc\u00fcne ba\u011fl\u0131 olarak h\u0131zl\u0131 mant\u0131k y\u00fcr\u00fct\u00fcr ve topun geli\u015f s\u00fcresine ba\u011fl\u0131 olarak t\u00fcm kaleleri ge\u00e7ebilir yada tehlike sezdi\u011fi anda her hangibi bir &nbsp;kalede kalarak bekleyebilir.<\/p>\n\n\n\n<p>Kalede kalan vurucu yerine oyuna yeni vurucu girerek ayn\u0131 i\u015flemler tekrarlan\u0131r.<\/p>\n\n\n\n<p><strong>MA\u00c7 S\u00dcRES\u0130<\/strong><\/p>\n\n\n\n<p>Beyzbol ma\u00e7lar\u0131 toplam 9 periyot (\u0131nning) halinde oynan\u0131r. Ma\u00e7a her zaman misafir tak\u0131m atak tak\u0131m olarak ba\u015flar. Bir periyotta her tak\u0131m bir kere defans bir kere h\u00fccum oynarlar. Bir periyodun tamamlanabilmesi i\u00e7in 2 tak\u0131m\u0131nda atak haklar\u0131 s\u0131ras\u0131n da 3 kez out olmas\u0131 gerekir. Bu \u015eekilde toplam 9 periyot oynan\u0131r. 9 periyot sonunda e\u011fer beraberlik s\u00f6z konusu ise ma\u00e7 uzar. Ma\u00e7\u0131n uzamas\u0131 berberlik bozulana kadar periyotlar halinde devam eder. Ev sahibi tak\u0131m e\u011fer ma\u00e7\u0131n 9. periyodunda h\u00fccum hakk\u0131na sahip ve \u00f6nde ise, isterse h\u00fccum hakk\u0131n\u0131 kullanmadan ma\u00e7\u0131 bitirebilir ve ma\u00e7\u0131 kazanm\u0131\u015f say\u0131l\u0131r.<\/p>\n\n\n\n<p><strong>Genel olarak \u00f6zetler isek;<\/strong><\/p>\n\n\n\n<p>Beyzbol defans a\u011f\u0131rl\u0131k bir oyundur. 9 ki\u015fiyle oynan\u0131r. Oyun genel anlamda at\u0131c\u0131 ve vurucu aras\u0131nda ge\u00e7er. Vurucu 3 kez topu \u0131skalarsa oyun d\u0131\u015f\u0131 kal\u0131r ve at\u0131c\u0131 3 oyuncuyu oyun d\u0131\u015f\u0131na yollarsa bu sefer roller de\u011fi\u015fir ve &nbsp;atak yapan tak\u0131m defans, defans yapan tak\u0131m da atak pozisyonu al\u0131r. Oyun ayn\u0131 \u015fekilde devam eder. Atak yapan tak\u0131m\u0131n say\u0131 kazanmas\u0131 i\u00e7in vurucunun at\u0131c\u0131n\u0131n att\u0131\u011f\u0131 topa vurmas\u0131 ve s\u0131rayla kaleleri ele ge\u00e7irip home base\u2019ye ula\u015fmas\u0131 gerekmektedir. Kaleleri kaparken de kalelere toptan \u00f6nce ula\u015fmas\u0131 gerekir. Aksi takdirde oyun d\u0131\u015f\u0131 kal\u0131r.<\/p>\n\n\n\n<p>Haz\u0131rlayan: Erhan Saka &#8211; G\u00fcng\u00f6r Do\u011fanay<\/p>\n","protected":false},"excerpt":{"rendered":"<p>Atak tak\u0131m\u0131n vurucusu (batter) elinde Beyzbol sopas\u0131yla beklerken, defans tak\u0131m\u0131n\u0131n at\u0131c\u0131s\u0131 (pitcher) elinde top ile sekil-1 deki resimde 1 numaral\u0131<\/p>\n","protected":false},"author":1,"featured_media":932,"parent":0,"menu_order":0,"comment_status":"closed","ping_status":"closed","template":"","meta":{"footnotes":""},"class_list":["post-929","page","type-page","status-publish","has-post-thumbnail","hentry"],"wpmagazine_modules_lite_featured_media_urls":{"thumbnail":["https:\/\/trf.gov.tr\/wp-content\/uploads\/2023\/11\/base-6-150x150.jpg",150,150,true],"cvmm-medium":["https:\/\/trf.gov.tr\/wp-content\/uploads\/2023\/11\/base-6.jpg",300,132,false],"cvmm-medium-plus":["https:\/\/trf.gov.tr\/wp-content\/uploads\/2023\/11\/base-6.jpg",305,134,false],"cvmm-portrait":["https:\/\/trf.gov.tr\/wp-content\/uploads\/2023\/11\/base-6.jpg",400,175,false],"cvmm-medium-square":["https:\/\/trf.gov.tr\/wp-content\/uploads\/2023\/11\/base-6.jpg",600,263,false],"cvmm-large":["https:\/\/trf.gov.tr\/wp-content\/uploads\/2023\/11\/base-6.jpg",1024,449,false],"cvmm-small":["https:\/\/trf.gov.tr\/wp-content\/uploads\/2023\/11\/base-6.jpg",130,57,false],"full":["https:\/\/trf.gov.tr\/wp-content\/uploads\/2023\/11\/base-6.jpg",1500,658,false]},"categories_names":null,"comments_number":"0","_links":{"self":[{"href":"https:\/\/trf.gov.tr\/index.php?rest_route=\/wp\/v2\/pages\/929","targetHints":{"allow":["GET"]}}],"collection":[{"href":"https:\/\/trf.gov.tr\/index.php?rest_route=\/wp\/v2\/pages"}],"about":[{"href":"https:\/\/trf.gov.tr\/index.php?rest_route=\/wp\/v2\/types\/page"}],"author":[{"embeddable":true,"href":"https:\/\/trf.gov.tr\/index.php?rest_route=\/wp\/v2\/users\/1"}],"replies":[{"embeddable":true,"href":"https:\/\/trf.gov.tr\/index.php?rest_route=%2Fwp%2Fv2%2Fcomments&post=929"}],"version-history":[{"count":1,"href":"https:\/\/trf.gov.tr\/index.php?rest_route=\/wp\/v2\/pages\/929\/revisions"}],"predecessor-version":[{"id":933,"href":"https:\/\/trf.gov.tr\/index.php?rest_route=\/wp\/v2\/pages\/929\/revisions\/933"}],"wp:featuredmedia":[{"embeddable":true,"href":"https:\/\/trf.gov.tr\/index.php?rest_route=\/wp\/v2\/media\/932"}],"wp:attachment":[{"href":"https:\/\/trf.gov.tr\/index.php?rest_route=%2Fwp%2Fv2%2Fmedia&parent=929"}],"curies":[{"name":"wp","href":"https:\/\/api.w.org\/{rel}","templated":true}]}}