{"id":945,"date":"2023-11-01T18:20:11","date_gmt":"2023-11-01T15:20:11","guid":{"rendered":"https:\/\/trf.gov.tr\/?page_id=945"},"modified":"2023-11-01T18:20:11","modified_gmt":"2023-11-01T15:20:11","slug":"puan-tablosu-ve-terimler","status":"publish","type":"page","link":"https:\/\/trf.gov.tr\/?page_id=945","title":{"rendered":"Puan Tablosu ve Terimler"},"content":{"rendered":"\n<p><strong>W<\/strong>&nbsp;\u2014 Galibiyet ma\u00e7 say\u0131s\u0131<\/p>\n\n\n\n<p><strong>L<\/strong>&nbsp;\u2014 yenilgi ma\u00e7 say\u0131s\u0131<\/p>\n\n\n\n<p><strong>PCT<\/strong>&nbsp;\u2014 (Winning Percentage ) Galibiyetin, Toplam oyuna oran\u0131 Form\u00fcl PCT= Wins \/ W+L<\/p>\n\n\n\n<p><strong>GB<\/strong>&nbsp;\u2014 (Games behind,) Lider tak\u0131m\u0131 ve Takip eden tak\u0131m\u0131n galibiyet (W) ve yenildi\u011fi ma\u00e7 say\u0131n\u0131n farklar\u0131n\u0131n toplam\u0131n\u0131n yar\u0131s\u0131 \u00f6rnek: (W1 -W2) + (L1 &#8211; L2) \/ 2 = GB NOT: W1 Lider tak\u0131m\u0131n galibiyeti W2 ikinci durumdaki tak\u0131m\u0131n galibiyeti.<\/p>\n\n\n\n<p><strong>E #<\/strong>&nbsp;(Elimination Number) Lider tak\u0131m\u0131n galibiyet say\u0131s\u0131 (w) ile hesaplanacak tak\u0131m\u0131n yenilgi say\u0131s\u0131 (L) toplan\u0131r 163 say\u0131s\u0131ndan \u00e7\u0131kar\u0131larak bulunur, E# = (W1 + L3 ) \u2014 163<\/p>\n\n\n\n<p>WCGB Wild Card Games Behind<\/p>\n\n\n\n<p><strong>L10<\/strong>&nbsp;Son oynanan 10 oyun galibiyet ve yenilgi say\u0131lar\u0131 \u00f6rnek: Boston (6-4) 6 galibiyeti, 4 yenilgi say\u0131s\u0131n\u0131 g\u00f6steriyor.<\/p>\n\n\n\n<p><strong>STRK<\/strong>&nbsp;(Streak) Her tak\u0131m\u0131n hedeflerini g\u00f6sterir, \u00f6rnek: Boston 4 ma\u00e7l\u0131k galibiyet serisi var, NY yenilgiden sonra ilk galibiyet serisine ba\u015flam\u0131\u015f, Tampa \u00dc\u00e7 ma\u00e7l\u0131k yenilgi serisi var gibi<\/p>\n\n\n\n<p><strong>HOME<\/strong>&nbsp;Tak\u0131mlar\u0131m evlerinde oynad\u0131\u011f\u0131 oyunlar\u0131n durumu birincisi (W) ikincisi ( L)<\/p>\n\n\n\n<p><strong>ROAD<\/strong>&nbsp;Tak\u0131mlar\u0131n deplasman daki oynad\u0131\u011f\u0131 oyunlar\u0131n durumu<\/p>\n\n\n\n<p><strong>LAST GAME<\/strong>&nbsp;(Son oyun) \u00f6rnek: Boston (9\/9 vs TB, W 9-0) , 9\/9 ma\u00e7 tarihi TB rakip tak\u0131m<\/p>\n\n\n\n<p><strong>TAMPA W<\/strong>&nbsp;galibiyetini g\u00f6steriyor, 9-0 ma\u00e7 skore<\/p>\n\n\n\n<p><strong>NEXT GAME<\/strong>&nbsp;( Gelecek oyun) \u00f6rnek: Boston (9\/10 vs TB, 1:35 PM ) 9\/10 ma\u00e7 tarihi ( tarih ABD Format\u0131 1. Ay, 2. G\u00fcn) oynayaca\u011f\u0131 tak\u0131m TB (TAMBA), 1:35 PM Ma\u00e7 saati<\/p>\n\n\n\n<p>Haz\u0131rlayan: Erhan Saka<\/p>\n","protected":false},"excerpt":{"rendered":"<p>W&nbsp;\u2014 Galibiyet ma\u00e7 say\u0131s\u0131 L&nbsp;\u2014 yenilgi ma\u00e7 say\u0131s\u0131 PCT&nbsp;\u2014 (Winning Percentage ) Galibiyetin, Toplam oyuna oran\u0131 Form\u00fcl PCT= Wins \/<\/p>\n","protected":false},"author":1,"featured_media":937,"parent":0,"menu_order":0,"comment_status":"closed","ping_status":"closed","template":"","meta":{"footnotes":""},"class_list":["post-945","page","type-page","status-publish","has-post-thumbnail","hentry"],"wpmagazine_modules_lite_featured_media_urls":{"thumbnail":["https:\/\/trf.gov.tr\/wp-content\/uploads\/2023\/11\/base-01-150x150.jpg",150,150,true],"cvmm-medium":["https:\/\/trf.gov.tr\/wp-content\/uploads\/2023\/11\/base-01.jpg",300,132,false],"cvmm-medium-plus":["https:\/\/trf.gov.tr\/wp-content\/uploads\/2023\/11\/base-01.jpg",305,134,false],"cvmm-portrait":["https:\/\/trf.gov.tr\/wp-content\/uploads\/2023\/11\/base-01.jpg",400,175,false],"cvmm-medium-square":["https:\/\/trf.gov.tr\/wp-content\/uploads\/2023\/11\/base-01.jpg",600,263,false],"cvmm-large":["https:\/\/trf.gov.tr\/wp-content\/uploads\/2023\/11\/base-01.jpg",1024,449,false],"cvmm-small":["https:\/\/trf.gov.tr\/wp-content\/uploads\/2023\/11\/base-01.jpg",130,57,false],"full":["https:\/\/trf.gov.tr\/wp-content\/uploads\/2023\/11\/base-01.jpg",1500,658,false]},"categories_names":null,"comments_number":"0","_links":{"self":[{"href":"https:\/\/trf.gov.tr\/index.php?rest_route=\/wp\/v2\/pages\/945","targetHints":{"allow":["GET"]}}],"collection":[{"href":"https:\/\/trf.gov.tr\/index.php?rest_route=\/wp\/v2\/pages"}],"about":[{"href":"https:\/\/trf.gov.tr\/index.php?rest_route=\/wp\/v2\/types\/page"}],"author":[{"embeddable":true,"href":"https:\/\/trf.gov.tr\/index.php?rest_route=\/wp\/v2\/users\/1"}],"replies":[{"embeddable":true,"href":"https:\/\/trf.gov.tr\/index.php?rest_route=%2Fwp%2Fv2%2Fcomments&post=945"}],"version-history":[{"count":1,"href":"https:\/\/trf.gov.tr\/index.php?rest_route=\/wp\/v2\/pages\/945\/revisions"}],"predecessor-version":[{"id":946,"href":"https:\/\/trf.gov.tr\/index.php?rest_route=\/wp\/v2\/pages\/945\/revisions\/946"}],"wp:featuredmedia":[{"embeddable":true,"href":"https:\/\/trf.gov.tr\/index.php?rest_route=\/wp\/v2\/media\/937"}],"wp:attachment":[{"href":"https:\/\/trf.gov.tr\/index.php?rest_route=%2Fwp%2Fv2%2Fmedia&parent=945"}],"curies":[{"name":"wp","href":"https:\/\/api.w.org\/{rel}","templated":true}]}}