{"id":957,"date":"2023-11-01T18:56:41","date_gmt":"2023-11-01T15:56:41","guid":{"rendered":"https:\/\/trf.gov.tr\/?page_id=957"},"modified":"2023-11-01T18:56:42","modified_gmt":"2023-11-01T15:56:42","slug":"korumali-futbol-tarihcesi","status":"publish","type":"page","link":"https:\/\/trf.gov.tr\/?page_id=957","title":{"rendered":"Korumal\u0131 Futbol Tarih\u00e7esi"},"content":{"rendered":"\n<p>Her \u015fey, futbolun kurallar\u0131ndan s\u0131k\u0131lan bir \u0130ngiliz oyuncunun, oyun s\u0131ras\u0131nda topa ayakla vurmaktan s\u0131k\u0131l\u0131p, topu eline al\u0131p ko\u015fmas\u0131yla ba\u015flam\u0131\u015f. Bu, her ne kadar normal futbolda kurallar\u0131n a\u00e7\u0131k bir \u015fekilde ihlali olsa da, oyuna bu yeni yakla\u015f\u0131m\u0131n di\u011fer oyuncular\u0131n da ho\u015funa gitmesi \u00fczerine rugby oyunu do\u011fmu\u015ftur.<\/p>\n\n\n\n<p>Ba\u015flang\u0131\u00e7ta oyun, bug\u00fcnk\u00fc oyundan \u00e7ok farkl\u0131yd\u0131. 1880 ve takip eden \u00fc\u00e7 y\u0131l i\u00e7inde Yale oyuncusu Walter Camp, Uluslararas\u0131 Futbol Birli\u011fi\u2019ni (IFA) \u00f6nemli de\u011fi\u015fiklikler yapmaya ikna ederek, oyunu bug\u00fcnk\u00fc haline \u00e7ok yakla\u015ft\u0131rm\u0131\u015ft\u0131r. Bu \u00e7abalar\u0131ndan dolay\u0131, Walter Camp bug\u00fcn Amerikan futbolu\u2019nun babas\u0131 olarak kabul edilmektedir.<\/p>\n\n\n\n<p>Kolej futbolu, 20. y\u00fczy\u0131la kadar kendi i\u00e7erisinde bir lig kurarak geli\u015fmi\u015ftir. Bu tarihten sonra profesyonel tak\u0131mlar ortaya \u00e7\u0131kmaya ba\u015flam\u0131\u015ft\u0131r. Ayn\u0131 tarihlerde,&nbsp;Korumal\u0131&nbsp;futbol, yeni kurulan NCAA (Ulusal Kolejler Atletik Birli\u011fi) alt\u0131nda hizmet vermeye ba\u015flam\u0131\u015f ve profesyonel oyunun kurallar\u0131n\u0131n temeli de kolej ligi kurallar\u0131ndan al\u0131narak uyarlanmaya ba\u015flanm\u0131\u015ft\u0131r.<\/p>\n\n\n\n<p>1920\u2019lerde ondan fazla profesyonel yap\u0131da tak\u0131mlar, bir araya gelip, NFL (Ulusal Futbol Ligi) olarak bildi\u011fimiz organizasyonunun temellerini atm\u0131\u015flar ve oyun kurallar\u0131na zaman i\u00e7erisinde getirdikleri de\u011fi\u015fikliklerle; oyunu Amerika\u2019 da bir numaral\u0131 spor haline getirmeyi ba\u015farm\u0131\u015flard\u0131r. Oyun Amerika\u2019da h\u0131zla yay\u0131l\u0131p taraftar bulduk\u00e7a, NFL\u2019e rakip yeni ligler ortaya \u00e7\u0131kmaya ba\u015flam\u0131\u015ft\u0131r.<\/p>\n\n\n\n<p>Ancak NFL o kadar g\u00fc\u00e7l\u00fc bir hale gelmi\u015fti ki, sonucunda di\u011fer ligler fazla dayanamam\u0131\u015ft\u0131r.&nbsp;Korumal\u0131 futbol, \u00f6zellikle yurt d\u0131\u015f\u0131ndaki Amerikal\u0131 askerlerin oyunu tan\u0131tmas\u0131yla di\u011fer k\u0131talara da zaman i\u00e7inde yay\u0131lm\u0131\u015f ve giderek d\u00fcnya \u00e7ap\u0131nda oynanan bir spor haline gelmi\u015ftir.<\/p>\n\n\n\n<p>Bilgiler&nbsp;<a href=\"http:\/\/www.egitim.com\/\">egitim.com<\/a>&#8216;dan al\u0131nm\u0131\u015ft\u0131r.<\/p>\n","protected":false},"excerpt":{"rendered":"<p>Her \u015fey, futbolun kurallar\u0131ndan s\u0131k\u0131lan bir \u0130ngiliz oyuncunun, oyun s\u0131ras\u0131nda topa ayakla vurmaktan s\u0131k\u0131l\u0131p, topu eline al\u0131p ko\u015fmas\u0131yla ba\u015flam\u0131\u015f. Bu,<\/p>\n","protected":false},"author":1,"featured_media":958,"parent":0,"menu_order":0,"comment_status":"closed","ping_status":"closed","template":"","meta":{"footnotes":""},"class_list":["post-957","page","type-page","status-publish","has-post-thumbnail","hentry"],"wpmagazine_modules_lite_featured_media_urls":{"thumbnail":["https:\/\/trf.gov.tr\/wp-content\/uploads\/2023\/11\/N028_0009_001-150x150.jpg",150,150,true],"cvmm-medium":["https:\/\/trf.gov.tr\/wp-content\/uploads\/2023\/11\/N028_0009_001.jpg",300,169,false],"cvmm-medium-plus":["https:\/\/trf.gov.tr\/wp-content\/uploads\/2023\/11\/N028_0009_001.jpg",305,172,false],"cvmm-portrait":["https:\/\/trf.gov.tr\/wp-content\/uploads\/2023\/11\/N028_0009_001.jpg",400,225,false],"cvmm-medium-square":["https:\/\/trf.gov.tr\/wp-content\/uploads\/2023\/11\/N028_0009_001.jpg",600,338,false],"cvmm-large":["https:\/\/trf.gov.tr\/wp-content\/uploads\/2023\/11\/N028_0009_001.jpg",1024,576,false],"cvmm-small":["https:\/\/trf.gov.tr\/wp-content\/uploads\/2023\/11\/N028_0009_001.jpg",130,73,false],"full":["https:\/\/trf.gov.tr\/wp-content\/uploads\/2023\/11\/N028_0009_001.jpg",1920,1080,false]},"categories_names":null,"comments_number":"0","_links":{"self":[{"href":"https:\/\/trf.gov.tr\/index.php?rest_route=\/wp\/v2\/pages\/957","targetHints":{"allow":["GET"]}}],"collection":[{"href":"https:\/\/trf.gov.tr\/index.php?rest_route=\/wp\/v2\/pages"}],"about":[{"href":"https:\/\/trf.gov.tr\/index.php?rest_route=\/wp\/v2\/types\/page"}],"author":[{"embeddable":true,"href":"https:\/\/trf.gov.tr\/index.php?rest_route=\/wp\/v2\/users\/1"}],"replies":[{"embeddable":true,"href":"https:\/\/trf.gov.tr\/index.php?rest_route=%2Fwp%2Fv2%2Fcomments&post=957"}],"version-history":[{"count":1,"href":"https:\/\/trf.gov.tr\/index.php?rest_route=\/wp\/v2\/pages\/957\/revisions"}],"predecessor-version":[{"id":959,"href":"https:\/\/trf.gov.tr\/index.php?rest_route=\/wp\/v2\/pages\/957\/revisions\/959"}],"wp:featuredmedia":[{"embeddable":true,"href":"https:\/\/trf.gov.tr\/index.php?rest_route=\/wp\/v2\/media\/958"}],"wp:attachment":[{"href":"https:\/\/trf.gov.tr\/index.php?rest_route=%2Fwp%2Fv2%2Fmedia&parent=957"}],"curies":[{"name":"wp","href":"https:\/\/api.w.org\/{rel}","templated":true}]}}