{"id":964,"date":"2023-11-01T19:01:25","date_gmt":"2023-11-01T16:01:25","guid":{"rendered":"https:\/\/trf.gov.tr\/?page_id=964"},"modified":"2023-11-01T19:01:26","modified_gmt":"2023-11-01T16:01:26","slug":"softbol-nedir","status":"publish","type":"page","link":"https:\/\/trf.gov.tr\/?page_id=964","title":{"rendered":"Softbol Nedir ?"},"content":{"rendered":"\n<p>Softbol 9 ki\u015fiden olu\u015fan iki tak\u0131m aras\u0131nda oynanan bir oyundur. Softbol taktik olarak defansa dayal\u0131 bir oyundur. \u015e\u00f6yle ki; bir tak\u0131m atak pozisyonundayken sahada bir vurucu (the batter), kar\u015f\u0131 tak\u0131mda birisi at\u0131c\u0131 (pitcher) geri kalan\u0131 ise kaleci ve d\u0131\u015f saha oyuncular\u0131 olmak \u00fczere 9 ki\u015fi den olu\u015fur. Bu nedenle oyun defansa dayal\u0131d\u0131r.<\/p>\n\n\n\n<p>Oyun defansa dayal\u0131 olmas\u0131na ra\u011fmen oyunda en fazla atak yapan tak\u0131m yani en fazla ko\u015fu yap\u0131p say\u0131 kazanan tak\u0131m oyunu kazan\u0131r.<\/p>\n\n\n\n<p>Softbol\u2019da oyuncu da\u011f\u0131l\u0131m\u0131 nas\u0131ld\u0131r?<\/p>\n\n\n\n<p>Softbol\u2019da iki tak\u0131m oldu\u011funu ve bu tak\u0131mlarda 9 ki\u015fi oldu\u011funu s\u00f6ylemi\u015ftik. Oyunda bir tak\u0131m defans yaparken bir tak\u0131m da atak yapar. Sahada defans yapan tak\u0131mdan 9 ki\u015fi bulunurken, atak yapan tak\u0131mdan sadece bir ki\u015fi bulunur. Atak yapan tak\u0131mda sahada bulunan ki\u015fi vurucu (the batter)\u2019dur.&nbsp;&nbsp;<\/p>\n\n\n\n<p>Defans yapan tak\u0131mda ise 9 ki\u015fi mevcuttur. Defans yapan tak\u0131mda en \u00f6nemli adam at\u0131c\u0131 (pitcher)\u2019d\u0131r. Di\u011fer oyuncular\u0131n da\u011f\u0131l\u0131m\u0131&nbsp; ise a\u015fa\u011f\u0131da ki gibidir. (burada alttaki resme g\u00f6re defans oyuncular\u0131n\u0131 yerleri ve g\u00f6revleri belirtilmi\u015ftir.)<\/p>\n\n\n\n<p>Softbol, Beyzbol&#8217;un kad\u0131nlara y\u00f6nelik olarak geli\u015ftirlen versiyonudur. Top \u00e7ap\u0131 Beyzbol&#8217;a g\u00f6re daha b\u00fcy\u00fckt\u00fcr. Aliminyum ala\u015f\u0131m veya \u00f6zel metal sopa kullan\u0131l\u0131r. Saha \u00f6l\u00e7\u00fcleri biraz farkl\u0131l\u0131k g\u00f6sterir. Slow&nbsp;pitch, Fast&nbsp;pitch gibi farkl\u0131 stilleri olmakla birlikte, son y\u0131llarda erkek ligleri, avrupa ve d\u00fcnya \u015fampiyonlar\u0131da yap\u0131lmaktad\u0131r.<\/p>\n\n\n\n<p>Defans yapan tak\u0131mdaki 9 oyuncu s\u0131ras\u0131yla \u015funlard\u0131r.<\/p>\n\n\n\n<p>1) At\u0131c\u0131<br>2) Tutucu<br>3) Birinci Kaleci<br>4) \u0130kinci Kaleci<br>5) \u00dc\u00e7\u00fcnc\u00fc Kaleci<br>6) D\u00f6rd\u00fcnc\u00fc Kaleci (K\u0131sa mesafe kesici ad\u0131n\u0131 da al\u0131r)<br>7) Sol d\u0131\u015f saha oyuncusu<br>8) Orta d\u0131\u015f saha oyuncusu<br>9) Sa\u011f d\u0131\u015f saha oyuncusu<\/p>\n\n\n\n<p>Softbolsahas\u0131ndaki temel kavramlar.<\/p>\n\n\n\n<p>Bir Softbol sahas\u0131ndaki noktalar temel olarak 4 tanedir.<\/p>\n\n\n\n<p>Bunlar:<br>Home Base<br>1. Base<br>2. Base<br>3. Base<\/p>\n","protected":false},"excerpt":{"rendered":"<p>Softbol 9 ki\u015fiden olu\u015fan iki tak\u0131m aras\u0131nda oynanan bir oyundur. Softbol taktik olarak defansa dayal\u0131 bir oyundur. \u015e\u00f6yle ki; bir<\/p>\n","protected":false},"author":1,"featured_media":965,"parent":0,"menu_order":0,"comment_status":"closed","ping_status":"closed","template":"","meta":{"footnotes":""},"class_list":["post-964","page","type-page","status-publish","has-post-thumbnail","hentry"],"wpmagazine_modules_lite_featured_media_urls":{"thumbnail":["https:\/\/trf.gov.tr\/wp-content\/uploads\/2023\/11\/soft-4-150x150.jpg",150,150,true],"cvmm-medium":["https:\/\/trf.gov.tr\/wp-content\/uploads\/2023\/11\/soft-4.jpg",300,132,false],"cvmm-medium-plus":["https:\/\/trf.gov.tr\/wp-content\/uploads\/2023\/11\/soft-4.jpg",305,134,false],"cvmm-portrait":["https:\/\/trf.gov.tr\/wp-content\/uploads\/2023\/11\/soft-4.jpg",400,175,false],"cvmm-medium-square":["https:\/\/trf.gov.tr\/wp-content\/uploads\/2023\/11\/soft-4.jpg",600,263,false],"cvmm-large":["https:\/\/trf.gov.tr\/wp-content\/uploads\/2023\/11\/soft-4.jpg",1024,449,false],"cvmm-small":["https:\/\/trf.gov.tr\/wp-content\/uploads\/2023\/11\/soft-4.jpg",130,57,false],"full":["https:\/\/trf.gov.tr\/wp-content\/uploads\/2023\/11\/soft-4.jpg",1500,658,false]},"categories_names":null,"comments_number":"0","_links":{"self":[{"href":"https:\/\/trf.gov.tr\/index.php?rest_route=\/wp\/v2\/pages\/964","targetHints":{"allow":["GET"]}}],"collection":[{"href":"https:\/\/trf.gov.tr\/index.php?rest_route=\/wp\/v2\/pages"}],"about":[{"href":"https:\/\/trf.gov.tr\/index.php?rest_route=\/wp\/v2\/types\/page"}],"author":[{"embeddable":true,"href":"https:\/\/trf.gov.tr\/index.php?rest_route=\/wp\/v2\/users\/1"}],"replies":[{"embeddable":true,"href":"https:\/\/trf.gov.tr\/index.php?rest_route=%2Fwp%2Fv2%2Fcomments&post=964"}],"version-history":[{"count":1,"href":"https:\/\/trf.gov.tr\/index.php?rest_route=\/wp\/v2\/pages\/964\/revisions"}],"predecessor-version":[{"id":966,"href":"https:\/\/trf.gov.tr\/index.php?rest_route=\/wp\/v2\/pages\/964\/revisions\/966"}],"wp:featuredmedia":[{"embeddable":true,"href":"https:\/\/trf.gov.tr\/index.php?rest_route=\/wp\/v2\/media\/965"}],"wp:attachment":[{"href":"https:\/\/trf.gov.tr\/index.php?rest_route=%2Fwp%2Fv2%2Fmedia&parent=964"}],"curies":[{"name":"wp","href":"https:\/\/api.w.org\/{rel}","templated":true}]}}