{"id":9886,"date":"2026-02-06T11:10:58","date_gmt":"2026-02-06T08:10:58","guid":{"rendered":"https:\/\/trf.gov.tr\/?page_id=9886"},"modified":"2026-02-06T11:10:58","modified_gmt":"2026-02-06T08:10:58","slug":"stratejik-plan-2026-2030","status":"publish","type":"page","link":"https:\/\/trf.gov.tr\/?page_id=9886","title":{"rendered":"Stratejik Plan 2026-2030"},"content":{"rendered":"\n<p>T\u00fcrkiye Ragbi Federasyonu 2026-2030 Y\u0131l\u0131 Staratejik Plan\u0131<\/p>\n\n\n\n<div class=\"wp-block-file\"><a id=\"wp-block-file--media-eeb1d59b-7350-4c4c-849e-110a32be6ae9\" href=\"https:\/\/trf.gov.tr\/wp-content\/uploads\/2026\/02\/stratejik-plan-2026-2030.pdf\">STRATEJ\u0130K PLAN 2026-2030<\/a><a href=\"https:\/\/trf.gov.tr\/wp-content\/uploads\/2026\/02\/stratejik-plan-2026-2030.pdf\" class=\"wp-block-file__button wp-element-button\" download aria-describedby=\"wp-block-file--media-eeb1d59b-7350-4c4c-849e-110a32be6ae9\">\u0130ndir<\/a><\/div>\n\n\n\n<div class=\"wp-block-file\"><a id=\"wp-block-file--media-10ee5c10-998d-4813-a1e7-103c4fb95f64\" href=\"https:\/\/trf.gov.tr\/wp-content\/uploads\/2026\/02\/turkiye-ragbi-federasyonu-2026.pdf\">T\u00dcRK\u0130YE RAGB\u0130 FEDERASYONU 2026<\/a><a href=\"https:\/\/trf.gov.tr\/wp-content\/uploads\/2026\/02\/turkiye-ragbi-federasyonu-2026.pdf\" class=\"wp-block-file__button wp-element-button\" download aria-describedby=\"wp-block-file--media-10ee5c10-998d-4813-a1e7-103c4fb95f64\">\u0130ndir<\/a><\/div>\n","protected":false},"excerpt":{"rendered":"<p>T\u00fcrkiye Ragbi Federasyonu 2026-2030 Y\u0131l\u0131 Staratejik Plan\u0131<\/p>\n","protected":false},"author":1,"featured_media":9533,"parent":0,"menu_order":0,"comment_status":"closed","ping_status":"closed","template":"","meta":{"footnotes":""},"class_list":["post-9886","page","type-page","status-publish","has-post-thumbnail","hentry"],"wpmagazine_modules_lite_featured_media_urls":{"thumbnail":["https:\/\/trf.gov.tr\/wp-content\/uploads\/2026\/01\/untitled-design.png",150,150,false],"cvmm-medium":["https:\/\/trf.gov.tr\/wp-content\/uploads\/2026\/01\/untitled-design.png",150,150,false],"cvmm-medium-plus":["https:\/\/trf.gov.tr\/wp-content\/uploads\/2026\/01\/untitled-design.png",150,150,false],"cvmm-portrait":["https:\/\/trf.gov.tr\/wp-content\/uploads\/2026\/01\/untitled-design.png",150,150,false],"cvmm-medium-square":["https:\/\/trf.gov.tr\/wp-content\/uploads\/2026\/01\/untitled-design.png",150,150,false],"cvmm-large":["https:\/\/trf.gov.tr\/wp-content\/uploads\/2026\/01\/untitled-design.png",150,150,false],"cvmm-small":["https:\/\/trf.gov.tr\/wp-content\/uploads\/2026\/01\/untitled-design-130x95.png",130,95,true],"full":["https:\/\/trf.gov.tr\/wp-content\/uploads\/2026\/01\/untitled-design.png",150,150,false]},"categories_names":null,"comments_number":"0","_links":{"self":[{"href":"https:\/\/trf.gov.tr\/index.php?rest_route=\/wp\/v2\/pages\/9886","targetHints":{"allow":["GET"]}}],"collection":[{"href":"https:\/\/trf.gov.tr\/index.php?rest_route=\/wp\/v2\/pages"}],"about":[{"href":"https:\/\/trf.gov.tr\/index.php?rest_route=\/wp\/v2\/types\/page"}],"author":[{"embeddable":true,"href":"https:\/\/trf.gov.tr\/index.php?rest_route=\/wp\/v2\/users\/1"}],"replies":[{"embeddable":true,"href":"https:\/\/trf.gov.tr\/index.php?rest_route=%2Fwp%2Fv2%2Fcomments&post=9886"}],"version-history":[{"count":1,"href":"https:\/\/trf.gov.tr\/index.php?rest_route=\/wp\/v2\/pages\/9886\/revisions"}],"predecessor-version":[{"id":9889,"href":"https:\/\/trf.gov.tr\/index.php?rest_route=\/wp\/v2\/pages\/9886\/revisions\/9889"}],"wp:featuredmedia":[{"embeddable":true,"href":"https:\/\/trf.gov.tr\/index.php?rest_route=\/wp\/v2\/media\/9533"}],"wp:attachment":[{"href":"https:\/\/trf.gov.tr\/index.php?rest_route=%2Fwp%2Fv2%2Fmedia&parent=9886"}],"curies":[{"name":"wp","href":"https:\/\/api.w.org\/{rel}","templated":true}]}}