{"id":9996,"date":"2026-02-25T11:48:46","date_gmt":"2026-02-25T08:48:46","guid":{"rendered":"https:\/\/trf.gov.tr\/?page_id=9996"},"modified":"2026-04-07T09:36:58","modified_gmt":"2026-04-07T06:36:58","slug":"kriket-faaliyet-takvimi","status":"publish","type":"page","link":"https:\/\/trf.gov.tr\/?page_id=9996","title":{"rendered":"KR\u0130KET FAAL\u0130YET TAKV\u0130M\u0130"},"content":{"rendered":"\n<div class=\"wp-block-file\"><a id=\"wp-block-file--media-394dfaae-be66-4e33-8266-7d4216cccb54\" href=\"https:\/\/trf.gov.tr\/wp-content\/uploads\/2026\/04\/2026-faaliyet-takvimi-4-2.pdf\">2026 FAAL\u0130YET TAKV\u0130M\u0130 G\u00dcNCELLENM\u0130\u015eT\u0130R<br><\/a><a href=\"https:\/\/trf.gov.tr\/wp-content\/uploads\/2026\/04\/2026-faaliyet-takvimi-4-2.pdf\" class=\"wp-block-file__button wp-element-button\" download aria-describedby=\"wp-block-file--media-394dfaae-be66-4e33-8266-7d4216cccb54\">\u0130ndir<\/a><\/div>\n","protected":false},"excerpt":{"rendered":"","protected":false},"author":1,"featured_media":0,"parent":0,"menu_order":0,"comment_status":"closed","ping_status":"closed","template":"","meta":{"footnotes":""},"class_list":["post-9996","page","type-page","status-publish","hentry"],"wpmagazine_modules_lite_featured_media_urls":{"thumbnail":"","cvmm-medium":"","cvmm-medium-plus":"","cvmm-portrait":"","cvmm-medium-square":"","cvmm-large":"","cvmm-small":"","full":""},"categories_names":null,"comments_number":"0","_links":{"self":[{"href":"https:\/\/trf.gov.tr\/index.php?rest_route=\/wp\/v2\/pages\/9996","targetHints":{"allow":["GET"]}}],"collection":[{"href":"https:\/\/trf.gov.tr\/index.php?rest_route=\/wp\/v2\/pages"}],"about":[{"href":"https:\/\/trf.gov.tr\/index.php?rest_route=\/wp\/v2\/types\/page"}],"author":[{"embeddable":true,"href":"https:\/\/trf.gov.tr\/index.php?rest_route=\/wp\/v2\/users\/1"}],"replies":[{"embeddable":true,"href":"https:\/\/trf.gov.tr\/index.php?rest_route=%2Fwp%2Fv2%2Fcomments&post=9996"}],"version-history":[{"count":4,"href":"https:\/\/trf.gov.tr\/index.php?rest_route=\/wp\/v2\/pages\/9996\/revisions"}],"predecessor-version":[{"id":10224,"href":"https:\/\/trf.gov.tr\/index.php?rest_route=\/wp\/v2\/pages\/9996\/revisions\/10224"}],"wp:attachment":[{"href":"https:\/\/trf.gov.tr\/index.php?rest_route=%2Fwp%2Fv2%2Fmedia&parent=9996"}],"curies":[{"name":"wp","href":"https:\/\/api.w.org\/{rel}","templated":true}]}}